{"id":10,"date":"2022-01-31T10:03:54","date_gmt":"2022-01-31T10:03:54","guid":{"rendered":"https:\/\/st.jacob.peberholm.dk\/?page_id=10"},"modified":"2022-01-31T10:03:54","modified_gmt":"2022-01-31T10:03:54","slug":"hellige-steder","status":"publish","type":"page","link":"https:\/\/st.jacob.peberholm.dk\/?page_id=10","title":{"rendered":"Hellige Steder"},"content":{"rendered":"\n<p>Hverken underne i Fatima, Garabandal eller Medjugorje er noget som katolikker er forpligtet til at tro p\u00e5. Man er absolut lige s\u00e5 god en katolik foruden. Kirken ser dog ikke noget forkert i, at de troende s\u00f8ger og f\u00e5r inspiration til deres trosliv disse steder, s\u00e5l\u00e6nge der ikke siges og sker ting, der er i modstrid med evangelierne i Biblen eller den katolske kirkes trosl\u00e6re, og s\u00e5 l\u00e6nge at frugterne af \u00e5benbaringerne er gode. Det er altid godt og trygt at s\u00f8ge inspiration og tr\u00f8st hos Jomfru Maria, der som det f\u00f8rste menneske helt uden forbehold sagde &#8220;ja&#8221; til Gud og ved Hellig\u00e5nden undfangede og f\u00f8dte Guds S\u00f8n, Jesus Kristus. Da Kristus er Gud selv f\u00f8dt som menneske, er Maria s\u00e5 at sige Guds Mor, og dermed vores allesammens mor. Hvis man har noget p\u00e5 hjerte, hvem kan man s\u00e5 bedre g\u00e5 til end sin mor?<\/p>\n\n\n\n<div class=\"wp-block-image\"><figure class=\"aligncenter size-full\"><img loading=\"lazy\" decoding=\"async\" width=\"359\" height=\"500\" src=\"https:\/\/st.jacob.peberholm.dk\/wp-content\/uploads\/2022\/01\/IMG1685JomfruMaria.jpg\" alt=\"\" class=\"wp-image-8\" srcset=\"https:\/\/st.jacob.peberholm.dk\/wp-content\/uploads\/2022\/01\/IMG1685JomfruMaria.jpg 359w, https:\/\/st.jacob.peberholm.dk\/wp-content\/uploads\/2022\/01\/IMG1685JomfruMaria-215x300.jpg 215w\" sizes=\"auto, (max-width: 359px) 100vw, 359px\" \/><\/figure><\/div>\n\n\n\n<p class=\"has-text-align-center\">Apostlenes Gerninger 13. v41:<\/p>\n\n\n\n<p class=\"has-text-align-center\">&#8220;Se jer om, I som er fulde af foragt!<br>I skal blive stumme af undren og g\u00e5 til grunde,<br>for jeg udf\u00f8rer en gerning i jeres dage,<br>en gerning, som I ikke ville tro,<br>hvis nogen fortalte jer om den.&#8221;<\/p>\n","protected":false},"excerpt":{"rendered":"<p>Hverken underne i Fatima, Garabandal eller Medjugorje er noget som katolikker er forpligtet til at tro p\u00e5. Man er absolut lige s\u00e5 god en katolik foruden. Kirken ser dog ikke noget forkert i, at de troende s\u00f8ger og f\u00e5r inspiration til deres trosliv disse steder, s\u00e5l\u00e6nge der ikke siges og sker ting, der er i &hellip;<\/p>\n","protected":false},"author":1,"featured_media":0,"parent":0,"menu_order":0,"comment_status":"closed","ping_status":"closed","template":"","meta":{"footnotes":""},"class_list":["post-10","page","type-page","status-publish","hentry"],"_links":{"self":[{"href":"https:\/\/st.jacob.peberholm.dk\/index.php?rest_route=\/wp\/v2\/pages\/10","targetHints":{"allow":["GET"]}}],"collection":[{"href":"https:\/\/st.jacob.peberholm.dk\/index.php?rest_route=\/wp\/v2\/pages"}],"about":[{"href":"https:\/\/st.jacob.peberholm.dk\/index.php?rest_route=\/wp\/v2\/types\/page"}],"author":[{"embeddable":true,"href":"https:\/\/st.jacob.peberholm.dk\/index.php?rest_route=\/wp\/v2\/users\/1"}],"replies":[{"embeddable":true,"href":"https:\/\/st.jacob.peberholm.dk\/index.php?rest_route=%2Fwp%2Fv2%2Fcomments&post=10"}],"version-history":[{"count":1,"href":"https:\/\/st.jacob.peberholm.dk\/index.php?rest_route=\/wp\/v2\/pages\/10\/revisions"}],"predecessor-version":[{"id":23,"href":"https:\/\/st.jacob.peberholm.dk\/index.php?rest_route=\/wp\/v2\/pages\/10\/revisions\/23"}],"wp:attachment":[{"href":"https:\/\/st.jacob.peberholm.dk\/index.php?rest_route=%2Fwp%2Fv2%2Fmedia&parent=10"}],"curies":[{"name":"wp","href":"https:\/\/api.w.org\/{rel}","templated":true}]}}