{"id":13,"date":"2022-01-31T09:53:28","date_gmt":"2022-01-31T09:53:28","guid":{"rendered":"https:\/\/st.jacob.peberholm.dk\/?page_id=13"},"modified":"2024-03-27T16:52:39","modified_gmt":"2024-03-27T15:52:39","slug":"garabandal","status":"publish","type":"page","link":"https:\/\/st.jacob.peberholm.dk\/?page_id=13","title":{"rendered":"Garabandal"},"content":{"rendered":"\n<p><a href=\"#garabandal-bes\u00f8gfrahimlen\">Bes\u00f8g fra Himlen<\/a><\/p>\n\n\n\n<p id=\"garabandal-budskaber\"><a href=\"#garabandal-budskaber\">De to budskaber<\/a><\/p>\n\n\n\n<p id=\"garabandal-straffen\"><a href=\"#garabandal-straffen\">Straffen<\/a><\/p>\n\n\n\n<p id=\"garabandal-livihellighed\"><a href=\"#garabandal-livihellighed\">Et liv i hellighed<\/a><\/p>\n\n\n\n<p><strong>Garabandal, Spanien:<\/strong><\/p>\n\n\n\n<p>San Sebastian de Garabandal er en lille landsby, der ligger afsides i bjergene mellem Santander, Oviedo and Leon i det nordlige Spanien. Garabandal er en fattig, men st\u00e6rkt troende landsby, hvor der dagligt gik en kvinde rundt med en klokke, for at minde indbyggerne om, at de skulle huske at bede for de afd\u00f8de. I denne lille landsby viste f\u00f8rst \u00e6rkeenglen Skt. Mikael sig for fire sm\u00e5 piger i alderen 11 og 12 \u00e5r, for at forberede dem p\u00e5, at Jomfru Maria ville vise sig. Jomfru Maria viste sig for pigerne over 2000 gange i perioden mellem 2. juli 1961 og 13. november 1965. Jomfru Maria viste sig f\u00f8rst for pigerne i pinjelunden over byen, og den ene gang havde hun den sp\u00e6de Jesus med p\u00e5 armen.<br><br><strong><a href=\"#garabandal-bes\u00f8gfrahimlen\">Bes\u00f8g fra himlen:<\/a><\/strong><br>Pigerne modtog flere gange den hellige kommunion af Skt. Michael, den ene gang endda synligt for tilskuerne. Under bes\u00f8gene fra Himlen gik pigerne i ekstase og var ikke til at kontakte for de omkringst\u00e5ende. Pigerne kunne af og til ogs\u00e5 i ekstasisk l\u00f8b i stor hast l\u00f8be forl\u00e6ngs eller bagl\u00e6ns opad de stejle klipper til pinjelunden over byen eller gennem landsbyen, samtidig med at de bad eller holdt et krucifiks, som omkringst\u00e5ende kunne kysse. Udover at tale med pigerne, gav Jomfru Maria dem en r\u00e6kke bel\u00e6ringer og kom med to budskaber til verden, det f\u00f8rste genfortalt af den ene af pigerne, Conchita:<br><br><strong><a href=\"http:\/\/garabandal-budskaber\">De to budskaber:<\/a><\/strong><br>&#8220;Vi m\u00e5 yde mange ofre, udf\u00f8re mange bodsgerninger, og bes\u00f8ge Det Hellige Sakramente ofte. Men f\u00f8rst og fremmest skal vi leve et fromt liv. Hvis vi ikke g\u00f8r det, vil vi blive straffet. B\u00e6geret er ved at blive fyldt op, og hvis vi ikke \u00e6ndrer os, vil en meget stor straf komme over os.&#8221;<\/p>\n\n\n\n<p id=\"livihellighed\">I andet budskab siger Jomfru Maria: &#8220;Da mit budskab fra den 18. oktober ikke er blevet efterkommet og ikke er blevet gjort kendt for verden, meddeler jeg, at dette er mit sidste budskab. F\u00f8r var b\u00e6geret ved at blive fyldt op, nu flyder det over. Mange kardinaler, mange biskopper og mange pr\u00e6ster er p\u00e5 vej til fortabelse og tager mange sj\u00e6le med sig. Eukaristien till\u00e6gges mindre og mindre betydning. I burde vende Guds vrede fra jer ved jeres egen hj\u00e6lp. Hvis I beder om Hans tilgivelse med oprigtigt hjerte, vil Han tilgive jer. Jeg, jeres mor, beder jer med \u00e6rkeenglen Skt. Michaels hj\u00e6lp om, at I \u00e6ndrer jeres liv. I modtager nu sidste advarsel. Jeg elsker jer meget h\u00f8jt og \u00f8nsker ikke at I bliver ford\u00f8mt. Bed til Os med oprigtighed og Vi vil efterkomme jeres b\u00f8nner. I burde yde flere ofre. T\u00e6nk p\u00e5 Jesu lidelse!&#8221; Jomfru Maria l\u00f8ftede ogs\u00e5 sl\u00f8ret for fremtidige begivenheder og f\u00f8lger, af verdens manglende omvendelse:<br><br><strong>Pr\u00f8velser:<\/strong><br>Kirken og de troende vil komme ud for store pr\u00f8velser. Kirken, pr\u00e6sterne og de troende vil blive nedgjort og forfulgt. Det vil blive meget sv\u00e6rt eller helt umuligt at komme til messe og modtage kommunionen. Der vil herske stor forvirring blandt de troende. Det vil n\u00e6sten komme til at synes som om, at Kirken er forsvundet.<br><br><strong>Advarslen:<\/strong><br>N\u00e5r forvirringen er st\u00f8rst vil der komme et overnaturligt tegn p\u00e5 himlen, som ikke kan forklares af videnskaben. Det vil v\u00e6re optakten til advarslen fra Gud. Advarslen vil lige som straffen v\u00e6re pinefuld for b\u00e5de gode og onde. Den vil v\u00e6re som en \u00e5benbaring af vore synder, og vi vil se og forst\u00e5 virkningen af b\u00e5de de d\u00e5rlige ting vi har gjort og de gode ting vi har undladt at g\u00f8re. Den vil blive f\u00f8lt og set af troende s\u00e5vel som ikke-troende, og alle vil forst\u00e5 at den kommer direkte fra Gud. Advarslen vil v\u00e6re som en stor renselse f\u00f8r miraklet, og de, som ikke giver helt op og d\u00f8r af skr\u00e6k eller fortvivlelse, vil drage stor gl\u00e6de af advarslen og omvende sig.<br><br><strong>Miraklet:<\/strong><br>Seeren Conchita vil annoncere miraklet 8 dage f\u00f8r det sker. Det vil ske en torsdag kl. 20.30 et sted mellem den 8. og 16. marts, april eller maj. Det vil ske i forbindelse med en stor kirkelig begivenhed. Det vil ske p\u00e5 en festdag for en ung martyr. Det vil vare et kvarter. Det vil kunne ses p\u00e5 himlen. Alle i landsbyen og i bjergene omkring den vil se det. Tilstedev\u00e6rende syge vil blive helbredt og syndere omvendt og ikke troende vil komme til tro. Herefter vil et overnaturligt permanent tegn komme til syne ved pinjelunden. Det vil v\u00e6re muligt at filme det og tage billeder af det men ikke at r\u00f8re det. Som et resultat af tegnet vil Rusland og andre lande blive omvendt, hvilket Conhita i dag h\u00e6vder ikke er sket endnu.<br><br><strong><a href=\"#garabandal-straffen\">Straffen:<\/a><\/strong><br>Som i Fatima kom Jomfru Maria med en advarsel om en straf, hvis vi ikke \u00e6ndrer vores liv. Straffen vil komme direkte fra Gud og ber\u00f8re hele menneskeheden, og vil komme et par m\u00e5neder efter miraklet. Hvad ang\u00e5r \u00f8del\u00e6ggelsen og tab af menneskeliv vil straffen trodse enhver forestilling og beskrivelse. Seerne fik to n\u00e6tter et indblik i straffens natur, og n\u00e6tterne omtales stadig som skrigenes n\u00e6tter. Skrigene kunne h\u00f8res over hele landsbyen og samtlige indbyggere str\u00f8mmede til kirken for at bede. En del af straffen omtales som de tre d\u00f8gns m\u00f8rke. Straffen kan dog formildes, hvis vi omvender os; men intet tyder desv\u00e6rre p\u00e5m at dette sker. Siden Garabandal er moralbegreberne i verden blevet mere sv\u00e6kket og frisindet. Abort er blevet dagligdag og d\u00f8dshj\u00e6lp diskuteres i flere lande. Straffen vil ikke v\u00e6re verdens ende, men tidernes ende.<br><br><strong><a href=\"http:\/\/garabandal-livihellighed\">Et liv i hellighed:<\/a><\/strong><br>Jomfru Maria pointerede over for pigerne, at vi skal leve et helligt liv, i overensstemmelse med det Gud har planlagt for os. Vi skal bl.a. leve beskedent. Vi skal bede og lytte med hjertet. N\u00e5r vi beder, skal vi t\u00e6nke over det vi siger i b\u00f8nnen, da det er en samtale med Gud, frem for bare at sige en masse halvhjertede b\u00f8nner. Vi skal g\u00e5 til skrifte og g\u00f8re bod. Vi skal l\u00e6gge st\u00f8rre v\u00e6gt p\u00e5 kommunionen og Det Hellige Sakramente og vi skal bede for pr\u00e6sterne og st\u00f8tte dem.<\/p>\n\n\n<div class=\"wp-block-image\">\n<figure class=\"aligncenter size-large\"><img loading=\"lazy\" decoding=\"async\" width=\"1024\" height=\"768\" src=\"https:\/\/st.jacob.peberholm.dk\/wp-content\/uploads\/2022\/01\/IMG3107-1024x768.jpg\" alt=\"\" class=\"wp-image-15\" srcset=\"https:\/\/st.jacob.peberholm.dk\/wp-content\/uploads\/2022\/01\/IMG3107-1024x768.jpg 1024w, https:\/\/st.jacob.peberholm.dk\/wp-content\/uploads\/2022\/01\/IMG3107-300x225.jpg 300w, https:\/\/st.jacob.peberholm.dk\/wp-content\/uploads\/2022\/01\/IMG3107-768x576.jpg 768w, https:\/\/st.jacob.peberholm.dk\/wp-content\/uploads\/2022\/01\/IMG3107-1536x1152.jpg 1536w, https:\/\/st.jacob.peberholm.dk\/wp-content\/uploads\/2022\/01\/IMG3107-2048x1536.jpg 2048w\" sizes=\"auto, (max-width: 1024px) 100vw, 1024px\" \/><figcaption class=\"wp-element-caption\">Garabandal, Pinjelunden<\/figcaption><\/figure>\n<\/div>","protected":false},"excerpt":{"rendered":"<p>Bes\u00f8g fra Himlen De to budskaber Straffen Et liv i hellighed Garabandal, Spanien: San Sebastian de Garabandal er en lille landsby, der ligger afsides i bjergene mellem Santander, Oviedo and Leon i det nordlige Spanien. Garabandal er en fattig, men st\u00e6rkt troende landsby, hvor der dagligt gik en kvinde rundt med en klokke, for at &hellip;<\/p>\n","protected":false},"author":1,"featured_media":0,"parent":0,"menu_order":0,"comment_status":"closed","ping_status":"closed","template":"","meta":{"footnotes":""},"class_list":["post-13","page","type-page","status-publish","hentry"],"_links":{"self":[{"href":"https:\/\/st.jacob.peberholm.dk\/index.php?rest_route=\/wp\/v2\/pages\/13","targetHints":{"allow":["GET"]}}],"collection":[{"href":"https:\/\/st.jacob.peberholm.dk\/index.php?rest_route=\/wp\/v2\/pages"}],"about":[{"href":"https:\/\/st.jacob.peberholm.dk\/index.php?rest_route=\/wp\/v2\/types\/page"}],"author":[{"embeddable":true,"href":"https:\/\/st.jacob.peberholm.dk\/index.php?rest_route=\/wp\/v2\/users\/1"}],"replies":[{"embeddable":true,"href":"https:\/\/st.jacob.peberholm.dk\/index.php?rest_route=%2Fwp%2Fv2%2Fcomments&post=13"}],"version-history":[{"count":28,"href":"https:\/\/st.jacob.peberholm.dk\/index.php?rest_route=\/wp\/v2\/pages\/13\/revisions"}],"predecessor-version":[{"id":277,"href":"https:\/\/st.jacob.peberholm.dk\/index.php?rest_route=\/wp\/v2\/pages\/13\/revisions\/277"}],"wp:attachment":[{"href":"https:\/\/st.jacob.peberholm.dk\/index.php?rest_route=%2Fwp%2Fv2%2Fmedia&parent=13"}],"curies":[{"name":"wp","href":"https:\/\/api.w.org\/{rel}","templated":true}]}}