{"id":191,"date":"2023-03-07T21:43:07","date_gmt":"2023-03-07T20:43:07","guid":{"rendered":"https:\/\/st.jacob.peberholm.dk\/?page_id=191"},"modified":"2024-01-24T11:31:24","modified_gmt":"2024-01-24T10:31:24","slug":"budskaber-medjugorje-2022","status":"publish","type":"page","link":"https:\/\/st.jacob.peberholm.dk\/?page_id=191","title":{"rendered":"Budskaber Medjugorje, 2022"},"content":{"rendered":"<div class=\"wrap\">\n<div id=\"primary\" class=\"content-area\">\n<h2><strong>Budskaber Medjugorje, 2022<\/strong><\/h2>\n<article id=\"post-291\" class=\"post-291 page type-page status-publish hentry\">\n<div class=\"entry-content\">\n<p><strong>Budskab til Marija d. 25. december 2022<\/strong><\/p>\n<p>\u201cK\u00e6re b\u00f8rn! I dag bringer jeg min S\u00f8n Jesus til jer, s\u00e5 at I kan v\u00e6re Hans fred og afspejle Himlens klarhed og gl\u00e6de. Bed, sm\u00e5 b\u00f8rn, om at I m\u00e5 v\u00e6re \u00e5bne for at modtage freden, da mange hjerter er lukkede for det lysets kald, der forandrer hjerterne. Jeg er med jer og beder, at I m\u00e5 \u00e5bne jer selv, for at modtage Fredens Konge, der fylder jeres hjerter med varme og velsignelse. Tak, fordi I har svaret p\u00e5 mit kald.\u201d<\/p>\n<p><strong>Budskab til Marija d. 25. november 2022<\/strong><\/p>\n<p>\u201cK\u00e6re b\u00f8rn, Den H\u00f8jeste har sendt mig til jer, for at l\u00e6re jer at bede. B\u00f8n \u00e5bner hjertet og giver h\u00e5b, og tro bliver f\u00f8des og styrkes. Sm\u00e5 b\u00f8rn, med k\u00e6rlighed kalder jeg jer: vend tilbage til Gud, for Gud er k\u00e6rlighed og jeres h\u00e5b. I har ingen fremtid, hvis I ikke beslutter jer for Gud; og derfor er jeg hos jer, s\u00e5 I v\u00e6lger omvendelsen og livet, og ikke d\u00f8den. Tak, fordi I har svaret p\u00e5 mit kald.\u201d<\/p>\n<p><strong>Budskab til Marija d. 25. oktober 2022<\/strong><\/p>\n<p>\u201cK\u00e6re b\u00f8rn! Den H\u00f8jeste tillader mig at v\u00e6re hos jer og v\u00e6re jeres gl\u00e6de og vejen til h\u00e5b, fordi menneskesl\u00e6gten har besluttet sig for d\u00f8den. Derfor sender han mig, for at blive ved med at indprente jer, at uden Gud har I ingen fremtid. Sm\u00e5 b\u00f8rn, v\u00e6r k\u00e6rlighedens redskab for alle dem, som ikke har l\u00e6rt Guds k\u00e6rlighed at kende. B\u00e6r med gl\u00e6de vidnesbyrd om jeres tro, og tab ikke h\u00e5bet p\u00e5 at menneskehjertet vil omvende sig. Jeg er hos jer, og giver jer min moderlige velsignelse. Tak, fordi I har svaret p\u00e5 mit kald.\u201d<\/p>\n<p><strong>Budskab til Marija d. 25. september 2022<\/strong><\/p>\n<p>\u201cK\u00e6re b\u00f8rn! Bed om at Hellig\u00e5nden m\u00e5 oplyse jer, s\u00e5 I med gl\u00e6de m\u00e5 s\u00f8ge Gud og vidne om Sin gr\u00e6nsel\u00f8se k\u00e6rlighed. Jeg er med jer, sm\u00e5 b\u00f8rn, og p\u00e5 ny kalder jeg jer alle: v\u00e6r modige og bring vidnesbyrd om de gode gerninger Gud g\u00f8r i jer og gennem jer. Gl\u00e6d jer i Gud, og g\u00f8r godt imod jeres n\u00e6ste, s\u00e5 vil det v\u00e6re godt for jer at v\u00e6re p\u00e5 jorden, og bed for freden, som er truet fordi satan \u00f8nsker krig og ufred. Tak, fordi I har svaret p\u00e5 mit kald.\u201d<\/p>\n<p><strong>Budskab til Marija d. 25. august 2022<\/strong><\/p>\n<p>\u201cK\u00e6re b\u00f8rn! Gud tillader mig at v\u00e6re hos jer og lede jer ad vejen til fred, s\u00e5 at I gennem personlig fred kan opbygge fred i verden. Jeg er hos jer og g\u00e5r i forb\u00f8n for jer hos min S\u00f8n Jesus, s\u00e5 at han kan give jer en st\u00e6rk tro og et h\u00e5b om en bedre fremtid, som jeg \u00f8nsker at opbygge sammen med jer. Fat mod og v\u00e6r ikke bange, for Gud er med jer. Tak, fordi I har svaret p\u00e5 mit kald.\u201d<\/p>\n<p><strong>Budskab til Marija d. 25. juli 2022<\/strong><\/p>\n<p>\u201cK\u00e6re b\u00f8rn! Jeg er hos jer, for at lede jer ad vejen til omvendelse, for at I, sm\u00e5 b\u00f8rn, med jeres liv kan drage mange sj\u00e6le n\u00e6rmere til min S\u00f8n. V\u00e6r I gl\u00e6desfyldte vidner om Guds ord og k\u00e6rlighed, og fulde af h\u00e5b i jeres hjerter, der overvinder alt ondt. Tilgiv dem, der volder jer ondt, og g\u00e5 ad vejen mod hellighed. Jeg f\u00f8rer jer til min S\u00f8n, s\u00e5 at Han kan v\u00e6re vejen, sandheden og livet for jer. Tak, fordi I har svaret p\u00e5 mit kald.\u201d<\/p>\n<p><strong>Budskab til Marija d. 25. juni 2022<\/strong><\/p>\n<p>\u201cK\u00e6re b\u00f8rn\u201d Jeg gl\u00e6der mig sammen med jer og takker jer for hvert offer og b\u00f8n, som I har bragt for mine intentioner. Sm\u00e5 b\u00f8rn, glem ikke at I er vigtige i min plan for menneskesl\u00e6gtens frelse. Vend tilbage til Gud og til b\u00f8nnen, s\u00e5 at Hellig\u00e5nden kan arbejde i jer og gennem jer. Sm\u00e5 b\u00f8rn, jeg er hos jer, ogs\u00e5 i denne tid, hvor satan sl\u00e5s for krig og had. Splittelsen er st\u00e6rk og ondskaben arbejder i mennesket, som aldrig f\u00f8r. Tak, fordi I har svaret p\u00e5 mit kald!\u201d<\/p>\n<p><strong>Budskab til Marija d. 25. maj 2022:<\/strong><\/p>\n<p>\u201cK\u00e6re b\u00f8rn! Jeg ser p\u00e5 jer og takker Gud hvor hver og en af jer. Han tillader mig, stadig at v\u00e6re hos jer, for at opmuntre jer til hellighed. Sm\u00e5 b\u00f8rn, freden forstyrres og satan \u00f8nsker ufred. M\u00e5tte jeres b\u00f8nner derfor blive endnu st\u00e6rkere, s\u00e5 enhver uren \u00e5nd af splittelse og krig m\u00e5 blive gjort tavs. V\u00e6r fredsskabere og budbringere om Den Opstandnes gl\u00e6de i jer og omkring jer, s\u00e5 at det gode m\u00e5 sejre i hvert enkelt menneske. Tak, fordi I svaret p\u00e5 mit kald.\u201d<\/p>\n<p><strong>Budskab til Marija d. 25. april 2022:<\/strong><\/p>\n<p>\u201cK\u00e6re b\u00f8rn! Jeg ser p\u00e5 jer og jeg ser at I er fortabte. Derfor kalder jeg jer alle: vend tilbage til Gud, vend tilbage til b\u00f8n \u2013 og Hellig\u00e5nden vil fylde jer med Sin k\u00e6rlighed som giver gl\u00e6de i hjertet. H\u00e5bet vil vokse i jer ogs\u00e5 for en bedre fremtid, og I vil blive glade vidner om Guds Barmhjertighed i jer og omkring jer. Tak, fordi I har svaret p\u00e5 mig kald.\u201d<\/p>\n<p><strong>Budskab til Marija d. 25. marts 2022:<\/strong><\/p>\n<p>\u201cK\u00e6re b\u00f8rn! Jeg h\u00f8rer jeres r\u00e5b og jeres b\u00f8nner om fred. Satan har i \u00e5revis k\u00e6mpet for krig. Derfor har Gud sendt mig til jer, for at f\u00f8re jer p\u00e5 hellighedens vej, for menneskeheden st\u00e5r ved en skillevej. Jeg opfordrer jer til at vende tilbage til Gud og Hans bud, s\u00e5 at det kan g\u00e5 jer godt p\u00e5 jorden og I kan komme ud af denne krise, som I er kommet ind i, fordi I ikke har lyttet til Gud, som elsker jer og vil frelse jer og f\u00f8re jer til et nyt liv. Tak, fordi I har svaret p\u00e5 mit kald!\u201d<\/p>\n<p>&nbsp;<\/p>\n<p><strong>Budskab til Mirjana d. 18 marts 2022:<\/strong><\/p>\n<p>\u201cK\u00e6re b\u00f8rn! Med moderlig k\u00e6rlighed kalder jeg jer, til \u2013 fuld af styrke, tro og tillid \u2013 at se hen imod min S\u00f8n. Bliv\u00a0ved med at \u00e5bne jeres hjerte for Ham og v\u00e6r ikke bange, for min S\u00f8n er Verdens Lys, og i Ham er der fred og h\u00e5b. Det er derfor jeg igen og igen kalder jer til at bede for de af mine b\u00f8rn, som endnu ikke har l\u00e6rt min S\u00f8ns k\u00e6rlighed at kende. S\u00e5 at min S\u00f8n, med Sin k\u00e6rligheds lys og h\u00e5b, kan oplyse ogs\u00e5 deres hjerter; og at Han m\u00e5 styrke jer, mine b\u00f8rn, og give jer fred og h\u00e5b. Jeg er hos jer. Tak!\u201d<\/p>\n<p><strong>Budskab til Marija d. 25. februar 2022:<\/strong><\/p>\n<p>\u201cK\u00e6re b\u00f8rn! Jeg er med jer og vi beder sammen. Hj\u00e6lp mig, med jeres b\u00f8nner, sm\u00e5 b\u00f8rn. s\u00e5 satan ikke kan sejre. Hans magt af d\u00f8d, had og frygt har bes\u00f8gt jorden. Derfor, sm\u00e5 b\u00f8rn, vend tilbage til Gud og til b\u00f8n, til faste og afkald, og til alle dem som er undertrykte, fattige og ikke har nogen stemme i denne verden uden Gud. Sm\u00e5 b\u00f8rn, hvis I ikke vender tilbage til Gud og hans bud, har I ingen fremtid. Derfor har Han sendt mig, for at vejlede jer. Tak, fordi I har svaret p\u00e5 mit kald.\u201d<\/p>\n<p><strong>Budskab til Marija d. 25. januar 2022:<\/strong><\/p>\n<p>\u201cK\u00e6re B\u00f8rn! I dag kalder jeg jer, til at vende tilbage til den personlige b\u00f8n. Sm\u00e5 b\u00f8rn, glem ikke at satan er st\u00e6rk, og at han \u00f8nsker at drage endnu flere sj\u00e6le til sig. Det er derfor, I skal v\u00e6re p\u00e5 vagt og resolutte i at g\u00f8re gode gerninger. Jeg er med jer og velsigner jer alle med min moderlige velsignelse. Tak, fordi I har svaret p\u00e5 mit kald!\u201d<\/p>\n<p>&nbsp;<\/p>\n<\/div>\n<\/article>\n<p>&nbsp;<\/p>\n<\/div>\n<\/div>\n","protected":false},"excerpt":{"rendered":"<p>Budskaber Medjugorje, 2022 Budskab til Marija d. 25. december 2022 \u201cK\u00e6re b\u00f8rn! I dag bringer jeg min S\u00f8n Jesus til jer, s\u00e5 at I kan v\u00e6re Hans fred og afspejle Himlens klarhed og gl\u00e6de. Bed, sm\u00e5 b\u00f8rn, om at I m\u00e5 v\u00e6re \u00e5bne for at modtage freden, da mange hjerter er lukkede for det lysets &hellip;<\/p>\n","protected":false},"author":1,"featured_media":0,"parent":0,"menu_order":0,"comment_status":"closed","ping_status":"closed","template":"","meta":{"footnotes":""},"class_list":["post-191","page","type-page","status-publish","hentry"],"_links":{"self":[{"href":"https:\/\/st.jacob.peberholm.dk\/index.php?rest_route=\/wp\/v2\/pages\/191","targetHints":{"allow":["GET"]}}],"collection":[{"href":"https:\/\/st.jacob.peberholm.dk\/index.php?rest_route=\/wp\/v2\/pages"}],"about":[{"href":"https:\/\/st.jacob.peberholm.dk\/index.php?rest_route=\/wp\/v2\/types\/page"}],"author":[{"embeddable":true,"href":"https:\/\/st.jacob.peberholm.dk\/index.php?rest_route=\/wp\/v2\/users\/1"}],"replies":[{"embeddable":true,"href":"https:\/\/st.jacob.peberholm.dk\/index.php?rest_route=%2Fwp%2Fv2%2Fcomments&post=191"}],"version-history":[{"count":3,"href":"https:\/\/st.jacob.peberholm.dk\/index.php?rest_route=\/wp\/v2\/pages\/191\/revisions"}],"predecessor-version":[{"id":234,"href":"https:\/\/st.jacob.peberholm.dk\/index.php?rest_route=\/wp\/v2\/pages\/191\/revisions\/234"}],"wp:attachment":[{"href":"https:\/\/st.jacob.peberholm.dk\/index.php?rest_route=%2Fwp%2Fv2%2Fmedia&parent=191"}],"curies":[{"name":"wp","href":"https:\/\/api.w.org\/{rel}","templated":true}]}}