{"id":195,"date":"2023-03-12T17:48:10","date_gmt":"2023-03-12T16:48:10","guid":{"rendered":"https:\/\/st.jacob.peberholm.dk\/?page_id=195"},"modified":"2024-01-24T11:28:44","modified_gmt":"2024-01-24T10:28:44","slug":"budskaber-medjugorje-2014","status":"publish","type":"page","link":"https:\/\/st.jacob.peberholm.dk\/?page_id=195","title":{"rendered":"Budskaber Medjugorje, 2014"},"content":{"rendered":"<div id=\"content\" class=\"site-content\">\n<div class=\"wrap\">\n<div id=\"primary\" class=\"content-area\">\n<h2><strong>Budskaber Medjugorje, 2014<\/strong><\/h2>\n<article id=\"post-55\" class=\"post-55 page type-page status-publish hentry\">\n<div class=\"entry-content\">\n<p><strong>Julebudskab til Marija d. 25. december 2014:<\/strong><\/p>\n<p>\u201cMine k\u00e6re b\u00f8rn! Atter i dag b\u00e6rer jeg min elskede S\u00f8n Jesus til jer i mine arme, og jeg nedbeder fra Ham freden over jer og mellem jer. Bed, og tilbed min S\u00f8n, s\u00e5 at Hans fred og gl\u00e6de kan udgydes i jeres hjerte. Jeg beder for jer, for at I kan \u00e5bne jer endnu mere for b\u00f8nnen. Tak, fordi I har svaret p\u00e5 mit kald!\u201d<\/p>\n<p><strong>Budskab til Mirjana d. 2 december 2014:<\/strong><\/p>\n<p>\u201cK\u00e6re b\u00f8rn! Husk, for jeg siger Jer det, at k\u00e6rligheden vil sejre. Jeg ved, at mange af jer er ved at miste h\u00e5bet for rundt omkring jer ser I lidelse, smerte, jalousi, misundelse; men jeg er jeres moder. Jeg er i det Himmelske Kongerige men er ogs\u00e5 her hos jer. Min S\u00f8n sender mig p\u00e5 ny, for at hj\u00e6lpe jer. Mist ikke h\u00e5bet; i stedet, f\u00f8lg mig, for mit hjertes sejr er i Guds navn. Min elskede S\u00f8n t\u00e6nker p\u00e5 jer, som Han altid har t\u00e6nkt p\u00e5 jer. Tro Ham, og lev Ham. Han er verdens liv. Mine b\u00f8rn, at leve min S\u00f8n betyder at leve Evangeliet. Det er ikke let. Det betyder k\u00e6rlighed, tilgivelse og opofrelse. Det renser, og \u00e5bner det Himmelske Kongerige. Oprigtig b\u00f8n, som ikke kun er med ord, men hvor hjertet taler, vil hj\u00e6lpe jer. P\u00e5 samme m\u00e5de med faste, da den er endnu mere k\u00e6rlighed, tilgivelse og opofrelse. Derfor, mist ikke h\u00e5bet, men f\u00f8lg mig. Jeg b\u00f8nfalder jer p\u00e5 ny om at bede for jeres hyrder, s\u00e5 at de altid ser min S\u00f8n, som var verdens f\u00f8rste Hyrde, og hvis familie er hele verden. Tak!\u201d<\/p>\n<p><strong>Budskab til Marija d. 25. november 2014:<\/strong><\/p>\n<p>Mine k\u00e6re b\u00f8rn! P\u00e5 en s\u00e6rlig m\u00e5de opfordrer jeg jer igen i dag til b\u00f8n. Bed, mine b\u00f8rn, s\u00e5 I kan begribe hvem I er, og hvorhen I skal g\u00e5. I skal v\u00e6re det glade budskabs b\u00e6rere og mennesker fulde af h\u00e5b. I skal v\u00e6re k\u00e6rlighed for alle dem, der er uden k\u00e6rlighed. Mine k\u00e6re b\u00f8rn, I vil kun virkeligg\u00f8re alt det I er eller kan hvis I beder og er \u00e5bne for Guds vilje. Den Gud, der vil f\u00f8re jer til det evige liv. Jeg er med jer og beder for jer hver dag hos min S\u00f8n Jesus Kristus. Tak, fordi I har svaret p\u00e5 mit kald!\u201d<\/p>\n<p><strong>Budskab til Mirjana d. 2. november 2014:<\/strong><br \/>\n\u201cK\u00e6re b\u00f8rn. Jeg er hos jer med min S\u00f8ns velsignelse, I som elsker mig og str\u00e6ber efter at f\u00f8lge mig. Jeg \u00f8nsker ogs\u00e5 at v\u00e6re hos de af jer, der ikke accepterer mig. For jer alle \u00e5bner jeg mit hjerte fuldt af k\u00e6rlighed, og velsigner jer alle med mine moderlige h\u00e6nder. Jeg er jeres moder, der forst\u00e5r jer. Jeg levede jeres liv og gennemlevede jeres lidelse og gl\u00e6de. I, som lever i smerte, forst\u00e5r min smerte og lidelse over de af mine b\u00f8rn, der ikke tillader min S\u00f8ns lys at skinne p\u00e5 sig, de af mine b\u00f8rn der lever i m\u00f8rke. Derfor har jeg brug for jer, I som er oplyst af Lyset og som har forst\u00e5et sandheden. Jeg kalder jer til at tilbede min S\u00f8n, s\u00e5 jeres sj\u00e6l m\u00e5 vokse og n\u00e5 den sande spiritualitet. Mine apostle, s\u00e5ledes kan I hj\u00e6lpe mig. At hj\u00e6lpe mig hermed indb\u00e6rer at bede for dem, der ikke har l\u00e6rt min S\u00f8ns k\u00e6rlighed at kende. Ved at bede for dem viser I min S\u00f8n, at I elsker Ham og f\u00f8lger Ham. Min S\u00f8n lovede mig, at det onde aldrig vil sejre, fordi I, retf\u00e6rdige sj\u00e6le, er her; I som str\u00e6ber efter at bede med hjertet, I som freml\u00e6gger jeres smerte og lidelse for min S\u00f8n, I som forst\u00e5r, at livet kun er et kort \u00f8jeblik, I som l\u00e6nges efter det Himmelske Kongerige. Alt dette g\u00f8r jer til mine apostle, og f\u00f8rer jer til mit hjertes sejr. Derfor, mine b\u00f8rn, g\u00f8r jeres hjerter rene og tilbed min S\u00f8n. Tak!\u201d<\/p>\n<p><strong>Budskab til Marija d. 25. oktober 2014:<\/strong><\/p>\n<p>Bed i denne n\u00e5dens tid og bed om de helliges forb\u00f8n, der allerede lever i lyset. M\u00e5tte de hver dag v\u00e6re til eksempel og opmuntring for jer p\u00e5 jeres vej til omvendelse. Mine k\u00e6re b\u00f8rn, v\u00e6r klar over at jeres liv er kort og forg\u00e6ngeligt. Derfor skal I l\u00e6nges efter evigheden og forbered jeres hjerte i b\u00f8n. Jeg er med jer g\u00e5r i forb\u00f8n for jer hos min S\u00f8n for enhver af jer, is\u00e6r dem der har viet sig mig og min S\u00f8n. Tak, fordi I har svaret p\u00e5 mit kald!\u201d<\/p>\n<p><strong>Budskab til Mirjana d. 2. oktober 2014:<\/strong><\/p>\n<p>\u201cK\u00e6re b\u00f8rn! Med moderlig k\u00e6rlighed b\u00f8nfalder jeg jer, om at at elske hinanden. M\u00e5 der i jeres hjerter v\u00e6re k\u00e6rlighed, s\u00e5dan som min S\u00f8n \u00f8nskede det helt fra begyndelsen, til den Himmelske Fader og jeres n\u00e6ste, fremfor alt andet i denne verden. Mine k\u00e6re b\u00f8rn, kan I ikke genkende tidens tegn? Kan I ikke se at alt omkring jer, alt hvad der sker, skyldes at der ikke er nogen k\u00e6rlighed? Forst\u00e5 at frelsen findes i de sande v\u00e6rdier. Accepter den Himmelske Faders kraft, elsk og \u00e6r Ham. Tr\u00e6d i min S\u00f8ns fodspor. I, mine b\u00f8rn, mine k\u00e6re apostle, samles atter rundt om mig, fordi I t\u00f8rster. I t\u00f8rster efter fred, k\u00e6rlighed og lykke. Drik af mine h\u00e6nder. Mine h\u00e6nder giver jer min S\u00f8n, som er det klare kildev\u00e6ld. Han vil bringe jeres tro til live igen og g\u00f8re jeres hjerter rene, for min S\u00f8n elsker rene hjerter, og rene hjerter elsker min S\u00f8n. Kun rene hjerter er ydmyge og har st\u00e6rk tro. Jeg beder jer, om have s\u00e5danne hjerter, min b\u00f8rn. Min S\u00f8n sagde til mig at jeg er hele verdens moder. Jeg beder de af jer, som tager imod mig som s\u00e5dan, om at hj\u00e6lpe mig gennem jeres liv, b\u00f8n og opofrelse, at f\u00e5 alle mine b\u00f8rn til at tage imod mig som deres moder, s\u00e5 jeg kan lede dem til at drikke af dette kildev\u00e6ld. Tak! Mine k\u00e6re b\u00f8rn, n\u00e5r jeres hyrder r\u00e6kker jer min S\u00f8ns Legeme med deres velsignede h\u00e6nder, tak da altid min S\u00f8n for dette offer og for de hyrder,han giver jer p\u00e5 ny. Tak!<\/p>\n<p><strong>Budskab til Marija d. 25. september 2014:<\/strong><\/p>\n<p>\u201cK\u00e6re b\u00f8rn! Ogs\u00e5 i dag opfordrer jeg jer til at v\u00e6re som stjerner, der med deres sk\u00e6r giver lys og sk\u00f8nhed til andre, s\u00e5 de kan gl\u00e6de sig over det. Mine k\u00e6re b\u00f8rn, v\u00e6r I ogs\u00e5 sk\u00e6r, sk\u00f8nhed, gl\u00e6de og fred og is\u00e6r b\u00f8n for alle dem, der er fjernt fra min og min S\u00f8n, Jesus\u2019, k\u00e6rlighed. Mine k\u00e6re b\u00f8rn, vidn om jeres tro og b\u00f8n i gl\u00e6de, i den troens gl\u00e6de i jeres hjerte; og bed om freden som er en kostelig gave fra Gud. Tak, fordi I har svaret p\u00e5 mit kald!\u201d<\/p>\n<p><strong>Budskab til Mirjana d. 2. september 2014:<\/strong><br \/>\n\u201cK\u00e6re b\u00f8rn! Jeg, jeres moder, kommer p\u00e5 ny til jer af k\u00e6rlighed, som er endel\u00f8s, den Himmelske Faders endel\u00f8se k\u00e6rlighed. Og n\u00e5r jeg ser ind i jeres hjerter, ser jeg mange af jer tage imod mig som jeres mor, og med \u00e6rligt og rent hjerte \u00f8nsker I at v\u00e6re mine apostle. Men jeg er ogs\u00e5 mor til de af jer, der ikke accepterer mig, og i jeres hjertes h\u00e5rdhed ikke \u00f8nsker at l\u00e6re min S\u00f8ns k\u00e6rlighed at kende. I aner ikke, hvor meget mit hjerte lider, og hvor meget jeg beder til min S\u00f8n for jer. Jeg beder Ham om at helbrede jeres sj\u00e6le, da Han er istand til det. Jeg beder ham at oplyse jer med Hellig\u00e5ndens mirakel, s\u00e5 at I m\u00e5 holde op med igen og igen med at forr\u00e5de, forbande og s\u00e5re Ham. Af hele mit hjerte beder jeg om, at I m\u00e5 forst\u00e5, at kun min S\u00f8n er verdens lys og frelse. Og I, mine b\u00f8rn, mine k\u00e6re apostle, b\u00e6r altid min S\u00f8n i jeres hjerte og tanker. P\u00e5 denne m\u00e5de b\u00e6rer I p\u00e5 k\u00e6rligheden. Alle de, der ikke kender Ham, vil genkende Ham i jeres k\u00e6rlighed. Jeg er altid hos jer. P\u00e5 en s\u00e6rlig m\u00e5de er jeg hos jeres hyrder, da min S\u00f8n har kaldet dem til at lede jer ad vejen til evighed. Tak, mine apostle for jeres ofre og k\u00e6rlighed!\u201d<\/p>\n<p><strong>Budskab til Marija d. 25. august 2014:<\/strong><\/p>\n<p>\u201cK\u00e6re b\u00f8rn! Bed for mine anliggender, for Satan \u00f8nsker at spolere den plan, jeg har her, og ber\u00f8ve jer freden. Derfor, mine k\u00e6re b\u00f8rn, bed, bed, bed om at Gud m\u00e5 virke i enhver af jer. Gid jeres hjerte m\u00e5 v\u00e6re \u00e5bent for Guds vilje. Jeg elsker jer og velsigner jer med min moderlige velsignelse. Tak, fordi I har svaret p\u00e5 mit kald!\u201d<\/p>\n<p><strong>Budskab til Mirjana d. 2. august 2014:<\/strong><\/p>\n<p>\u201cK\u00e6re b\u00f8rn! Grunden til at jer er hos jer idag, min mission, er at hj\u00e6lpe jer s\u00e5 at det \u201cgode\u201d kan vinde, selvom det synes jer at v\u00e6re umuligt nu. Jeg ved, at der er mange ting, I ikke forst\u00e5r, ligesom der var mange ting, jeg ikke forstod, alt det som min S\u00f8n forklarede mig, mens Han voksede op ved min side \u2013 men jeg troede ham og fulgte ham. Jeg beder ogs\u00e5 jer om dette, at tro og f\u00f8lge mig. Imidlertid, mine b\u00f8rn, at f\u00f8lge mig indeb\u00e6rer at elske min S\u00f8n over alt andet, at elske ham i alle personer uden at g\u00f8re forskel. For at I skal kunne det, kalder jeg jer p\u00e5 ny til afkald, b\u00f8n og faste. Jeg kalder jer til at Eukaristien skal v\u00e6re livet i jeres sj\u00e6l. Jeg kalder jer til at v\u00e6re mine lysets apostle, der vil sprede k\u00e6rlighed og barmhjertighed i verden. Mine b\u00f8rn, jeres liv er kun et glimt i sammenligning\u00a0med det evige liv. Og n\u00e5r I engang st\u00e5r foran for min S\u00f8n, vil Han i jeres hjerte se, hvor meget k\u00e6rlighed i havde. For at udbrede k\u00e6rligheden p\u00e5 rette m\u00e5de, beder jeg min S\u00f8n, gennem k\u00e6rligheden, at give jer enhed gennem Ham, enighed med hinanden, enighed mellem jer og jeres hyrder. Gennem dem giver min S\u00f8n altid Sig selv p\u00e5 ny og fornyer jeres sj\u00e6l. Glem ikke dette. Tak!\u201d<\/p>\n<p><strong>Budskab til Marija d. 25. juli 2014:<\/strong><br \/>\n\u201cMine k\u00e6re b\u00f8rn! I er ikke klar over hvilke n\u00e5degaver, I lever med i denne tid, hvor den Allerh\u00f8jeste giver jer tegn, s\u00e5 I kan \u00e5bne jer og omvende jer. Vend om til Gud og til b\u00f8nnen, og lad b\u00f8nnen begynde at herske i jeres hjerte, familier og f\u00e6llesskaber, s\u00e5 Hellig\u00e5nden kan f\u00f8re og anspore jer, s\u00e5 I hver dag \u00e5bner jer mere for Guds vilje og Hans plan med enhver af jer. Jeg er med jer og g\u00e5r i forb\u00f8n for jer sammen med helgenerne og englene. Tak, fordi I har svaret p\u00e5 mit kald!\u201d<\/p>\n<p><strong>Budskab til Mirjana d. 2. juli 2014:<\/strong><br \/>\n\u201cK\u00e6re b\u00f8rn! Jeg, moder til alle jer forsamlet her og moder til hele verden, velsigner jer med moderlig velsignelse og kalder jer til at begive jer ad ydmyghedens vej. Den vej leder til at l\u00e6re min S\u00f8ns k\u00e6rlighed at kende. Min S\u00f8n er alm\u00e6gtig, Han er i alt. Hvis I, mine b\u00f8rn, ikke er bekendte med dette, vil m\u00f8rke og blindhed regere i jeres sj\u00e6l. Kun ydmyghed kan helbrede jer. Mine b\u00f8rn, jeg levede altid ydmygt, med mod og i h\u00e5b. Jeg blev bekendt med at Gud er i os, og vi er i Gud. Jeg beder jer om det samme. Jeg \u00f8nsker, at I alle er hos mig i al evighed, for I er en del af mig. Jeg vil hj\u00e6lpe jer p\u00e5 vej. Min k\u00e6rlighed vil omslutte jer som en kappe og g\u00f8re jer til mit lys apostle \u2013 Guds lys. Med den k\u00e6rlighed der udspringer af ydmyghed, vil I frembringe lys, der hvor m\u00f8rket og blindhed regerer. I vil frembringe min S\u00f8n, som er verdens lys. Jeg er hos jeres pr\u00e6ster og jeg beder om at de altid m\u00e5 v\u00e6re jer eksempel p\u00e5 ydmyghed. Tak!\u201d<\/p>\n<p><strong>Budskab til Marija d. 25. juni 2014:<\/strong><br \/>\n\u201cMine k\u00e6re b\u00f8rn! Den Allerh\u00f8jeste giver mig den n\u00e5de at v\u00e6re hos jer og i b\u00f8n vise jer hen til fredens vej. Jeres hjerte og sj\u00e6l t\u00f8rster efter fred og k\u00e6rlighed, efter Gud og Hans fred. Derfor mine k\u00e6re b\u00f8rn, bed, bed, bed, og i b\u00f8nnen vil I finde livets visdom. Jeg velsigner jer alle og g\u00e5r i forb\u00f8n for jer hos min S\u00f8n, Jesus. Tak, fordi I har svaret p\u00e5 mit kald!\u201d<\/p>\n<p><strong>Budskab til Mirjana d. 2. juni 2014:<\/strong><\/p>\n<p>\u201cK\u00e6re b\u00e6rn! Jeg kalder jer p\u00e5 ny og tager mig imod jer som mine b\u00e6rn. Jeg beder om, at I m\u00e5 tage imod mig og elske mig som jeres mor. Jeg har forenet jer alle i mit hjerte. Jeg er steget ned til jer, og velsigner jer. Jeg ved at I l\u00e6nges efter tr\u00e6st og h\u00e5b fra mig, fordi jeg elsker jer og g\u00e5r i forb\u00e6n for jer. Jeg beder jer om at forene jer med min S\u00e6n og v\u00e6re mine apostle. For at kunne g\u00e6re det, kalder jeg jer p\u00e5 ny til k\u00e6rlighed. Der findes ingen k\u00e6rlighed uden b\u00e6n, og der findes ikke b\u00e6n uden tilgivelse, for k\u00e6rlighed er b\u00e6n \u2013 tilgivelse er k\u00e6rlighed. Mine b\u00e6rn, Gud skabte jer, til at I kunne elske og til at elske for at kunne tilgive. Hver en b\u00e6n, der udspringer af k\u00e6rlighed forener jer med min S\u00e6n og Hellig\u00e5nden, og Hellig\u00e5nden oplyser jer og g\u00e6r jer til mine apostle \u2013 apostle der vil g\u00e6re alt hvad de g\u00e6r i Herrens navn, som vil bede gennem gerninger og ikke kun med ord, fordi de elsker min min S\u00e6n og forst\u00e5r sandhedens vej, der f\u00e6rer til evigt liv. Bed for jeres hyrder, at de altid med et rent hjerte m\u00e5 lede jer ad vejen til sandhed og k\u00e6rlighed \u2013 ad vejen til min S\u00e6n. Tak!\u201d<\/p>\n<p><strong>Budskab til Marija d. 25. maj 2014:<\/strong><\/p>\n<p>\u201cMine k\u00e6re b\u00f8rn! Bed og v\u00e6r klar over at uden Gud er I kun st\u00f8v. Vend derfor jeres tanker og jeres hjerte til b\u00f8nnen. Stol p\u00e5 Hans k\u00e6rlighed. I Guds \u00e5nd er I, mine k\u00e6re b\u00f8rn, alle opfordrede til at v\u00e6re vidner. I er v\u00e6rdifulde og jeg kalder jer, mine k\u00e6re b\u00f8rn, til hellighed og til det evige liv. Derfor skal I g\u00f8re jer det klart at dette liv er forg\u00e6ngeligt. Jeg elsker jer og kalder jer til omvendelsens nye liv. Tak, fordi I har svaret p\u00e5 mit kald!\u201d<\/p>\n<p><strong>Budskab til Mirjana d. 2. maj 2014:<\/strong><br \/>\n\u201cK\u00e6re b\u00f8rn! Jeg jeres mor, er hos jer for jeres velbefindende, for jeres behov og for jeres personlige erkendelses skyld. Den Himmelske Fader gav jer frihed, til selv at v\u00e6lge og blive bevidste om jer selv. Jeg \u00f8nsker at hj\u00e6lpe jer. Jeg l\u00e6nges efter at v\u00e6re en mor for jer, en l\u00e6rer om sandheden, s\u00e5 at I med det \u00e5bne hjertes enkelthed kan blive bevidste om den um\u00e5delige renhed og lys, der kommer fra det og knuser m\u00f8rket, det lys der bringer h\u00e5b. Jeg, mine b\u00f8rn, forst\u00e5r jeres smerte og lidelse. Hvem kan forst\u00e5 jer bedre end jeres mor? Og I, min b\u00f8rn? Kun lille er den flok, der forst\u00e5r og f\u00f8lger mig. Stort er antallet af de, som er fortabt, af de som ikke har erkendt min S\u00f8ns sandhed. Derfor, mine apostle, bed og skrid til handling. Frembring lyset og mist ikke h\u00e5bet. Jeg er hos jer. P\u00e5 en s\u00e6rlig m\u00e5de er jeg hos jeres hyrder. Med moderligt hjerte elsker og beskytter jeg dem, fordi de leder jer til Himlen som min S\u00f8n har lovet jer. Tak!\u201d<\/p>\n<p><strong>Budskab til Marija d. 25. april 2014:<\/strong><br \/>\n\u201cMine k\u00e6re b\u00f8rn! \u00e5bn jeres hjerte for den n\u00e5de, Gud vil sk\u00e6nke jer gennem mig, ligesom en blomst der \u00e5bner sig for solens varme str\u00e5ler. V\u00e6r b\u00f8n og k\u00e6rlighed for alle dem er fjernt fra Gud og Hans k\u00e6rlighed. Jeg er med jer og g\u00e5r i forb\u00f8n for jer hos min S\u00f8n, Jesus, og jeg elsker jer med uendelig k\u00e6rlighed. Tak, fordi I har svaret p\u00e5 mit kald!\u201d<\/p>\n<p><strong>Budskab til Mirjana d. 2. april 2014:<\/strong><\/p>\n<p>\u201cK\u00e6re b\u00f8rn! Med moderlig k\u00e6rlighed \u00f8nsker jeg at hj\u00e6lpe jer med jeres b\u00f8nsliv, og til at jeres bod skal blive et helhjertet fors\u00f8g p\u00e5, at komme t\u00e6ttere p\u00e5 min S\u00f8n og Hans guddommelige lys, s\u00e5 I kan vide hvordan I afholder jer selv fra synd. Hver b\u00f8n, hver messe og hver faste er et fors\u00f8g p\u00e5 at n\u00e6rme jer min S\u00f8n, en p\u00e5mindelse om Hans \u00e6re og en flugt fra synden. Det er vejen til fornyet forening mellem den gode Fader og Hans b\u00f8rn. Derfor mine b\u00f8rn, med \u00e5bne hjerte fulde af k\u00e6rlighed, p\u00e5kald den Himmelske Faders navn, s\u00e5 kan kan oplyse jer med Hellig\u00e5nden. Gennem Hellig\u00e5nden vil I blive Guds k\u00e6rligheds kilde. Alle de som ikke kender min S\u00f8n, alle de som t\u00f8rster efter min S\u00f8ns k\u00e6rlighed og fred, vil drikke af denne kilde. Tak! Bed for jeres hyrder. Jeg beder for dem, og jeg \u00f8nsker, at de altid m\u00e5 m\u00e6rke mine moderlige h\u00e6nders velsignelse og mit moderlige hjertes st\u00f8tte.\u201d<\/p>\n<p><strong>Budskab til Marija d. 25. marts 2014:<\/strong><\/p>\n<p>\u201cMine k\u00e6re b\u00f8rn! P\u00e5 ny opfordrer jeg jer: Begynd at k\u00e6mpe mod synden som i de f\u00f8rste dage, g\u00e5 til skrifte og beslut jer for hellighed. Guds k\u00e6rlighed vil gennem jeg begynde at flyde ud i verden, freden vil r\u00e5de i jeres hjerte og Guds velsignelse vil fylde jer. Jeg er med jer og g\u00e5r i forb\u00f8n for jer hos min S\u00f8n, Jesus. Tak, fordi I har svaret p\u00e5 mit kald!\u201d<\/p>\n<p><strong>Budskab til Mirjana d. 18. marts 2014:<\/strong><\/p>\n<p>\u201cK\u00e6re b\u00f8rn! Som jeres mor, \u00f8nsker jeg at hj\u00e6lpe jer. Med moderlig k\u00e6rlighed, \u00f8nsker jeg at hj\u00e6lpe jeg med at \u00e5bne jeres hjerte og s\u00e6tte min S\u00f8n p\u00e5 f\u00f8rstepladsen i det. Gennem jeres k\u00e6rlighed til min S\u00f8n og gennem jeres b\u00f8n, \u00f8nsker jeg, at Guds lys vil oplyse jer og I vil fyldes af Guds n\u00e5de. Jeg \u00f8nsker, at m\u00f8rket, og d\u00f8dens skygge, der omgiver jer og bringer jer p\u00e5 afveje, m\u00e5 drives v\u00e6k. Jeg \u00f8nsker, at I vil m\u00e6rke gl\u00e6den af velsignelsen af Guds l\u00f8fte. I, menneskeb\u00f8rn, I er Guds b\u00f8rn, I er mine b\u00f8rn. Derfor, mine b\u00f8rn, begiv jer ad den vej som min k\u00e6rlighed leder jer ad, som l\u00e6rer jer ydmyghed og visdom, og som finder vej til den Himmelske Fader. Bed sammen med mig for dem, der ikke tager imod mig og ikke f\u00f8lger mig, de, der p\u00e5 grund af deres h\u00e5rde hjerter, ikke kan f\u00f8le ydmygheden, hengivelsen, freden og k\u00e6rligheden \u2013 gl\u00e6den i min S\u00f8n. Bed om at jeres hyrder, med deres velsignede h\u00e6nder, altid kan give jer Guds velsignelses\u00a0gl\u00e6de. Tak!<\/p>\n<p><strong>Budskab til Mirjana d. 2. marts 2014:<\/strong><br \/>\n\u201cK\u00e6re b\u00f8rn! Jeg kommer til jer som jeres moder, og \u00f8nsker at I i mig, jeres mor, finder bolig, tr\u00f8st og hvile. Derfor, mine b\u00f8rn, min k\u00e6rligheds apostle, bed. Bed med ydmyg hengivelse, lydighed og fuldst\u00e6ndig tillid til den Himmelske Fader. Tillid, s\u00e5dan som jeg havde tillid, da jeg fik at vide at jeg skulle bringe L\u00f8ftets velsignelse. M\u00e5tte fra jeres hjertes indre og med jeres l\u00e6ber altid lyde: \u201cDin vilje ske!\u201d Derfor hav tillid og bed, s\u00e5 jeg kan g\u00e5 i forb\u00f8n for jer hos Herren, s\u00e5 Han kan give jer den Himmelske Velsignelse og fylde jeres hjerte med Hellig\u00e5nden. S\u00e5 vil Han v\u00e6re i stand til at hj\u00e6lpe alle de, som ikke kender Herren. I, min k\u00e6rligheds apostle, vil hj\u00e6lpe dem med i fuld tillid at kunne kalde ham \u201cFar\u201d. Bed for jeres hyrder, og l\u00e6g jeres tillid i deres velsignede h\u00e6nder. Tak!\u201d.<\/p>\n<p><strong>Budskab til Marija d. 25. februar 2014:<\/strong><\/p>\n<p>\u201cMine k\u00e6re b\u00f8rn! I ser, h\u00f8rer og f\u00f8ler at der findes mange mennesker, der lever uden Gud i deres hjerte. De \u00f8nsker Ham ikke, fordi de er langt v\u00e6k fra b\u00f8nnen og ikke har nogen fred. I, mine k\u00e6re b\u00f8rn, bed og lev efter Guds bud. I skal v\u00e6re b\u00f8n, I der fra starten har sagt \u201cja\u201d til mit kald. Vidn om Gud og om mit n\u00e6rv\u00e6r, og glem ikke, mine k\u00e6re b\u00f8rn, at jeg er med jer og elsker jer. Hver dag p\u00e5 ny bringer jeg jer min S\u00f8n Jesus. Tak, fordi I har svaret p\u00e5 mit kald!\u201d<\/p>\n<p><strong>Budskab til Mirjana d. 2. februar 2014:<\/strong><\/p>\n<p>\u201cK\u00e6re b\u00f8rn! Med moderlig k\u00e6rlighed \u00f8nsker jeg at l\u00e6re jer oprigtighed, for jeg \u00f8nsker, at I i jeres gerninger, som mine apostle, er pr\u00e6cise, resolutte, og fremfor alt oprigtige. Jeg \u00f8nsker, ved Guds n\u00e5de, at I er \u00e5bne for velsignelse. Jeg \u00f8nsker, at I gennem faste og b\u00f8n opn\u00e5r erkendelse gennem den Himmelske af, hvad der er er naturligt og helligt \u2013 guddommeligt. Opfyldte af erkendelse, under min S\u00f8ns og min beskyttelse, vil I v\u00e6re mine apostle, som vil vide, hvordan I skal udbrede Guds Ord til alle dem, der ikke kender det; og I vil vide, hvordan I skal overkomme forhindringer, der st\u00e5r jer i vejen. Mine b\u00f8rn, i kraft af denne velsignelse, vil Guds n\u00e5de dale ned over jer, og I vil v\u00e6re i stand til at beholde den gennem faste, b\u00f8n, renselse og forsoning. I have den effektivitet, jeg s\u00f8ger af jer. Bed for jeres hyrder, at Guds n\u00e5des lys, m\u00e5 oplyse deres veje. Tak!\u201d<\/p>\n<p><strong>Budskab til Marija d. 25. januar 2014:<\/strong><\/p>\n<p>\u201cMine k\u00e6re b\u00f8rn! Bed, bed, bed, s\u00e5 at b\u00f8nnens gensk\u00e6r f\u00e5r indflydelse p\u00e5 dem, I m\u00f8der. L\u00e6g Bibelen p\u00e5 et synligt sted i jeres familier og l\u00e6s i den, s\u00e5 at fredens Ord kan finde ind i jeres hjerte. Jeg beder sammen med jer og for jer, mine k\u00e6re b\u00f8rn, om at I dag for dag m\u00e5 \u00e5bne jer mere for Guds vilje. Tak, fordi I har svaret p\u00e5 mit kald!\u201d<\/p>\n<p><strong>Budskab til Mirjana d. 2. januar 2014:<\/strong><\/p>\n<p>\u201cK\u00e6re b\u00f8rn! For at I kan v\u00e6re mine apostle, og v\u00e6re i stand til at hj\u00e6lpe alle dem der lever i m\u00f8rket, med at l\u00e6re min S\u00f8ns k\u00e6rligheds lys at kende, m\u00e5 I have rene og ydmyge hjerter. I kan ikke hj\u00e6lpe min S\u00f8n med at blive f\u00f8dt og regere i hjerterne hos dem, som som ikke kender ham, hvis han ikke regerer \u2013 hvis han ikke er Konge \u2013 i jeres eget hjerte. Jeg er hos jer. Jeg f\u00f8lges med jer, som en moder. Jeg banker p\u00e5 hos jeres hjerte. De kan ikke v\u00e6re \u00e5bne, n\u00e5r de ikke er ydmyge. Jeg beder, og I mine elskede b\u00f8rn bed ogs\u00e5 I, om at I m\u00e5 v\u00e6re istand til at \u00e5bne rene og ydmyge hjerter for min S\u00f8n og modtage de gaver, som Han har lovet jer. S\u00e5 vil I blive ledt af min S\u00f8ns k\u00e6rlighed og kraft. S\u00e5 vil I v\u00e6re mine apostle, som overalt omkring jer spreder frugterne af Guds k\u00e6rlighed. Min S\u00f8n vil arbejde i jer og gennem jer, fordi I vil v\u00e6re eet. Mit moderlige hjerte l\u00e6nges efter dette, efter alle mine b\u00f8rns enhed, ved min S\u00f8n. Med stor k\u00e6rlighed velsigner jeg og beder for alle, som er udvalgt af min S\u00f8n \u2013 for jeres hyrder. Tak!\u201d<\/p>\n<\/div>\n<\/article>\n<p>&nbsp;<\/p>\n<\/div>\n<\/div>\n<\/div>\n<footer id=\"colophon\" class=\"site-footer\" role=\"contentinfo\">\n<div class=\"wrap\">\n<div class=\"site-info\"><a class=\"imprint\" href=\"https:\/\/wordpress.org\/\"> Drevet af WordPress <\/a><\/div>\n<\/div>\n<\/footer>\n","protected":false},"excerpt":{"rendered":"<p>Budskaber Medjugorje, 2014 Julebudskab til Marija d. 25. december 2014: \u201cMine k\u00e6re b\u00f8rn! Atter i dag b\u00e6rer jeg min elskede S\u00f8n Jesus til jer i mine arme, og jeg nedbeder fra Ham freden over jer og mellem jer. Bed, og tilbed min S\u00f8n, s\u00e5 at Hans fred og gl\u00e6de kan udgydes i jeres hjerte. Jeg &hellip;<\/p>\n","protected":false},"author":1,"featured_media":0,"parent":0,"menu_order":0,"comment_status":"closed","ping_status":"closed","template":"","meta":{"footnotes":""},"class_list":["post-195","page","type-page","status-publish","hentry"],"_links":{"self":[{"href":"https:\/\/st.jacob.peberholm.dk\/index.php?rest_route=\/wp\/v2\/pages\/195","targetHints":{"allow":["GET"]}}],"collection":[{"href":"https:\/\/st.jacob.peberholm.dk\/index.php?rest_route=\/wp\/v2\/pages"}],"about":[{"href":"https:\/\/st.jacob.peberholm.dk\/index.php?rest_route=\/wp\/v2\/types\/page"}],"author":[{"embeddable":true,"href":"https:\/\/st.jacob.peberholm.dk\/index.php?rest_route=\/wp\/v2\/users\/1"}],"replies":[{"embeddable":true,"href":"https:\/\/st.jacob.peberholm.dk\/index.php?rest_route=%2Fwp%2Fv2%2Fcomments&post=195"}],"version-history":[{"count":3,"href":"https:\/\/st.jacob.peberholm.dk\/index.php?rest_route=\/wp\/v2\/pages\/195\/revisions"}],"predecessor-version":[{"id":233,"href":"https:\/\/st.jacob.peberholm.dk\/index.php?rest_route=\/wp\/v2\/pages\/195\/revisions\/233"}],"wp:attachment":[{"href":"https:\/\/st.jacob.peberholm.dk\/index.php?rest_route=%2Fwp%2Fv2%2Fmedia&parent=195"}],"curies":[{"name":"wp","href":"https:\/\/api.w.org\/{rel}","templated":true}]}}