{"id":197,"date":"2023-03-12T18:00:29","date_gmt":"2023-03-12T17:00:29","guid":{"rendered":"https:\/\/st.jacob.peberholm.dk\/?page_id=197"},"modified":"2024-01-24T11:28:22","modified_gmt":"2024-01-24T10:28:22","slug":"budskaber-medjugorje-2013","status":"publish","type":"page","link":"https:\/\/st.jacob.peberholm.dk\/?page_id=197","title":{"rendered":"Budskaber Medjugorje, 2013"},"content":{"rendered":"<div class=\"wrap\">\n<div id=\"primary\" class=\"content-area\">\n<h2><strong>Budskaber Medjugorje, 2013<\/strong><\/h2>\n<article id=\"post-57\" class=\"post-57 page type-page status-publish hentry\">\n<div class=\"entry-content\">\n<p><strong>Julebudskab til Marija d. 25. december 2013:<\/strong><br \/>\n\u201cMine k\u00e6re b\u00f8rn! Jeg bringer jer Fredens Konge, for at Han kan sk\u00e6nke jer sin fred. I, mine k\u00e6re b\u00f8rn, bed, bed, bed: B\u00f8nnens frugter vil man kunne se i ansigterne p\u00e5 de mennesker, der har besluttet sig for Gud og Hans kongerige. Jeg, med min S\u00f8n Jesus velsigner jer alle med fredens velsignelse. Tak fordi I har svaret p\u00e5 mit kald!\u201d<\/p>\n<p><strong>Budskab til Mirjana d. 2 december 2013:<\/strong><br \/>\n\u201cK\u00e6re b\u00f8rn! Med moderlig k\u00e6rlighed og moderlig t\u00e5lmodighed betragter jeg jeres hvilel\u00f8se vandring, og ser hvor fortabte i er. Det er derfor, jeg er hos jer. Jeg \u00f8nsker at hj\u00e6lpe jer, med f\u00f8rst at find jer selv og l\u00e6re jer selv at kende, s\u00e5 at I, da, vil v\u00e6re i stand til at genkende og ikke give adgang\u00a0til alt det, der ikke tillader at l l\u00e6rer jeres Himmelske Fader at kende, \u00e6rligt og helhjertet. Mine b\u00f8rn, Faderen kendes p\u00e5 korset. Afvis derfor ikke korset. Str\u00e6b efter at forst\u00e5 og tage imod det med min hj\u00e6lp. N\u00e5r er istand til at tage imod korset, vil I ogs\u00e5 forst\u00e5 den Himmelske Faders k\u00e6rlighed, og I vil vandre sammen med min S\u00f8n og med mig, I vil skille jer ud fra dem som ikke har l\u00e6rt den Himmelske Faders k\u00e6rlighed at kende, dem som h\u00f8rer Ham, men ikke forst\u00e5r ham, dem som ikke vandrer med ham \u2013 dem som ikke har l\u00e6rt Ham at kende. Jeg \u00f8nsker, at I l\u00e6rer min S\u00f8ns sandhed at kende, og at I bliver mine apostle; at I, som Guds b\u00f8rn, m\u00e5 h\u00e6ve jeg over den menneskelige t\u00e6nkem\u00e5de, og altid, og i alt, p\u00e5 ny s\u00f8ger Guds t\u00e6nkem\u00e5de. Mine b\u00f8rn, bed of fast s\u00e5 at I m\u00e5 genkende alt dette, som jeg beder jer om. Bed for jeres hyrder og hav l\u00e6ngsel efter at kende den Himmelske Faders k\u00e6rlighed i enhed med dem. Tak!\u201d<\/p>\n<p><strong>Budskab til Marija d. 25. november 2013:<\/strong><br \/>\n\u201cK\u00e6re b\u00f8rn, i dag kalder jeg jer alle til b\u00f8n. Mine k\u00e6re b\u00f8rn, \u00e5ben jeres hjerters d\u00f8re dybt for b\u00f8nnen, for hjerteb\u00f8nnen, og da vil Den H\u00f8jeste v\u00e6re i stand til at virke gennem jeres frihed og omvendelsen vil begynde. Jeres tro vil blive fast, s\u00e5ledes at I vil v\u00e6re i stand til at sige af hele jeres hjerte: \u201cMin Gud, mit Alt.\u201d I vil forst\u00e5, mine k\u00e6re b\u00f8rn, at her p\u00e5 jorden er alt forg\u00e6ngeligt. Tak, fordi I har svaret p\u00e5 mit kald!\u201d<\/p>\n<p><strong>Budskab til Mirjana d. 2. november 2013:<\/strong><br \/>\n\u201cK\u00e6re b\u00f8rn, p\u00e5 ny, p\u00e5 min moderlige m\u00e5de, kalder jeg jer til k\u00e6rlighed, til vedvarende at bede for k\u00e6rlighedens gave, at elske den Himmelske Fader over alting. N\u00e5r du elsker Ham, vil du elske dig selv og din n\u00e6ste. Disse kan ikke adskilles. Den Himmelske Fader er i ethvert menneske. Han elsker ethvert menneske og kalder enhver ved navn. Derfor mine k\u00e6re b\u00f8rn, gennem b\u00f8n lyt til den Himmelske Faders vilje. Tal med Ham. Skab et personligt forhold til Faderen, som vil g\u00f8re jeres forhold endnu dybere som et f\u00e6llesskab af mine b\u00f8rn og apostle. Som en moder \u00f8nsker jeg, gennem den Himmelske Fader, at I m\u00e5 l\u00f8fte jer op over jordisk forf\u00e6ngelighed og at I m\u00e5 hj\u00e6lpe andre til gradvist at l\u00e6re og at komme den Himmelske Fader n\u00e6rmere. Mine b\u00f8rn, bed, bed, bed om k\u00e6rlighedens gave fordi k\u00e6rlighed er min S\u00f8n. Bed for jeres hyrder, at de altid m\u00e5 have k\u00e6rlighed til jer, som min S\u00f8n havde og som Han viste ved at give sit liv for jeres frelse. Tak!\u201d<\/p>\n<p><strong>Budskab til Marija d. 25. oktober 2013:<\/strong><br \/>\n\u201cK\u00e6re b\u00f8rn, i dag kalder jeg jer til at \u00e5bne jer for b\u00f8nnen. B\u00f8n udvirker undere i jer og gennem jer. Derfor, mine k\u00e6re b\u00f8rn, s\u00f8g i hjertets enkelthed Den H\u00f8jeste og bed om at f\u00e5 styrken til at v\u00e6re Guds b\u00f8rn og om, at satan ikke m\u00e5 ryste jer, som vinden ryster grenene. Mine k\u00e6re b\u00f8rn, beslut jer p\u00e5 ny for Gud og s\u00f8g alene Hans vilje \u2013 og s\u00e5 vil I finde gl\u00e6de og fred i Ham. Tak fordi I har svaret p\u00e5 mit kald!\u201d<\/p>\n<p><strong>Budskab til Mirjana d. 2. oktober 2013:<\/strong><br \/>\n\u201cK\u00e6re b\u00f8rn, jeg elsker jer med en moderlig k\u00e6rlighed, og med en moders t\u00e5lmodighed venter jeg p\u00e5 jeres k\u00e6rlighed og enhed. Jeg beder om, at I m\u00e5 v\u00e6re et f\u00e6llesskab af Guds b\u00f8rn og mine b\u00f8rn. Jeg beder om, at I som et f\u00e6llesskab i gl\u00e6de m\u00e5 komme tilbage til troens liv og til min S\u00f8ns k\u00e6rlighed. Mine b\u00f8rn, jeg samler jer som mine apostle og jeg viser jer, hvordan I skal bringe andre til en erfaring af min S\u00f8ns k\u00e6rlighed, hvordan I kan bringe dem de gode nyheder, som er min S\u00f8n. Giv mig jeres \u00e5bne, rensede hjerter og jeg vil fylde dem med k\u00e6rlighed til min S\u00f8n. Hans k\u00e6rlighed vil give jeres liv mening og jeg vil vandre med jer. Jeg vil v\u00e6re med jer indtil m\u00f8det med den Himmelske Fader. Mine b\u00f8rn, det er dem, som vandrer mod den Himmelske Fader med k\u00e6rlighed og tro, som vil blive frelst. V\u00e6r ikke bange, jeg er med jer. Hav tillid til jeres hyrder, som min S\u00f8n havde, da han udvalgte dem og bed om at de m\u00e5 f\u00e5 styrke og k\u00e6rlighed til at lede jer. Tak!\u201d<\/p>\n<p><strong>Budskab til Marija d. 25. september 2013:<\/strong><br \/>\n\u201cMine k\u00e6re b\u00f8rn! Ogs\u00e5 i dag opfordrer jeg jer til b\u00f8n. Jeres forhold til b\u00f8nnen skal v\u00e6re et dagligt forhold. B\u00f8nnen udvirker undere i jer og gennem jer, derfor, mine k\u00e6re b\u00f8rn, skal b\u00f8nnen v\u00e6re jer en gl\u00e6de. S\u00e5 vil jeres forhold til livet blive dybere og mere \u00e5bent, og I vil forst\u00e5 at livet er en gave til enhver af jer. Tak, fordi I har svaret p\u00e5 mit kald!\u201d<\/p>\n<p><strong>Budskab til Mirjana d. 2. september 2013:<\/strong><br \/>\n\u201cK\u00e6re b\u00f8rn! Jeg elsker jer alle. I alle, alle mine b\u00f8rn, I er alle i mit hjerte. I har alle min moderlige k\u00e6rlighed, og jeg \u00f8nsker at lede jeg til at l\u00e6re Guds gl\u00e6de at kende. Det er derfor, jeg kalder jer. Jeg har behov for ydmyge apostle, som med et \u00e5bent hjerte vil tage imod Guds ord og hj\u00e6lpe andre med at forst\u00e5 meningen med deres liv sammen med Guds ord. For at kunne g\u00f8r dette, mine b\u00f8rn, m\u00e5 I gennem b\u00f8n og faste l\u00e6re at lytte med hjertet og l\u00e6re at give jer selv hen. I skal l\u00e6re at blive ved med at afvise alt hvad der distancerer jer fra Guds ord og kun at l\u00e6nges efter det, der drager jer n\u00e6rmere til det. V\u00e6r ikke bange. Jeg er her. I er ikke alene. Jeg b\u00f8nfalder Hellig\u00e5nden om at forny og styrke jer. Jeg b\u00f8nfalder Hellig\u00e5nden om, ligesom I hj\u00e6lper andre, at ogs\u00e5 I m\u00e5 blive helbredt. Jeg b\u00f8nfalder Ham om, gennem Ham, at I m\u00e5 blive Guds b\u00f8rn og mine apostle. For Jesus skyld, for min S\u00f8ns skyld, elsk dem som han har kaldet, og l\u00e6nges efter at blive velsignet af de h\u00e6nder, som Han har konsekreret. Tillad ikke det onde kommer til at herske. P\u00e5 ny gentager jeg \u2013 kun sammen med jeres hyrder vil mit hjerte sejre. Tillad ikke det onde, at skille jer fra jeres hyrder. Tak!\u201d<\/p>\n<p><strong>Budskab til Marija d. 25. august 2013:<\/strong><br \/>\n\u201cK\u00e6re b\u00f8rn. Ogs\u00e5 I dag giver den H\u00f8jeste mig n\u00e5den at v\u00e6re med jer og lede jer til omvendelse. Hver dag s\u00e5r jeg og kalder jer til omvendelse, s\u00e5 I m\u00e5 v\u00e6re b\u00f8n, fred, k\u00e6rlighed \u2013 det fr\u00f8, som ved at d\u00f8, giver igen hundrede fold. Jeg \u00f8nsker ikke for jer k\u00e6re b\u00f8rn, at I kommer dertil, at i m\u00e5 angre alt det, som I kunne have gjort, men som I ikke \u00f8nskede. Derfor, sm\u00e5 b\u00f8rn, sig igen med iver: \u201cJeg \u00f8nsker, at v\u00e6re et tegn for andre.\u201d Tak fordi I har svaret p\u00e5 mit kald!\u201d<\/p>\n<p><strong>Budskab til Mirjana d. 2. august 2013:<\/strong><br \/>\n\u201cK\u00e6re b\u00f8rn. Hvis I bare ville \u00e5bne jeres hjerter for mig med fuldst\u00e6ndig tillid, s\u00e5 ville I forst\u00e5 alt. I ville forst\u00e5 den store k\u00e6rlighed, jeg kalder jer med, med hvor stor k\u00e6rlighed jeg \u00f8nsker, at I skal forandre jer, for at g\u00f8re jer lykkelige, med hvor stor k\u00e6rlighed jeg \u00f8nsker at g\u00f8re jer til efterf\u00f8lgere af min S\u00f8n og give jer fred i enhed med min S\u00f8n. I ville forst\u00e5 min moderk\u00e6rligheds ufattelige storhed. Det er derfor, mine b\u00f8rn, i skal bede, for gennem b\u00f8n vokser jeres tro og k\u00e6rligheden bliver f\u00f8dt, den k\u00e6rlighed hvormed selv korset ikke er ub\u00e6rligt, fordi I ikke b\u00e6rer det alene. I f\u00e6llesskab med min S\u00f8n \u00e6rer I den Himmelske Faders navn. Bed, bed om k\u00e6rlighedens gave, fordi k\u00e6rlighed er den eneste sandhed. Den tilgiver alt, den tjener alle og den ser en broder i alle. Mine b\u00f8rn, mine apostle, stor er den tillid, som den Himmelske Fader har givet jer gennem mig, hans redskab, til at hj\u00e6lpe dem, som ikke kender Ham, at de m\u00e5 forsone sig med Ham og f\u00f8lge Ham. Det er derfor, jeg l\u00e6rer jer at elske, fordi kun hvis I har k\u00e6rlighed, vil I v\u00e6re i stand til at svare Ham. Jeg kalder jer igen til at have k\u00e6rlighed for jeres hyrder og til at bede om, at denne sv\u00e6re tid, i min S\u00f8ns navn, m\u00e5 blive herliggjort gennem deres ledelse. Tak!<\/p>\n<p><strong>Budskab til Marija d. 25. juli 2013:<\/strong><br \/>\n\u201cK\u00e6re b\u00f8rn. Med gl\u00e6de i mit hjerte kalder jeg jer alle til at leve jeres tro og til at v\u00e6re vidner om den med jeres hjerte og med jeres eksempel p\u00e5 enhver m\u00e5de. Beslut jer, k\u00e6re b\u00f8rn, til at holde jer langt v\u00e6k fra fristelse og m\u00e5 der v\u00e6re gl\u00e6de og k\u00e6rlighed til hellighed i jeres hjerter. Jeg elsker jer, sm\u00e5 b\u00f8rn, og ledsager jer med min forb\u00f8n foran den H\u00f8jeste. Tak fordi I har svaret p\u00e5 mit kald!\u201d<\/p>\n<p><strong>Budskab til Mirjana d. 2. juli 2013:<\/strong><br \/>\n\u201cK\u00e6re b\u00f8rn, med en moderlig k\u00e6rlighed b\u00f8nfalder jeg jer om at give mig jeres hjerter som gave, s\u00e5 jeg kan l\u00e6gge dem frem for min S\u00f8n og befri jer \u2013 befri jer fra al det onde slaveri, som fjerner jer mere og mere fra den eneste Gud \u2013 min S\u00f8n \u2013 befri jer fra alting, som leder jer p\u00e5 den forkerte vej og tager freden v\u00e6k fra jer. Jeg \u00f8nsker, at lede jer til friheden i min S\u00f8ns l\u00f8fte, fordi jeg \u00f8nsker, at Guds vilje m\u00e5 blive fuldst\u00e6ndig opfyldt her, og at apostle af Gud K\u00e6rlighed m\u00e5 blive f\u00f8dt gennem forsoning med den Himmelske Fader gennem faste og b\u00f8n. Apostle som frit og med k\u00e6rlighed vil sprede Guds k\u00e6rlighed til alle mine b\u00f8rn \u2013 apostle som vil sprede k\u00e6rligheden til tilliden til den Himmelske Fader og som fortsat vil \u00e5bne himlens porte. K\u00e6re b\u00f8rn, udstr\u00e6k k\u00e6rlighedens gl\u00e6de og st\u00f8tte til jeres hyrder, ligesom min S\u00f8n har bedt dem om at udstr\u00e6kke den til jer. Tak!\u201d<\/p>\n<p><strong>Budskab til Marija d. 25. juni 2013:<\/strong><br \/>\n\u201cK\u00e6re b\u00f8rn, med gl\u00e6de i hjertet elsker jeg jer alle og kalder jer til at komme n\u00e6rmere til mit ubesmittede hjerte, s\u00e5 jeg kan drage jer endnu n\u00e6rmere til min S\u00f8n Jesus, og give jer det, som Han kan give jer \u2013 Hans fred og k\u00e6rlighed, som er balsam for hver eneste af jer. \u00e5ben jer, sm\u00e5 b\u00f8rn for b\u00f8n \u2013 \u00e5ben jer for min k\u00e6rlighed. Jeg er jeres moder og kan ikke efterlade jer alene vandrende i synd. I er kaldet, sm\u00e5 b\u00f8rn, til at v\u00e6re mine b\u00f8rn, mine elskede b\u00f8rn, s\u00e5 jeg kan vise jer for min S\u00f8n. Tak fordi I har svaret p\u00e5 mit kald!\u201d<\/p>\n<p><strong>Budskab til Mirjana d. 2. juni 2013:<\/strong><br \/>\n\u201cK\u00e6re B\u00f8rn, i denne urolige tid, kalder jeg jer igen til at s\u00f8ge efter min S\u00f8n \u2013 og f\u00f8lge Ham. Jeg kender jeres smerte, lidelse og vanskeligheder, men i min S\u00f8n vil I finde hvile, i ham vil I finde fred og frelse. Mine b\u00f8rn, glem ikke at min s\u00f8n frelste jer p\u00e5 korset og gjorde det muligt for jer, p\u00e5 ny, at blive Guds b\u00f8rn, igen at kunne kalde den Himmelske Fader: \u201cFader\u201d. At blive v\u00e6rdige til Faderens k\u00e6rlighed og tilgivelse, fordi jeres Fader er k\u00e6rlighed og tilgivelse. Bed og Fast, fordi det er vejen til renselse, det er vejen til at kende og blive kendt af den Himmelske Fader. N\u00e5r I kender Faderen, forst\u00e5r I at Han er alt I beh\u00f8ver. Jeg \u00f8nsker, som jeres moder, at mine b\u00f8rn skal leve i f\u00e6llesskab, som et folk. hvor Guds Ord bliver lyttet til og levet. Derfor k\u00e6re b\u00f8rn, s\u00f8g min S\u00f8n, bliv et med Ham. V\u00e6r Guds b\u00f8rn. Elsk jeres hyrder, som min s\u00f8n elskede dem, da Han kaldte dem til at tjene jer. Tak!\u201d<\/p>\n<p><strong>Budskab til Marija d. 25. maj 2013:<\/strong><br \/>\n\u201cK\u00e6re B\u00f8rn, I dag kalder jeg jer til at v\u00e6re st\u00e6rke og udholdende i tro og b\u00f8n, indtil jeres b\u00f8n er s\u00e5 st\u00e6rk, at den \u00e5bner hjertet p\u00e5 min elskede S\u00f8n Jesus. Bed sm\u00e5 b\u00f8rn, bed uden oph\u00f8r indtil jeres hjerter \u00e5bner sig for Guds k\u00e6rlighed. Jeg er med jer og jeg beder for jer alle og jeg beder for jeres omvendelse. Tak fordi I har svaret p\u00e5 mit kald!\u201d<\/p>\n<p><strong>Budskab til Mirjana d. 2. maj 2013:<\/strong><br \/>\n\u201cK\u00e6re b\u00f8rn! P\u00e5 ny kalder jeg jer til at elske og ikke at d\u00f8mme. Min S\u00f8n har efter den Himmelske Faders vilje v\u00e6ret i blandt jer, for at vise jer frelsens vej, for at frelse jer og ikke for at d\u00f8mme jer. Hvis I \u00f8nsker at f\u00f8lge min S\u00f8n, vil I ikke d\u00f8mme, men elske som jeres Himmelske fader elsker jer. N\u00e5r det er allersv\u00e6rest for jer, n\u00e5r I falder under korsets v\u00e6gt, g\u00e5 ikke i panik, d\u00f8m ikke, men husk, at I er elsket og lovpris den Himmelske Fader for hans k\u00e6rlighed. Mine b\u00f8rn, afvig ikke fra den vej, som jeg leder jer p\u00e5. G\u00e5 ikke ubesindigt p\u00e5 fortabelsens vej. M\u00e5 b\u00f8n og faste styrke jer, s\u00e5 I m\u00e5 leve som den Himmelske Fader \u00f8nsker det, s\u00e5ledes at I bliver mine troens og k\u00e6rlighedens apostle, at jeres liv m\u00e5 blive til velsignelse for dem, som I m\u00f8der, at I m\u00e5 blive et med min Himmelske Fader og min S\u00f8n. Mine b\u00f8rn, at det alene er sandheden, sandheden der leder jer til omvendelse og derefter til omvendelse for alle dem I m\u00f8der \u2013 dem som endnu ikke kender min S\u00f8n \u2013 alle dem, som ikke ved, hvad det betyder at elske. Mine b\u00f8rn, min S\u00f8n gav jer hyrder, som en gave, pas godt p\u00e5 jeres hyrder. Bed for dem. Tak!\u201d<\/p>\n<p><strong>Budskab til Marija d. 25. april 2013:<\/strong><br \/>\n\u201cK\u00e6re b\u00f8rn! Bed, bed og bliv ved med at bede indtil jeres hjerter \u00e5bner sig i tro, som en blomst \u00e5bner sig for solens varme str\u00e5ler. Dette er en n\u00e5dens tid, som Gud giver jer gennem mit n\u00e6rv\u00e6r, men I er langt fra mit hjerte, derfor kalder jeg jer til personlig omvendelse og til b\u00f8n i familien. M\u00e5 den hellige skrift altid v\u00e6re en inspiration for jer. Jeg velsigner jer alle med min moderlige velsignelse. Tak fordi I har svaret p\u00e5 mit kald!\u201d<\/p>\n<p><strong>Budskab til Mirjana d. 2. april 2013:<\/strong><br \/>\n\u201cK\u00e6re b\u00f8rn, jeg kalder jer til at v\u00e6re et med min S\u00f8n i \u00e5nden. Jeg kalder jer til gennem b\u00f8n og den hellige messe, hvor min S\u00f8n forener sig med jer p\u00e5 en s\u00e6rlig m\u00e5de, at pr\u00f8ve p\u00e5 at v\u00e6re ligesom Ham, s\u00e5 at I ligesom Ham altid m\u00e5 v\u00e6re parate til at opfylde Guds vilje og ikke s\u00f8ge forl\u00f8sning i jeres eget. Fordi \u2013 mine b\u00f8rn \u2013 det er i if\u00f8lge Guds vilje, at I er og at I eksisterer, og uden Guds vilje er I intet. Som moder beder jeg jer om at tale om Guds herlighed gennem jeres liv, fordi I p\u00e5 den m\u00e5de vil give \u00e6re til jer selv, som det er Hans vilje. Vis ydmyghed og k\u00e6rlighed for jeres n\u00e6ste og for alle. Gennem s\u00e5dan ydmyghed og k\u00e6rlighed, frelste min s\u00f8n jer og \u00e5bnede vejen for jer til den Himmelske Fader. Jeg indsk\u00e6rper jer om vedholdende at holde vejen \u00e5ben til den Himmelske Fader for alle dem, som ikke kender ham og som ikke har \u00e5bnet deres hjerter for Hans k\u00e6rlighed. Gennem jeres liv \u2013 hold vejen \u00e5ben for alle dem, som stadig vandrer i deres s\u00f8gen efter sandheden! Mine b\u00f8rn v\u00e6re mine apostle, som ikke har levet forg\u00e6ves. Glem ikke at I vil komme til at st\u00e5 foran den Himmelske Fader og fort\u00e6lle Ham om jeres eget liv. V\u00e6r parate, jeg advarer jer igen, bed, for dem, som min s\u00f8n kaldte, hvis h\u00e6nder han velsignede og som han gav som en gave til jer. Bed, bed, bed for jeres hyrder. Tak!\u201d<\/p>\n<p><strong>Budskab til Marija d. 25. marts 2013:<\/strong><br \/>\n\u201cK\u00e6re b\u00f8rn! I denne n\u00e5dens tid kalder jeg jer til at tage min elskede s\u00f8n Jesus\u00b4 kors i jeres h\u00e6nder og meditere over Hans lidelse og d\u00f8d. M\u00e5 jeres lidelser blive forenede med Hans lidelser og k\u00e6rligheden vil sejre, fordi Han, som er k\u00e6rlighed, gav sig selv af k\u00e6rlighed for at frelse hver enkelt af jer. Bed, bed, bed indtil k\u00e6rlighed og fred begynder at herske i jeres hjerter. Tak fordi I har svaret p\u00e5 mit kald!\u201d<\/p>\n<p><strong>Budskab til Mirjana d. 18. marts 2013:<\/strong><br \/>\n\u201cK\u00e6re b\u00f8rn, jeg kalder jer til \u2013 med fuldst\u00e6ndig tillid og gl\u00e6de \u2013 at velsigne Herrens navn og takke Ham af hjertet hver dag for Hans store k\u00e6rlighed. Min S\u00f8n gav jer, ved den k\u00e6rlighed han viste p\u00e5 korset, muligheden for at blive tilgivet for alt, s\u00e5 I ikke beh\u00f8ver at skamme jer eller skjule jer og af frygt undlade at \u00e5bne d\u00f8ren til jeres hjerte for min S\u00f8n. Tv\u00e6rtimod, mine b\u00f8rn, forson jer med den Himmelske Fader, s\u00e5 I blive i stand til at elske jer selv, som min S\u00f8n elsker jer. N\u00e5r I elsker jerselv, vil I ogs\u00e5 elske andre. I vil se min S\u00f8n i dem og genkende storheden i Hans k\u00e6rlighed. Lev i tro! Gennem mig forbereder min s\u00f8n jer til det arbejde, Han \u00f8nsker at g\u00f8re gennem jer \u2013 arbejde gennem hvilket Han \u00f8nsker at blive herliggjort. Tak ham. S\u00e6rlig giv Ham tak for hyrderne \u2013 for jeres forbedere i forsoningen med den Himmelske Fader. Jeg takker jer, mine b\u00f8rn. Tak!\u201d<\/p>\n<p><strong>Budskab til Mirjana d. 2. marts 2013:<\/strong><br \/>\n\u201cK\u00e6re b\u00f8rn, igen p\u00e5 en moderlig m\u00e5de kalder jeg jer til ikke at v\u00e6re h\u00e5rdhjertede. Luk ikke jeres \u00f8jne for de advarsler, som den Himmelske Fader sender til jer af k\u00e6rlighed. Elsker I Ham over alt? Angrer I, at I s\u00e5 ofte glemmer, at den Himmelske Fader af k\u00e6rlighed har sendt sin S\u00f8n for at frelse jer p\u00e5 korset? Angrer I, at I ikke har accepteret budskaberne? Mine b\u00f8rn, afvis ikke min S\u00f8ns k\u00e6rlighed. Afvis ikke h\u00e5b og fred. Sammen med jeres b\u00f8nner og faste, vil min S\u00f8n \u2013 ved sit kors \u2013 fjerne m\u00f8rket, som \u00f8nsker at omslutte jer og herske over jer. Han vil give jer styrke til et nyt liv. Lever I i overensstemmelse med min s\u00f8n, s\u00e5 vil I v\u00e6re en velsignelse og h\u00e5b til alle de syndere, som vandrer i skyggen af synd. Mine b\u00f8rn, v\u00e6r \u00e5rv\u00e5gne. Jeg vil holde mig \u00e5rv\u00e5gen med jer. Jeg beder specielt for og holder \u00f8je med dem, som min S\u00f8n har kaldet til at v\u00e6re lysb\u00e6rere og b\u00e6rere at h\u00e5bet for jer \u2013 for jeres hyrder. Tak!\u201d<\/p>\n<p><strong>Budskab til Marija d. 25. februar 2013:<\/strong><br \/>\n\u201cK\u00e6re b\u00f8rn, ogs\u00e5 i dag kalder jeg jer til b\u00f8n. Synd drager jer til verdslige ting og jeg er kommet for at lede jer til hellighed og til Guddommelige ting, men I k\u00e6mper og bruger jeres energi i kampen mellem det gode og det onde, som er i jer. Derfor sm\u00e5 b\u00f8rn, bed, bed, bed indtil b\u00f8n bliver en gl\u00e6de for jer og jeres liv bliver en enkel vandring til Gud. Tak fordi I har svaret p\u00e5 mit kald!\u201d<\/p>\n<p><strong>Budskab til Mirjana d. 2. februar 2013:<\/strong><br \/>\n\u201cK\u00e6re B\u00f8rn, k\u00e6rlighed bringer mig til jer \u2013 den k\u00e6rlighed som jeg \u00f8nsker at l\u00e6re jer ogs\u00e5 \u2013 sand k\u00e6rlighed. Den k\u00e6rlighed som min S\u00f8n viste jer da Han d\u00f8de p\u00e5 korset af k\u00e6rlighed til jer. Den k\u00e6rlighed som altid er parat til at tilgive og til at bede om tilgivelse. Hvor stor er jeres k\u00e6rlighed? Mit moderlige hjerte bliver sorgfuldt i sin s\u00f8gern efter k\u00e6rlighed i jeres hjerter. I er ikke parate til at underkaste jer Guds vilje af k\u00e6rlighed. I kan ikke hj\u00e6lpe mig til at f\u00e5 dem, som ikke kender Guds k\u00e6rlighed til at kende den, fordi I ikke har sand k\u00e6rlighed. Indvi jeres hjerter til mig, og jeg vil lede jer. Jeg vil l\u00e6re jer at tilgive, at elske jeres fjender og til at leve i overensstemmelse med min S\u00f8n. V\u00e6r ikke bange for jer selv. I lidelsen glemmer min S\u00f8n ikke dem, som elsker. Jeg vil v\u00e6re ved jeres side. Jeg vil anmode den Himmelske Fader om at den evige sandheds lys og k\u00e6rlighed m\u00e5 oplyse jer. Bed for jeres hyrder, s\u00e5 at de gennem jeres faste og b\u00f8n kan lede jer i k\u00e6rlighed. Tak!\u201d<\/p>\n<p><strong>Budskab til Marija d. 25. januar 2013:<\/strong><br \/>\n\u201cK\u00e6re b\u00f8rn! Ogs\u00e5 i dag kalder jeg jer til b\u00f8n. M\u00e5 jeres b\u00f8nner blive s\u00e5 st\u00e6rke som levende sten, indtil i bliver vidner med jeres liv. V\u00e6r vidner om jeres tros sk\u00f8nhed. Jeg er med jer og beder foran min S\u00f8n for hver enkelt af jer. Tak fordi I har svaret p\u00e5 mit kald!\u201d<\/p>\n<p><strong>Budskab til Mirjana d. 2. januar 2013:<\/strong><br \/>\n\u201cK\u00e6re b\u00f8rn, med megen k\u00e6rlighed og t\u00e5lmodighed str\u00e6ber jeg efter, at jeres hjerter m\u00e5 komme til at ligne mit. Jeg fors\u00f8ger med mit eksempel at l\u00e6re jer ydmyghed, visdom og k\u00e6rlighed, fordi jeg beh\u00f8ver jer! Jeg kan ikke g\u00f8re noget uden mine b\u00f8rn. I f\u00f8lge Guds vilje v\u00e6lger jeg jer, med Hans styrke styrker jeg jer. Derfor mine b\u00f8rn v\u00e6r ikke bange for at \u00e5bne jeres hjerter for mig. Til geng\u00e6ld vil Jeg vil give dem til min S\u00f8n. Han vil give jer den Guddommelige Freds gave. I vil give den videre til alle I m\u00f8der, I vil b\u00e6re vidnesbyrd om Guds k\u00e6rlighed med jeres liv og I vil give min S\u00f8n som en gave gennem jer. Gennem forsoning, faste og b\u00f8n, vil jeg lede jer. Min k\u00e6rlighed er gr\u00e6nsel\u00f8s. V\u00e6r ikke bange. Mine b\u00f8rn, bed for hyrderne. M\u00e5 jeres l\u00e6ber v\u00e6re lukkede for enhver dom, glem ikke at min s\u00f8n har valgt dem og kun Han har retten til at d\u00f8mme. Tak!\u201d<\/p>\n<\/div>\n<\/article>\n<p>&nbsp;<\/p>\n<\/div>\n<\/div>\n","protected":false},"excerpt":{"rendered":"<p>Budskaber Medjugorje, 2013 Julebudskab til Marija d. 25. december 2013: \u201cMine k\u00e6re b\u00f8rn! Jeg bringer jer Fredens Konge, for at Han kan sk\u00e6nke jer sin fred. I, mine k\u00e6re b\u00f8rn, bed, bed, bed: B\u00f8nnens frugter vil man kunne se i ansigterne p\u00e5 de mennesker, der har besluttet sig for Gud og Hans kongerige. Jeg, med &hellip;<\/p>\n","protected":false},"author":1,"featured_media":0,"parent":0,"menu_order":0,"comment_status":"closed","ping_status":"closed","template":"","meta":{"footnotes":""},"class_list":["post-197","page","type-page","status-publish","hentry"],"_links":{"self":[{"href":"https:\/\/st.jacob.peberholm.dk\/index.php?rest_route=\/wp\/v2\/pages\/197","targetHints":{"allow":["GET"]}}],"collection":[{"href":"https:\/\/st.jacob.peberholm.dk\/index.php?rest_route=\/wp\/v2\/pages"}],"about":[{"href":"https:\/\/st.jacob.peberholm.dk\/index.php?rest_route=\/wp\/v2\/types\/page"}],"author":[{"embeddable":true,"href":"https:\/\/st.jacob.peberholm.dk\/index.php?rest_route=\/wp\/v2\/users\/1"}],"replies":[{"embeddable":true,"href":"https:\/\/st.jacob.peberholm.dk\/index.php?rest_route=%2Fwp%2Fv2%2Fcomments&post=197"}],"version-history":[{"count":3,"href":"https:\/\/st.jacob.peberholm.dk\/index.php?rest_route=\/wp\/v2\/pages\/197\/revisions"}],"predecessor-version":[{"id":232,"href":"https:\/\/st.jacob.peberholm.dk\/index.php?rest_route=\/wp\/v2\/pages\/197\/revisions\/232"}],"wp:attachment":[{"href":"https:\/\/st.jacob.peberholm.dk\/index.php?rest_route=%2Fwp%2Fv2%2Fmedia&parent=197"}],"curies":[{"name":"wp","href":"https:\/\/api.w.org\/{rel}","templated":true}]}}