{"id":2,"date":"2022-01-30T18:49:04","date_gmt":"2022-01-30T18:49:04","guid":{"rendered":"https:\/\/st.jacob.peberholm.dk\/?page_id=2"},"modified":"2022-02-14T18:59:17","modified_gmt":"2022-02-14T17:59:17","slug":"sample-page","status":"publish","type":"page","link":"https:\/\/st.jacob.peberholm.dk\/?page_id=2","title":{"rendered":"Jerusalem"},"content":{"rendered":"\n<p>Denne side arbejdes der p\u00e5. H\u00e5ber at kunne vise den inden p\u00e5ske 2022<\/p>\n","protected":false},"excerpt":{"rendered":"<p>Denne side arbejdes der p\u00e5. H\u00e5ber at kunne vise den inden p\u00e5ske 2022<\/p>\n","protected":false},"author":1,"featured_media":0,"parent":0,"menu_order":0,"comment_status":"closed","ping_status":"open","template":"","meta":{"footnotes":""},"class_list":["post-2","page","type-page","status-publish","hentry"],"_links":{"self":[{"href":"https:\/\/st.jacob.peberholm.dk\/index.php?rest_route=\/wp\/v2\/pages\/2","targetHints":{"allow":["GET"]}}],"collection":[{"href":"https:\/\/st.jacob.peberholm.dk\/index.php?rest_route=\/wp\/v2\/pages"}],"about":[{"href":"https:\/\/st.jacob.peberholm.dk\/index.php?rest_route=\/wp\/v2\/types\/page"}],"author":[{"embeddable":true,"href":"https:\/\/st.jacob.peberholm.dk\/index.php?rest_route=\/wp\/v2\/users\/1"}],"replies":[{"embeddable":true,"href":"https:\/\/st.jacob.peberholm.dk\/index.php?rest_route=%2Fwp%2Fv2%2Fcomments&post=2"}],"version-history":[{"count":2,"href":"https:\/\/st.jacob.peberholm.dk\/index.php?rest_route=\/wp\/v2\/pages\/2\/revisions"}],"predecessor-version":[{"id":159,"href":"https:\/\/st.jacob.peberholm.dk\/index.php?rest_route=\/wp\/v2\/pages\/2\/revisions\/159"}],"wp:attachment":[{"href":"https:\/\/st.jacob.peberholm.dk\/index.php?rest_route=%2Fwp%2Fv2%2Fmedia&parent=2"}],"curies":[{"name":"wp","href":"https:\/\/api.w.org\/{rel}","templated":true}]}}