{"id":203,"date":"2023-03-12T18:07:17","date_gmt":"2023-03-12T17:07:17","guid":{"rendered":"https:\/\/st.jacob.peberholm.dk\/?page_id=203"},"modified":"2024-01-24T11:27:35","modified_gmt":"2024-01-24T10:27:35","slug":"budskaber-medjugorje-2011","status":"publish","type":"page","link":"https:\/\/st.jacob.peberholm.dk\/?page_id=203","title":{"rendered":"Budskaber Medjugorje, 2011"},"content":{"rendered":"<div class=\"wrap\">\n<div id=\"primary\" class=\"content-area\">\n<h2><strong>Budskaber Medjugorje, 2011<\/strong><\/h2>\n<article id=\"post-61\" class=\"post-61 page type-page status-publish hentry\">\n<div class=\"entry-content\">\n<p><strong>Julebudskab til Marija d. 25. december 2011:<\/strong><br \/>\n\u201cK\u00e6re b\u00f8rn, ogs\u00e5 i dag b\u00e6rer jeg min S\u00f8n Jesus frem for jer i mine arme, s\u00e5 Han kan give jer Hans fred. Bed sm\u00e5 b\u00f8rn og v\u00e6r vidner, s\u00e5 at Guds fred m\u00e5 herske i alle hjerter \u2013 ikke den menneskelige \u2013 men den fred, som ingen kan \u00f8del\u00e6gge. Det er den fred i hjertet, som Gud giver til dem, som han elsker.Ved jeres d\u00e5b er I alle kaldede og elskede p\u00e5 en s\u00e6rlig m\u00e5de, derfor v\u00e6r vidner og bed at I m\u00e5 v\u00e6re mine forl\u00e6ngede arme i denne verden, som l\u00e6nges efter Gud og fred.Tak fordi I har svaret p\u00e5 mit kald!\u201d<\/p>\n<p><strong>Budskab til Mirjana d. 2 december 2011:<\/strong><br \/>\n\u201cK\u00e6re b\u00f8rn, jeg er med jer som en moder, for at jeg med min k\u00e6rlighed, b\u00f8n og eksempel kan hj\u00e6lpe jer med at blive et fremtidens fr\u00f8, et fr\u00f8 som vil vokse og blive et solidt tr\u00e6, som spreder sine grene ud over hele jorden. For at I kan blive et fremtidens fr\u00f8, et k\u00e6rlighedens fr\u00f8, s\u00e5 m\u00e5 I b\u00f8nfalde Faderen om at tilgive jer jeres fors\u00f8mmelser indtil nu. Mine b\u00f8rn, kun et rent hjerte, som er uden synd, kan \u00e5bne sig selv og kun \u00e6rlige \u00f8jne kan se vejen, som jeg \u00f8nsker at lede jer af. N\u00e5r I er blevet bevidste om dette vil I blive bevidste om Guds k\u00e6rlighed \u2013 som vil blive givet jer som en gave. S\u00e5 vil I give det videre som en gave til andre, som et k\u00e6rlighedens fr\u00f8. Tak!\u201d<\/p>\n<p><strong>Budskab til Marija d. 25. november 2001<\/strong>:<br \/>\n\u201cK\u00e6re b\u00f8rn, i dag \u00f8nsker jeg at give jer h\u00e5b og gl\u00e6de. Alt som er rundt om jer, sm\u00e5 b\u00f8rn, leder jer hen imod verdslige ting, men jeg \u00f8nsker at lede jer til en n\u00e5dens tid, s\u00e5 at I gennem denne tid m\u00e5 v\u00e6re meget t\u00e6ttere p\u00e5 min S\u00f8n, s\u00e5 Han kan lede jer til Hans k\u00e6rlighed og evige liv, som alle hjerter l\u00e6nges inderligt efter. Bed sm\u00e5 b\u00f8rn, bed og m\u00e5 denne tid blive en n\u00e5dens tid for jeres sj\u00e6le. Tak fordi I har svaret p\u00e5 mit kald!\u201d<\/p>\n<p><strong>Budskab til Mirjana d. 2. november 2011:<\/strong><br \/>\n\u201cK\u00e6re b\u00f8rn, Faderen har ikke overladt jer til jer selv. Hans k\u00e6rlighed er um\u00e5delig, den k\u00e6rlighed som bringer mig til jer, for at hj\u00e6lpe jer med at komme til at l\u00e6re Ham at kende, s\u00e5 at I alle, gennem min S\u00f8n, helhjertet kan komme til at kalde Ham \u201cFader , at I kan blive et folk i Guds familie. Imidlertid, mine b\u00f8rn, glem ikke, at I ikke er i denne verden for jeres egen skyld og at jeg ikke kalder jer her kun for jeres egen skyld. De som f\u00f8lger min S\u00f8n t\u00e6nker p\u00e5 deres br\u00f8dre i Kristus, som om det var dem selv og de kender ikke til selvoptagethed. Det er derfor, jeg \u00f8nsker at I bliver min S\u00f8ns lys, s\u00e5 at alle dem, som ikke har l\u00e6rt Faderen at kende \u2013 alle dem som vandrer i syndens m\u00f8rke, fortvivlelse, smerte og ensomhed \u2013 at I m\u00e5 oplyse vejen og at I med jeres liv m\u00e5 vise dem Guds k\u00e6rlighed. Jeg er med jer. Hvis I \u00e5bner jeres hjerter, vil jeg lede jer. Atter kalder jeg jer til at bede for jeres hyrder. Tak!\u201d<\/p>\n<p><strong>Budskab til Marija d. 25. oktober 2011:<\/strong><br \/>\n\u201cK\u00e6re b\u00f8rn, jeg ser p\u00e5 jer og jeg ser ingen gl\u00e6de i jeres hjerter. I dag \u00f8nsker jeg at giver jer den Opstandnes gl\u00e6de, s\u00e5 at Han kan lede jer og omfavne jer med Sin k\u00e6rlighed og mildhed. Jeg elsker jer og jeg beder for jeres omvendelse uden oph\u00f8r foran min S\u00f8n Jesus. Tak fordi I har svaret p\u00e5 mit kald!\u201d<\/p>\n<p><strong>Budskab til Mirjana d. 2. oktober 2011:<\/strong><br \/>\n\u201cK\u00e6re B\u00f8rn. Ogs\u00e5 i dag kalder mit moderlige hjerte jer til b\u00f8n, til jeres personlige forhold med Gud Fader, til gl\u00e6den ved b\u00f8n i Ham. Gud Fader er ikke langt v\u00e6k fra jer og Han er ikke ubekendt med jer. Han gav sig selv til kende for jer gennem min S\u00f8n og gav jer liv, som er min s\u00f8n. Derfor mine b\u00f8rn, giv jer ikke ind i fristelser, som \u00f8nsker at adskille jer fra Gud Fader. Bed! Opret ikke familier og f\u00e6llesskaber uden ham. Bed! Bed om at jeres hjerter m\u00e5 blive overfyldte med den godhed, som udelukkende kommer fra min S\u00f8n, Som er \u00e6gte godhed. Kun hjerter, som er fyldte med godhed, kan forst\u00e5 og acceptere Gud Fader. Jeg vil forts\u00e6tte med at lede jer. P\u00e5 en s\u00e6rlig m\u00e5de beder jeg jer indtr\u00e6ngende om ikke at d\u00f8mme jeres hyrder. Mine b\u00f8rn, glemmer I at Gud Fader har kaldet dem? Bed! Tak!\u201d<\/p>\n<p><strong>Budskab til Marija d. 25. september 2011:<\/strong><br \/>\n\u201cK\u00e6re b\u00f8rn. Jeg kalder jer, for at denne tid \u2013 for jer alle \u2013 m\u00e5 blive en tid, hvor I b\u00e6rer vidnesbyrd. I som lever i Guds k\u00e6rlighed og har erfaret hans gaver, v\u00e6r vidner om dem med jeres ord og liv, at de m\u00e5 blive til gl\u00e6de og opmuntring for andre i troen. Jeg er med jer og beder uoph\u00f8rligt for jer foran Gud, at jeres tro altid m\u00e5 v\u00e6re levende og fyldt med gl\u00e6de og i Guds k\u00e6rlighed. Tak fordi I har svaret p\u00e5 mit kald!\u201d<\/p>\n<p><strong>Budskab til Mirjana d. 2. september 2011:<\/strong><br \/>\n\u201cK\u00e6re b\u00f8rn, af hele mit hjerte og sj\u00e6l, som er fyldt med tro og k\u00e6rlighed til den Himmelske Fader, gav jeg min S\u00f8n til jer og jeg giver Jer Ham endnu engang. Min S\u00f8n har bragt jer og hele verden kendskabet til den eneste sande Gud og Hans k\u00e6rlighed. Han har ledt jer ind p\u00e5 sandhedens vej og har gjort jer til br\u00f8dre og s\u00f8stre. Derfor, mine b\u00f8rn, flak ikke om, luk ikke jeres hjerte for sandheden, h\u00e5bet og k\u00e6rligheden. Alt omkring jer forg\u00e5r og alt falder fra hinanden, kun Guds herlighed bliver tilbage. Derfor frasig jer alt, som distancerer jer fra Herren. Tilbed kun Ham, fordi Han er den eneste sande Gud. Jeg er med jer og jeg vil forblive hos jer. Jeg beder s\u00e6rligt for hyrderne, at de m\u00e5 v\u00e6re v\u00e6rdige til at repr\u00e6sentere min S\u00f8n og m\u00e5 lede jer med k\u00e6rlighed p\u00e5 vejen til sandheden. Tak!\u201d<\/p>\n<p><strong>Budskab til Marija d. 25. august 2011:<\/strong><br \/>\n\u201cK\u00e6re b\u00f8rn! Med gl\u00e6de opfordrer jeg jer alle, mine k\u00e6re b\u00f8rn, som f\u00f8lger min opfordring, v\u00e6r gl\u00e6de og fred! Med jeres liv skal I vidne om Himlen, som jeg bringer jer. Det er tid, mine k\u00e6re b\u00f8rn, til at I bliver min k\u00e6rligheds gensk\u00e6r for alle dem, der ikke elsker og hvis hjerter er erobret af had. Glem ikke: Jeg er med jer og g\u00e5r i forb\u00f8n for jer hos min S\u00f8n Jesus, s\u00e5 at Han giver jer sin fred. Tak, fordi I har svaret p\u00e5 mit kald!\u201d<\/p>\n<p><strong>Budskab til Mirjana d. 2. august 2011:<\/strong><br \/>\n\u201cK\u00e6re b\u00f8rn, i dag kalder jeg jer til at blive f\u00f8dt p\u00e5ny i b\u00f8n og gennem Hellig\u00e5nden til at blive et nyt folk med min S\u00f8n, et folk som ved at hvis de har mistet Gud, har de mistet sig selv, et folk som ved at med Gud \u2013 uanset alle lidelser og pr\u00f8velser \u2013 er de sikre og frelste. Jeg kalder jer til at samles ind i Guds familie og til at at blive styrket med Faderens styrke. som enkeltpersoner, mine b\u00f8rn, kan I ikke stoppe det onde, som \u00f8nsker at begynde at herske i denne verden og at \u00f8del\u00e6gge den. Men if\u00f8lge guds vilje kan I alle, sammen med Min s\u00f8n forandre alt og helbrede verden. Jeg kalder jer til at bede af hele jeres hjerte for jeres hyrder, fordi min S\u00f8n har udvalgt dem. Tak!\u201d<\/p>\n<p><strong>Budskab til Marija d. 25. juli 2011:<\/strong><br \/>\n\u201cK\u00e6re b\u00f8rn, m\u00e5 denne tid v\u00e6re en b\u00f8nnens og stilhedens tid for jer. Hvil jeres legemer og jeres \u00e5nd og m\u00e5 de v\u00e6re i Guds k\u00e6rlighed. Tillad mig, sm\u00e5 b\u00f8rn, at lede jer, \u00e5bne jeres hjerter for Hellig\u00e5nden, s\u00e5 at alt det gode, som er i jer m\u00e5 blomstre og b\u00e6re hundrede fold frugt. Begynd dagen og slut dagen med b\u00f8n med hjertet. Tak fordi I har svaret p\u00e5 mit kald!\u201d<\/p>\n<p><strong>Budskab til Mirjana d. 2. juli 2011:<\/strong><br \/>\n\u201cK\u00e6re B\u00f8rn, i dag kalder jeg jer til et sv\u00e6rt og smertefuldt skridt i forhold til jeres forening med min S\u00f8n. Jeg kalder jer til fuldst\u00e6ndig indr\u00f8mmelse og bekendelse af synder, til renselse. Et urent hjerte kan ikke v\u00e6re i min S\u00f8n og med min S\u00f8n. Et urent hjerte kan ikke give k\u00e6rlighed og enhed som frugt. Et urent hjerte kan ikke g\u00f8re korrekte og retf\u00e6rdige gerninger. Det er ikke et eksempel p\u00e5 Guds k\u00e6rligheds sk\u00f8nhed for dem, som er omkring det, og til dem som ikke har erfaret den k\u00e6rlighed. I mine b\u00f8rn samles omkring mig fulde af begejstring, \u00f8nsker og forventninger, og jeg b\u00f8nfalder den gode Fader til, gennem Hellig\u00e5nden, at inds\u00e6tte min S\u00f8n \u2013 tro, i jeres rensede hjerter. Mine b\u00f8rn, adlyd mig og g\u00e5 med mig.<br \/>\nDa Jomfru Maria tog afsted viste hun et m\u00f8rke p\u00e5 hende venstre side og p\u00e5 hendes h\u00f8jre et kors i gyldent lys.\u201d<\/p>\n<p><strong>Budskab til Marija d. 25. juni 2011:<\/strong><br \/>\n\u201cK\u00e6re b\u00f8rn. Giv tak sammen med mig til den H\u00f8jeste for min tilstedev\u00e6relse her sammen med jer. Mit hjerte fyldes med gl\u00e6de, n\u00e5r jeg ser den k\u00e6rlighed og gl\u00e6de, hvormed mine budskaber leves. Mange af jer har svaret, men jeg venter p\u00e5 og s\u00f8ger alle de hjerter, som er faldet i s\u00f8vn, at de m\u00e5 v\u00e5gne fra deres s\u00f8vntilstand af ikke-tro. Sm\u00e5 b\u00f8rn, tr\u00e6d endnu n\u00e6rmere til mit Ubesmittede Hjerte, s\u00e5 at jeg kan lede alle ind i evigheden. Tak fordi I har svaret p\u00e5 mit kald!\u201d<\/p>\n<p><strong>Budskab til Mirjana d. 2. juni 2011:<\/strong><br \/>\n\u201cK\u00e6re b\u00f8rn. Som jeg nu kalder jer til b\u00f8n for dem, som endnu ikke har l\u00e6rt Guds k\u00e6rlighed at kende, hvis I s\u00e5 ser ind i jeres egne hjerter, vil I forst\u00e5, at jeg taler om mange af jer. Pr\u00f8v, med et \u00e5bent hjerte at sp\u00f8rge jer selv \u00e6rligt, om I \u00f8nsker Den Levende Gud eller om I \u00f8nsker, at udelukke Ham og leve som I \u00f8nsker. Se jer omkring, mine sm\u00e5 b\u00f8rn, og se hvor verden er p\u00e5 vej hen, verden som t\u00e6nker at g\u00f8re alt uden Faderen og som vandrer i fristelsens m\u00f8rke. Jeg ofrer jer sandhedens lys og Hellig\u00e5nden. I f\u00f8lge Guds plan er jeg hos jer for at hj\u00e6lpe jer med at f\u00e5 min s\u00f8n, Hans Kors og Hans Opstandelse til at sejre i jeres hjerter. som en moder, \u00f8nsker jeg og beder for jeres forening med min S\u00f8n og Hans arbejde. Jeg er med jer, I beslutter. Tak!\u201d<\/p>\n<p><strong>Budskab til Marija d. 25. maj 2011:<\/strong><br \/>\n\u201cK\u00e6re b\u00f8rn. Min b\u00f8n i dag er for alle jer, som s\u00f8ger omvendelsens n\u00e5de. I banker p\u00e5 mit hjertes d\u00f8r, men uden h\u00e5b og b\u00f8n, i synd og uden forsoningens sakramente med Gud. Forlad synden og beslut jer, sm\u00e5 b\u00f8rn, for hellighed. Kun p\u00e5 denne m\u00e5de kan jeg hj\u00e6lpe jer, h\u00f8re jeres b\u00f8nner og s\u00f8ge forb\u00f8n foran den H\u00f8jeste. Tak fordi I har svaret p\u00e5 mit kald!\u201d<\/p>\n<p><strong>Budskab til Mirjana d. 2. maj 2011:<\/strong><br \/>\n\u201cK\u00e6re b\u00f8rn. Gud Fader sender mig for at vise jer vejen til frelse, fordi Han, mine b\u00f8rn, \u00f8nsker at frelse jer og ikke at ford\u00f8mme jer. Det er derfor, jeg, som en mor, samler jer omkring mig, fordi jeg \u00f8nsker at hj\u00e6lpe jer med min moderlige k\u00e6rlighed til at blive befriet af fortidens snavs og til at begynde at leve p\u00e5ny og p\u00e5 en anderledes m\u00e5de. Jeg kalder jer til at opst\u00e5 i min s\u00f8n. Sammen med skriftem\u00e5l frasig jer alt, som har fjernet jer fra min S\u00f8n og som har gjort jeres liv tomt og uden succes. Sig ja til Faderen med hjertet og g\u00e5 frelsens vej, som Han kalder jer til gennem Hellig\u00e5nden. Tak. Jeg beder s\u00e6rlig for pr\u00e6sterne, at Gud \u00e5 hj\u00e6lpe dem med at v\u00e6re p\u00e5 siden af jer med et helt hjerte.\u201d<\/p>\n<p><strong>Budskab til Marija d. 25. april 2011:<\/strong><br \/>\n\u201cK\u00e6re b\u00f8rn, ligesom naturen ses i \u00e5rets smukkeste farver, p\u00e5 samme m\u00e5de kalder jeg ogs\u00e5 jer til at b\u00e6re vidnesbyrd med jeres liv og at hj\u00e6lpe andre med at n\u00e6rme sig mit Ubesmittede Hjerte, s\u00e5 k\u00e6rlighedsflammen fra den H\u00f8jeste m\u00e5 spire i deres hjerter. Jeg er med jer og jeg beder for jer uden oph\u00f8r, at jeres liv m\u00e5 reflektere Himlen her p\u00e5 jorden. Tak fordi I har svaret p\u00e5 mit kald!\u201d<\/p>\n<p><strong>Budskab til Mirjana d. 2. april 2011:<\/strong><br \/>\n\u201cK\u00e6re b\u00f8rn, med moderlig k\u00e6rlighed \u00f8nsker jeg at \u00e5bne hjertet hos hver enkelt af jer og l\u00e6re jer personlig enhed med Faderen. For at acceptere dette, m\u00e5 I forst\u00e5, at I er vigtige for Gud og at Han kalder jer individuelt. I m\u00e5 forst\u00e5, at jeres b\u00f8nner er et barns samtale med Faderen, at k\u00e6rlighed er det, som du m\u00e5 starte med \u2013 k\u00e6rlighed til Gud og til din n\u00e6ste. Med dette mener jeg, mine b\u00f8rn, den k\u00e6rlighed, som ikke har nogen gr\u00e6nser, det er den k\u00e6rlighed, som udspringer fra sandheden og forts\u00e6tter til enden. F\u00f8lg mig mine b\u00f8rn, s\u00e5 at andre, n\u00e5r de genkender sandheden og k\u00e6rligheden i dig, vil f\u00f8lge dig. Tak!\u201d<\/p>\n<p><strong>Budskab til Marija d. 25. marts 2011:<\/strong><br \/>\nK\u00e6re b\u00f8rn! Gud har tilladt, at jeg ogs\u00e5 I dag er hos jer for at opfordre jer til b\u00f8n og faste. I skal leve denne n\u00e5dens tid og v\u00e6re vidner om h\u00e5bet. Jeg gentager for jer, k\u00e6re b\u00f8rn, at b\u00f8n og faste ogs\u00e5 kan stoppe krige. Mine k\u00e6re b\u00f8rn, tro, og lev i troen og med troen i denne n\u00e5dens tid, og mit ubesmittede Hjerte vil ikke lade nogen af jer tilbage i ufreden, hvis I tager tilflugt til mig. Jeg g\u00e5r i forb\u00f8n for jer hos den Allerh\u00f8jeste, og jeg beder for fred i jeres hjerte og h\u00e5b for fremtiden. Tak, fordi I har svaret p\u00e5 mit kald!<\/p>\n<p><strong>Budskab til Mirjana d. 18. marts 2011:<\/strong><br \/>\n\u201cK\u00e6re b\u00f8rn, jeg er med jer i den St\u00f8rste K\u00e6rligheds navn, i vor k\u00e6re Guds navn, som er kommer jer n\u00e6r gennem min S\u00f8n og har vist jer \u00e6gte k\u00e6rlighed. Jeg \u00f8nsker at lede jer p\u00e5 Guds vej. Jeg \u00f8nsker at l\u00e6re jer \u00e6gte k\u00e6rlighed, s\u00e5 at andre kan se den i jer og I kan se den i andre, at I m\u00e5 v\u00e6re en broder til dem og at andre m\u00e5 se jer som en barmhjertig broder. Mine b\u00f8rn v\u00e6re ikke bange for at \u00e5bne jeres hjerter for mig. Med moderlig k\u00e6rlighed vil jeg vise jer, hvad jeg forventer af jer, hvad jeg forventer mig af mine apostle. F\u00f8lg mig! Tak!\u201d<\/p>\n<p>Mirjana havde daglige \u00e5benbaringer indtil d. 25. december 1982. Under den sidste \u00e5benbaring fik hun den tiende hemmelighed og Jomfru Maria lovede hende, at hun ville vise sig for hende engang om \u00e5ret d. 18. marts. Mange tusinde pilgrimme var samlet og bad rosenkransen ved det Bl\u00e5 Kors, hvor \u00e5benbaringen fandt sted kl. 13.46 \u2013 13.50.<\/p>\n<p><strong>Budskab til Mirjana d. 2. marts 2011:<\/strong><br \/>\n\u201cK\u00e6re b\u00f8rn, mit moderhjerte lider forf\u00e6rdeligt, n\u00e5r jeg ser p\u00e5 mine b\u00f8rn, som konsekvent s\u00e6tter det menneskelige foran det, som er af Gud. At mine b\u00f8rn, som p\u00e5 trods af alt hvad der omgiver dem og p\u00e5 trods af alle de tegn, som bliver sendt til dem, t\u00e6nker, at de kan leve uden min S\u00f8n. Det kan de ikke! De g\u00e5r henimod evig ford\u00f8mmelse. Det er derfor jeg samler jer, jer som er parate til at \u00e5bne jeres hjerte for mig, jer som er parate til at blive apostle af min k\u00e6rlighed, til at hj\u00e6lpe mig, s\u00e5 at I ved at leve Guds k\u00e6rlighed m\u00e5 blive et eksempel for dem, som ikke kender den. M\u00e5 faste og b\u00f8n give jer styrke i dette og jeg velsigner jer med moderlig velsignelse i Faderens og S\u00f8nnens og Hellig\u00e5ndens navn. Tak!<\/p>\n<p><strong>Budskab til Marija d. 25. februar 2011:<\/strong><br \/>\n\u201cK\u00e6re b\u00f8rn. Naturen er ved og v\u00e5gne og p\u00e5 tr\u00e6erne kan man se de f\u00f8rste knopper som vil frembringe de smukkeste blomster og frugt. Jeg \u00f8nsker, at I ogs\u00e5, sm\u00e5 b\u00f8rn, arbejder p\u00e5 jeres omvendelse og at I m\u00e5 blive en af dem, som vidner med deres liv, s\u00e5 at jeres eksempel m\u00e5 v\u00e6re et tegn og v\u00e6re incitament til omvendelse for andre. Jeg er med jer og beder for jeres omvendelse foran min s\u00f8n Jesus. Tak, fordi I har svaret p\u00e5 mit kald!\u201d<\/p>\n<p><strong>Budskab til Mirjana d. 2. februar 2011:<\/strong><br \/>\n\u201cK\u00e6re b\u00f8rn. I samles rundt om mig, I s\u00f8ger jeres vej, I s\u00f8ger, I s\u00f8ger sandheden, men glemmer det vigtigste, I glemmer at bede rigtigt. Jeres l\u00e6ber udtaler utallige ord, men jeres \u00e5nd f\u00f8ler ikke noget. Vandrende i m\u00f8rket, forestiller I jer oven i k\u00f8bet Gud i f\u00f8lge jer selv og ikke s\u00e5dan, som Han virkelig er i Hans k\u00e6rlighed. K\u00e6re b\u00f8rn, sand b\u00f8n kommer fra dybet i jeres hjerte, fra jeres lidelse, fra jeres gl\u00e6de, fra jeres s\u00f8gen tilgivelse for synd. Det er vejen til at komme til at kende den rette Gud og s\u00e5ledes ogs\u00e5 jerselv, fordi i er skabt i f\u00f8lge Ham. B\u00f8n vil bringe jer til opfyldelsen af mit \u00f8nske, min mission her med jer, til enheden i Guds familie. Tak!\u201d<\/p>\n<p><strong>Budskab til Marija d. 25. januar 2011:<\/strong><br \/>\n\u201cK\u00e6re b\u00f8rn! Ogs\u00e5 i dag er jeg med jer og jeg ser p\u00e5 jer og velsigner jer og jeg mister ikke h\u00e5bet om, at denne verden vil forandre sig til det bedre og at fred vil herske i menneskers hjerter. Der vil begynde at herske gl\u00e6de i verden, fordi I har \u00e5bnet jer for mit kald og for Guds k\u00e6rlighed. Hellig\u00e5nden er ved at forandre mange af dem, som har sagt \u201cja\u201d. Derfor \u00f8nsker jeg at sige til jer: tak, fordi I har svaret p\u00e5 mit kald!\u201d<\/p>\n<p><strong>Budskab til Mirjana d. 2. januar 2011:<\/strong><br \/>\n\u201cK\u00e6re b\u00f8rn, i dag kalder jeg jer til f\u00e6llesskab i Jesus, min s\u00f8n. Mit moderhjerte beder om, at I m\u00e5 forst\u00e5, at I er Guds familie. Gennem viljens \u00e5ndelige frihed, som den Himmelske Fader har givet jer, er I blevet kaldet til at erkende sandheden, det gode eller det onde. M\u00e5 b\u00f8n og faste \u00e5bne jeres hjerter og hj\u00e6lpe jer med at f\u00e5 \u00f8je p\u00e5 den Himmelske Fader gennem min S\u00f8n. Ved at opdage Faderen vil jeres liv blivet ledt til at udf\u00f8re Guds vilje og til at realisere Guds familie p\u00e5 den m\u00e5de, som min S\u00f8n \u00f8nsker. Jeg vil ikke lade jer v\u00e6re alene p\u00e5 denne vej. Tak!\u201d<\/p>\n<\/div>\n<\/article>\n<p>&nbsp;<\/p>\n<\/div>\n<\/div>\n","protected":false},"excerpt":{"rendered":"<p>Budskaber Medjugorje, 2011 Julebudskab til Marija d. 25. december 2011: \u201cK\u00e6re b\u00f8rn, ogs\u00e5 i dag b\u00e6rer jeg min S\u00f8n Jesus frem for jer i mine arme, s\u00e5 Han kan give jer Hans fred. Bed sm\u00e5 b\u00f8rn og v\u00e6r vidner, s\u00e5 at Guds fred m\u00e5 herske i alle hjerter \u2013 ikke den menneskelige \u2013 men den &hellip;<\/p>\n","protected":false},"author":1,"featured_media":0,"parent":0,"menu_order":0,"comment_status":"closed","ping_status":"closed","template":"","meta":{"footnotes":""},"class_list":["post-203","page","type-page","status-publish","hentry"],"_links":{"self":[{"href":"https:\/\/st.jacob.peberholm.dk\/index.php?rest_route=\/wp\/v2\/pages\/203","targetHints":{"allow":["GET"]}}],"collection":[{"href":"https:\/\/st.jacob.peberholm.dk\/index.php?rest_route=\/wp\/v2\/pages"}],"about":[{"href":"https:\/\/st.jacob.peberholm.dk\/index.php?rest_route=\/wp\/v2\/types\/page"}],"author":[{"embeddable":true,"href":"https:\/\/st.jacob.peberholm.dk\/index.php?rest_route=\/wp\/v2\/users\/1"}],"replies":[{"embeddable":true,"href":"https:\/\/st.jacob.peberholm.dk\/index.php?rest_route=%2Fwp%2Fv2%2Fcomments&post=203"}],"version-history":[{"count":2,"href":"https:\/\/st.jacob.peberholm.dk\/index.php?rest_route=\/wp\/v2\/pages\/203\/revisions"}],"predecessor-version":[{"id":230,"href":"https:\/\/st.jacob.peberholm.dk\/index.php?rest_route=\/wp\/v2\/pages\/203\/revisions\/230"}],"wp:attachment":[{"href":"https:\/\/st.jacob.peberholm.dk\/index.php?rest_route=%2Fwp%2Fv2%2Fmedia&parent=203"}],"curies":[{"name":"wp","href":"https:\/\/api.w.org\/{rel}","templated":true}]}}