{"id":208,"date":"2023-03-12T18:09:28","date_gmt":"2023-03-12T17:09:28","guid":{"rendered":"https:\/\/st.jacob.peberholm.dk\/?page_id=208"},"modified":"2024-01-24T11:26:58","modified_gmt":"2024-01-24T10:26:58","slug":"budskaber-medjugorje-2010","status":"publish","type":"page","link":"https:\/\/st.jacob.peberholm.dk\/?page_id=208","title":{"rendered":"Budskaber Medjugorje, 2010"},"content":{"rendered":"<div id=\"content\" class=\"site-content\">\n<div class=\"wrap\">\n<div id=\"primary\" class=\"content-area\">\n<h2><strong>Budskaber Medjugorje, 2010<\/strong><\/h2>\n<article id=\"post-63\" class=\"post-63 page type-page status-publish hentry\">\n<div class=\"entry-content\">\n<p><strong>Julebudskab til Marija d. 25. december 2010:<\/strong><br \/>\n\u201cK\u00e6re b\u00f8rn, i dag \u00f8nsker jeg og min s\u00f8n at give jer en overflod af gl\u00e6de og fred, s\u00e5 at hver enkelt af jer m\u00e5 b\u00e6re gl\u00e6de og v\u00e6re vidnesbyrd om fred og gl\u00e6de, der hvor I bor. Sm\u00e5 b\u00f8rn, v\u00e6re en velsignelse og v\u00e6r fred. Tak fordi I har svaret p\u00e5 mit kald!\u201d<\/p>\n<p><strong>Budskab til Mirjana d. 2 december 2010:<\/strong><br \/>\n\u201cK\u00e6re b\u00f8rn, i dag beder jeg her med jer, at I m\u00e5 samle styrke til at \u00e5bne jeres hjerter og s\u00e5ledes blive bevidste om Den Lidende Guds ufattelige k\u00e6rlighed. Gennem denne Hans k\u00e6rlighed, godhed og mildhed, er jeg ogs\u00e5 med jer. Jeg inviterer jer til at g\u00f8re denne s\u00e6rlige forberedelsestid til en tid i b\u00f8n, soning og omvendelse. Mine b\u00f8rn, I har brug for Gud. I kan ikke komme videre uden min s\u00f8n. N\u00e5r I forst\u00e5r og accepterer dette, s\u00e5 vil det, der er lovet jer, blive realiseret. Gennem Hellig\u00e5nden vil Guds Rige blive f\u00f8dt i jeres hjerter. Jeg leder jer til dette. Tak!\u201d<\/p>\n<p><strong>Budskab til Marija d. 25. november 2010:<\/strong><br \/>\n\u201cK\u00e6re b\u00f8rn! Jeg ser p\u00e5 jer og jeg ser d\u00f8d uden h\u00e5b i jeres hjerter, hvilel\u00f8shed og sult. Der er ingen b\u00f8n eller tillid til Gud, og det er derfor at Den H\u00f8jeste tillader mig at bringer jer h\u00e5b og gl\u00e6de. \u00e5ben jer! \u00e5ben jeres hjerter for Guds barmhjertighed og Han vil give jer alt, I har brug for og vil fylde jeres hjerter med fred, fordi Han er fred og jeres h\u00e5b. Tak fordi I har svaret p\u00e5 mit kald!\u201d<\/p>\n<p><strong>Budskab til Mirjana d. 2. november 2010:<\/strong><br \/>\n\u201cK\u00e6re b\u00f8rn, med moderlig udholdenhed og k\u00e6rlighed bringer jeg jer livets lys for at \u00f8del\u00e6gge d\u00f8dens m\u00f8rke i jer. Afvis mig ikke mine b\u00f8rn. Stop op og se ind i jer selv og se hvor syndfulde I er. V\u00e6r bevidste om jeres synder og bed om tilgivelse. Mine b\u00f8rn, I \u00f8nsker ikke at acceptere, at I er svage og sm\u00e5, men I kan blive st\u00e6rke og store ved at g\u00f8re Guds vilje. Giv mig jeres rensede hjerter, s\u00e5 jeg kan oplyse dem med livets lys, min s\u00f8n. Tak!\u201d<\/p>\n<p><strong>Budskab til Marija d. 25. oktober 2010:<\/strong><br \/>\n\u201cK\u00e6re b\u00f8rn! m\u00e5 denne tid v\u00e6re en tid med b\u00f8n for jer. Mit kald, sm\u00e5 b\u00f8rn, \u00f8nsker at v\u00e6re et kald til jer om at beslutte jer til at f\u00f8lge vejen til omvendelse. Derfor, bed og s\u00f8g forb\u00f8n hos alle helgenerne. M\u00e5 de v\u00e6re et eksempel for jer, en tilskyndelse og en gl\u00e6de p\u00e5 vejen henimod det evige liv. Tak fordi I har svaret p\u00e5 mit kald!\u201d<\/p>\n<p><strong>Budskab til Mirjana d. 2. oktober 2010:<\/strong><br \/>\n\u201cK\u00e6re b\u00f8rn, i dag kalder jeg jer til ydmyg \u2013 mine b\u00f8rn \u2013 ydmyg hengivelse. Jeres hjerter har brug for at blive retskafne. M\u00e5 jeres kors blive midler i kampen mod tidens synd. M\u00e5 jeres v\u00e5ben v\u00e6re t\u00e5lmodighed og gr\u00e6nsel\u00f8s k\u00e6rlighed \u2013 en k\u00e6rlighed som kan vente og som vil g\u00f8re jer i stand til at genkende Guds tegn \u2013 s\u00e5 at jeres liv, med ydmyg k\u00e6rlighed, m\u00e5 vise vejen for alle dem, som s\u00f8ger i l\u00f8gnens m\u00f8rke. Mine b\u00f8rn, mine apostle, hj\u00e6lp mig med at \u00e5bne vejene til min S\u00f8n. Endnu engang kalder jeg jer til at bede for jeres hyrder. Sammen med dem, vil jeg sejre. Tak!\u201d<\/p>\n<p><strong>Budskab til Marija d. 25. september 2010:<\/strong><br \/>\n\u201cK\u00e6re b\u00f8rn! Jeg er med jer i dag og velsigner jer alle med min moderlige fredsvelsignelse og jeg tilskynder jer til at leve jeres trosliv endnu mere overbevisende, fordi I stadig er svage og ikke ydmyge. Jeg tilskynder jer, sm\u00e5 b\u00f8rn, til at tale mindre og til at arbejde mere p\u00e5 jeres personlige omvendelse, s\u00e5 at jeres vidnesbyrd m\u00e5 v\u00e6re frugtbart. Og m\u00e5 jeres liv v\u00e6re uoph\u00f8rlig b\u00f8n! Tak fordi I har svare p\u00e5 mit kald!\u201d<\/p>\n<p><strong>Budskab til Mirjana d. 2. september 2010:<\/strong><br \/>\n\u201cK\u00e6re b\u00f8rn. Jeg er ved jeres side, fordi jeg \u00f8nsker at hj\u00e6lpe jer med at overvinde pr\u00f8velser, som denne renselsens tid byder jer. Mine b\u00f8rn, en af disse er: ikke at tilgive og ikke at bede om tilgivelse. Hver eneste synd kr\u00e6nker k\u00e6rligheden og fjerner jer fra den \u2013 og k\u00e6rlighed er min S\u00f8n. Derfor mine b\u00f8rn, hvis I \u00f8nsker at vandre med mig henimod Guds k\u00e6rligheds fred, s\u00e5 m\u00e5 I l\u00e6re at tilgive og bede om tilgivelse. Tak!\u201d<\/p>\n<p><strong>Budskab til Marija d. 25. august 2010:<\/strong><br \/>\n\u201cK\u00e6re b\u00f8rn, med stor gl\u00e6de \u00f8nsker jeg ogs\u00e5 i dag at kalde jer p\u00e5 ny: bed, bed,bed. M\u00e5 denne tid v\u00e6re en tid med personlig b\u00f8n for jer. Find i l\u00f8bet af dagen et sted, hvor du kan bede i gl\u00e6de og uforstyrrethed. Jeg elsker jer og velsigner jer alle. Tak fordi I har svaret p\u00e5 mit kald!\u201d<\/p>\n<p><strong>Budskab til Mirjana d. 2. august 2010:<\/strong><br \/>\n\u201cK\u00e6re B\u00f8rn, i dag kalder Jeg jer til sammen med Mig at begynde at opbygge Himlens Rige i jeres hjerter, s\u00e5 I glemmer, det som er personligt og \u2013 ledt af min S\u00f8ns eksempel \u2013 t\u00e6nker p\u00e5 det, som er af Gud. Hvad \u00f8nsker Han af jer? Tillad ikke satan at \u00e5bne vejene til jordisk lykke, veje uden min S\u00f8n. Mine b\u00f8rn, de er falske og varer kun kort tid. Min S\u00f8n eksisterer. Jeg tilbyder jer evig lykke og fred og enhed med min S\u00f8n, med Gud. Jeg tilbyder jer Guds Rige. Tak!\u201d<\/p>\n<p><strong>Budskab til Marija d. 25. juli 2010:<\/strong><br \/>\n\u201cK\u00e6re b\u00f8rn, jeg kalder jer p\u00e5 ny til at f\u00f8lge mig med gl\u00e6de. Jeg \u00f8nsker at lede jer alle til min S\u00f8n, jeres Frelser. I er ikke bevidste om, at uden Ham har I ikke gl\u00e6de og fred og heller ikke en fremtid eller evigt liv. Derfor sm\u00e5 b\u00f8rn, g\u00f8r god brug af denne tid med gl\u00e6desfyldt b\u00f8n og overgivelse. Tak fordi I har svaret p\u00e5 mit kald!\u201d<\/p>\n<p><strong>Budskab til Mirjana d. 2. juli 2010:<\/strong><br \/>\n\u201cK\u00e6re b\u00f8rn, mit moderlige kald, som Jeg giver jer i dag er et kald til sandhed og liv. Min S\u00f8n, som er livet elsker jer og kender jer som I i virkeligheden er. For at komme til at kende og elske jer selv, m\u00e5 I l\u00e6re min S\u00f8n at kende. For at kommet til at kende og elske andre, m\u00e5 I se min S\u00f8n i dem. Derfor mine b\u00f8rn, bed, bed om at I m\u00e5 forst\u00e5 og underkaste jer med en \u00e5nd som er fri og fuldst\u00e6ndig transformeret og p\u00e5 den m\u00e5de have Himmeriget i jeres hjerter her p\u00e5 jorden. Tak!\u201d<\/p>\n<p><strong>Budskab til Marija d. 25. juni 2010:<\/strong><br \/>\n\u201cK\u00e6re B\u00f8rn! Med gl\u00e6de, Jeg kalder jer alle til at leve mine budskaber med gl\u00e6de. Kun p\u00e5 denne m\u00e5de, sm\u00e5 b\u00f8rn, vil I v\u00e6re i stand til at v\u00e6re n\u00e6rmere min s\u00f8n. Jeg \u00f8nsker bare at lede jer alle til Ham og i Ham vil I finde sand fred og gl\u00e6de i jeres hjerter. Jeg velsigner jer og elsker jer med med en uendelig k\u00e6rlighed. Tak fordi I har svaret p\u00e5 mit kald!\u201d<\/p>\n<p><strong>Budskab til Mirjana d. 2. juni 2010:<\/strong><br \/>\n\u201cK\u00e6re b\u00f8rn, i dag kalder Jeg jer til med b\u00f8n og faste at \u00e5bne den vej, ad hvilken min S\u00f8n vil tr\u00e6de ind i jeres hjerter. Anerkend Mig som jeres Moder og Budbringer af Guds k\u00e6rlighed og Hans \u00f8nske om jeres frelse. Befri jer fra alt fra jeres fortid, som tynger jer, som giver jer en f\u00f8lelse af skyld, det som tidligere har f\u00f8rt jer p\u00e5 afveje ind i fejl og m\u00f8rke. Accepter lyset. Bliv f\u00f8dt igen i min s\u00f8ns retf\u00e6rdighed. Tak!\u201d<\/p>\n<p><strong>Budskab til Marija d. 25. maj 2010:<\/strong><br \/>\n\u201cK\u00e6re B\u00f8rn! Gud gav jer n\u00e5de til at leve og til at forsvare det gode, som er i jer og omkring jer og til at inspirere andre til at blive bedre og mere hellige. Men satan sover heller ikke og gennem modernisme afleder han jer og leder jer ind p\u00e5 hans vej. Derfor sm\u00e5 b\u00f8rn, i k\u00e6rlighed til Mit Ubesmittede Hjerte, elsk Gud f\u00f8rst og fremmest og efterlev Hans bud. P\u00e5 denne m\u00e5de vil jeres liv have mening og der vil herske fred p\u00e5 jorden. Tak fordi I har svaret p\u00e5 mit kald!\u201d<\/p>\n<p><strong>Budskab til Mirjana d. 2. maj 2010:<\/strong><br \/>\n\u201cK\u00e6re b\u00f8rn. I dag kalder den gode Fader jer, gennem Mig, til med jeres sj\u00e6le fyldte med k\u00e6rlighed, at begynde en \u00e5ndelig rejse. K\u00e6re b\u00f8rn, lad jer fylde med n\u00e5de, omvend jer seri\u00f8st fra jeres synder og l\u00e6nges inderligt efter det gode. L\u00e6nges ogs\u00e5 for dem, som endnu ikke har kendskab til fuldkommeng\u00f8relse i det gode. Gud vil finde mere behag i jer. Tak!\u201d<\/p>\n<p><strong>Budskab til Marija d. 25. april 2010:<\/strong><br \/>\n\u201cK\u00e6re b\u00f8rn! I denne tid, n\u00e5r I p\u00e5 en s\u00e6rlig m\u00e5de beder og s\u00f8ger min forb\u00f8n, kalder Jeg jer sm\u00e5 b\u00f8rn til at bede, s\u00e5 at Jeg, gennem jeres b\u00f8nner, kan hj\u00e6lpe jer for at jeres hjerter, kan v\u00e6re endnu mere \u00e5bne for mine budskaber. Bed for mine intentioner. Jeg er med jer og Jeg beder for hver enkelt af jer foran min S\u00f8n. Tak fordi I har svaret p\u00e5 mit kald!\u201d<\/p>\n<p><strong>Budskab til Mirjana d. 2. april 2010:<\/strong><br \/>\n\u201cK\u00e6re b\u00f8rn! I dag velsigner jeg jer p\u00e5 en s\u00e6rlig m\u00e5de og jeg beder for jeres tilbagevenden til den rette vej, til min S\u00f8n \u2013 jeres Frelser, jeres Forl\u00f8ser \u2013 til Ham som gav jer evigt liv. Overvej alt menneskeligt, alt som ikke tillader jer at f\u00f8lge min S\u00f8n \u2013 flygtighed, fejl og begr\u00e6nsninger \u2013 og t\u00e6nk s\u00e5 p\u00e5 min S\u00f8n, p\u00e5 Hans Guddommelige ubegr\u00e6nsethed. Ved jeres overgivelse og b\u00f8n kan I for\u00e6dle jeres krop og g\u00f8re jeres sj\u00e6l fejlfri. V\u00e6r parate mine b\u00f8rn. Tak!\u201d<br \/>\nJomfru Maria velsignede alle mennesker og alle de religi\u00f8se genstande, som var bragt med til velsignelse. Da Jomfru Maria var ved at tage afsted s\u00e5 Mirjana et stort gyldent kors bagved Jomfru Maria.<\/p>\n<p><strong>Budskab til Marija d. 25. marts 2010:<\/strong><br \/>\n\u201cK\u00e6re b\u00f8rn! Ogs\u00e5 i dag \u00f8nsker Jeg at kalde jer alle til at v\u00e6re st\u00e6rke i b\u00f8n og p\u00e5 tidspunkter, hvor pr\u00f8velser angriber jer. Lev jeres kristne kald i gl\u00e6de og ydmyghed og v\u00e6r vidner for alle. Jeg er med jer og Jeg b\u00e6rer jer alle frem for min S\u00f8n Jesus og Han vil v\u00e6re jeres tyrke og st\u00f8tte. Tak fordi I har svaret p\u00e5 mit kald!\u201d<\/p>\n<p><strong>Budskab til Mirjana d. 18. marts 2010:<\/strong><br \/>\n\u201cK\u00e6re B\u00f8rn, I dag kalder Jeg jer til at elske med hele jeres hjerte og med hele jeres sj\u00e6l. Bed om k\u00e6rlighedens gave, fordi n\u00e5r sj\u00e6len elsker, s\u00e5 drager den min S\u00f8n til sig. Min S\u00f8n afviser ikke dem, som kalder p\u00e5 Ham og som \u00f8nsker at leve i overensstemmelse med Ham. Bed for dem, som ikke forst\u00e5r k\u00e6rligheden, som ikke forst\u00e5r, hvad det betyder at elske. Bed om at Gud vil v\u00e6re deres Fader og ikke deres dommer. Mine b\u00f8rn, v\u00e6r Mine apostle, v\u00e6r Min k\u00e6rligheds flod. Jeg beh\u00f8ver jer. Tak!\u201d<\/p>\n<p><strong>Budskab til Mirjana d. 2. marts 2010:<\/strong><br \/>\n\u201cK\u00e6re b\u00f8rn, p\u00e5 dette s\u00e6rlige tidspunkt i jeres bestr\u00e6belser p\u00e5 at v\u00e6re t\u00e6ttere p\u00e5 min S\u00f8n, p\u00e5 Hans lidelser, men ogs\u00e5 p\u00e5 den k\u00e6rlighed som Han bar dem med, \u00f8nsker Jeg at fort\u00e6lle jer, at Jeg er med jer. Jeg vil hj\u00e6lpe jer til at vinde over fejl og fristelser med Min n\u00e5de. Jeg vil l\u00e6re jer at elske, k\u00e6rligheden som fjerner al synd og g\u00f8r jer fuldkomne, k\u00e6rligheden som giver jer min S\u00f8ns fred nu og altid. Fred med jer og i jer, fordi jeg er Fredens Dronning. Tak!\u201d<\/p>\n<p><strong>Budskab til Marija d. 25. februar 2010:<\/strong><br \/>\n\u201cK\u00e6re b\u00f8rn. I denne n\u00e5dens tid, hvor naturen ogs\u00e5 forbereder sig p\u00e5 at afgive \u00e5rets smukkest farver, kalder Jeg jer sm\u00e5 b\u00f8rn, til at \u00e5bne jeres hjerter for Gud Skaberen, s\u00e5 Han kan transformere og omdanne jer i Hans billede, s\u00e5 at alt det gode, som sover i jeres hjerter m\u00e5 v\u00e5gne op til et nyt liv og en l\u00e6ngsel efter evigheden. Tak fordi I har svaret p\u00e5 mit kald!\u201d<\/p>\n<p><strong>Budskab til Mirjana d. 2. februar 2010:<\/strong><br \/>\n\u201cK\u00e6re b\u00f8rn! Med moderlig k\u00e6rlighed kalder jeg jer i dag til at v\u00e6re et fyrt\u00e5rn for alle sj\u00e6le, som famler omkring i m\u00f8rket uden at kende Guds k\u00e6rlighed. For at I kan lyse s\u00e5 meget som muligt og kan tiltr\u00e6kke s\u00e5 mange sj\u00e6le som muligt, s\u00e5 tillad ikke, at usandheder som kommer ud af jeres mund, bringer jeres samvittighed til tavshed. V\u00e6r fuldkomne! Jeg f\u00f8rer jer med moderlig h\u00e5nd, k\u00e6rlighedens h\u00e5nd. Tak!\u201d<\/p>\n<p><strong>Budskab til Marija d. 25. januar 2010:<\/strong><br \/>\n\u201cK\u00e6re b\u00f8rn! M\u00e5tte denne tid for jer v\u00e6re en tid med personlig b\u00f8n, s\u00e5 troens fr\u00f8 kan vokse i jeres hjerte og blive til et vidnesbyrd i gl\u00e6de for andre. Jeg er hos jer og vil anspore jer alle til at vikse og gl\u00e6de jer i Herren, der har skabt jer! Tak, fordi I har svaret p\u00e5 mit kald!\u201d<\/p>\n<p><strong>Budskab til Mirjana d. 2. januar 2010:<\/strong><br \/>\n\u201cK\u00e6re b\u00f8rn! I dag kalder jeg jer til at bryde op sammen med mig i fuldkommen tillid og k\u00e6rlighed, for jeg \u00f8nsker, at I skal l\u00e6re min S\u00f8n at kende. V\u00e6r ikke bange, mine b\u00f8rn. Jeg er her sammen med jer \u2013 jeg er ved jeres side. Jeg vil vise jer, hvordan I kan tilgive jer selv og andre, og med hjertets \u00e6rlige anger kn\u00e6le ned for Faderen. G\u00f8r alt, for at alt det skal d\u00f8 i jer, som hindrer jer i at elske og at redde, for at I kan v\u00e6re hos Ham og i Ham. Belslut jer for en helt ny begyndelse, begyndelsen til den sand k\u00e6rlighed, som er Gud selv. Tak!\u201d<\/p>\n<\/div>\n<\/article>\n<p>&nbsp;<\/p>\n<\/div>\n<\/div>\n<\/div>\n<footer id=\"colophon\" class=\"site-footer\" role=\"contentinfo\">\n<div class=\"wrap\"><\/div>\n<\/footer>\n","protected":false},"excerpt":{"rendered":"<p>Budskaber Medjugorje, 2010 Julebudskab til Marija d. 25. december 2010: \u201cK\u00e6re b\u00f8rn, i dag \u00f8nsker jeg og min s\u00f8n at give jer en overflod af gl\u00e6de og fred, s\u00e5 at hver enkelt af jer m\u00e5 b\u00e6re gl\u00e6de og v\u00e6re vidnesbyrd om fred og gl\u00e6de, der hvor I bor. Sm\u00e5 b\u00f8rn, v\u00e6re en velsignelse og v\u00e6r &hellip;<\/p>\n","protected":false},"author":1,"featured_media":0,"parent":0,"menu_order":0,"comment_status":"closed","ping_status":"closed","template":"","meta":{"footnotes":""},"class_list":["post-208","page","type-page","status-publish","hentry"],"_links":{"self":[{"href":"https:\/\/st.jacob.peberholm.dk\/index.php?rest_route=\/wp\/v2\/pages\/208","targetHints":{"allow":["GET"]}}],"collection":[{"href":"https:\/\/st.jacob.peberholm.dk\/index.php?rest_route=\/wp\/v2\/pages"}],"about":[{"href":"https:\/\/st.jacob.peberholm.dk\/index.php?rest_route=\/wp\/v2\/types\/page"}],"author":[{"embeddable":true,"href":"https:\/\/st.jacob.peberholm.dk\/index.php?rest_route=\/wp\/v2\/users\/1"}],"replies":[{"embeddable":true,"href":"https:\/\/st.jacob.peberholm.dk\/index.php?rest_route=%2Fwp%2Fv2%2Fcomments&post=208"}],"version-history":[{"count":4,"href":"https:\/\/st.jacob.peberholm.dk\/index.php?rest_route=\/wp\/v2\/pages\/208\/revisions"}],"predecessor-version":[{"id":229,"href":"https:\/\/st.jacob.peberholm.dk\/index.php?rest_route=\/wp\/v2\/pages\/208\/revisions\/229"}],"wp:attachment":[{"href":"https:\/\/st.jacob.peberholm.dk\/index.php?rest_route=%2Fwp%2Fv2%2Fmedia&parent=208"}],"curies":[{"name":"wp","href":"https:\/\/api.w.org\/{rel}","templated":true}]}}