{"id":35,"date":"2022-01-31T13:30:08","date_gmt":"2022-01-31T13:30:08","guid":{"rendered":"https:\/\/st.jacob.peberholm.dk\/?page_id=35"},"modified":"2022-01-31T14:41:55","modified_gmt":"2022-01-31T13:41:55","slug":"ligklaedet-i-torino","status":"publish","type":"page","link":"https:\/\/st.jacob.peberholm.dk\/?page_id=35","title":{"rendered":"Ligkl\u00e6det i Torino"},"content":{"rendered":"\n<p>Da jeg h\u00f8rte, at Ligkl\u00e6det ville blive udstillet i Johannes D\u00f8berens Kirke i Torino fra den 10. april til 23. maj 2010, m\u00e5tte jeg simpelt hen bare derned. Ligkl\u00e6det udstilles f\u00f8rst n\u00e6ste gang i \u00e5r 2025. Jeg fandt ud af, at den katolske menighed i Hellerup arrangerede en tur derned. Desv\u00e6rre viste det sig hurtigt, at turen allerede var udsolgt. Jeg besluttede derfor, at arrangere min egen tur med fly, N\u00e5r jeg alligevel var i Italien, kunne jeg jo ogs\u00e5 tage til Assisi og bes\u00f8ge nolge af de steder, hvor Den Hellige Frans af Assisi havde levet og virket. Det kr\u00e6vede imidlertid fly til Rom og en overnatning i Rom, for at jeg dagen efter kunne tage toget videre til Assisi. Det skulle dog blive mere kompliceret end som s\u00e5, idet en vulkan p\u00e5 Island gik i udbrud og spyede sin aske ud og lagde flytrafikken stille i en uge, og generede den kraftigt i ugerne fremover is\u00e6r i Sydtyskland og Norditalien. Jeg turde derfor ikke l\u00f8be an p\u00e5 at kunne flyve til Italien, og fik, da jeg forklarede SAS min situation, mod alle forventninger og regler lov til at annullere min flybillet, kvit og frit. Jeg tog i stedet toget til Italien, hvilket gav mig mindre tid i Rom end planlagt.<\/p>\n\n\n\n<p>I Torino fik jeg lov til at slutte mig til gruppen fra den katolske menighed Hellerup og n\u00f8d godt af deres selskab og g\u00e6stfrihed. Det var dejligt og hyggeligt med deres selskab, efter at have rejst rundt nogle dage alene. Den ene dag var vi ude at se Santa Maria Ausiliatrice kirken, hvor helgenen Don Bosco havde virket i 1800 tallet. Han tog sig is\u00e6r af for\u00e6ldrel\u00f8se fattige b\u00f8rn, og gav dem husly,mad og skolegang. En anden dag fejrede vi messe p\u00e5 dansk og italiensk med en lokal menighed i Torino. Efter messen blev vi sammen med andre pilgrimme bespist gratis af denne italienske menighed. Sidste dag kom Pave Bennedikt til byen og fejrede messe p\u00e5 en af de store pladser, der dog hurtigt var fyldt op; men overalt p\u00e5 byens mange pladser fulgte folkm\u00e6ngden med p\u00e5 storsk\u00e6rme.<\/p>\n\n\n\n<p>Ligkl\u00e6det (Sindone), blev som n\u00e6vnt ovenfor udstillet i Johannes D\u00f8berens Kirke. Hver bes\u00f8gende fik en detaljeret introduktion om ligkl\u00e6det via en storsk\u00e6rm. Herefter blev man ledt ind i selve kirken og fik et kvarter foran ligkl\u00e6det. Man skulle p\u00e5 forh\u00e5nd bestille et gratis adgangskort, som kunne printes ud via internettet. Dette adgangskort angav i hvilken tidsramme, man havde adgang til at se ligkl\u00e6det. Det var godt organiseret og fungerede perfekt. Bagefter kunne man igen g\u00e5 ind i selve kirkerummet, s\u00e6tte sig p\u00e5 en b\u00e6nk foran ligkl\u00e6det betragte det og meditere foran det.<\/p>\n\n\n\n<p>Ligkl\u00e6det i Torino h\u00e6vdes af nogle at v\u00e6re et falsum. Andre h\u00e6vder, at det er det ligkl\u00e6de, som Josef af Aramit\u00e6a sv\u00f8bte Jesus i, da han blev nedtaget fra korset og lagt i graven. Kl\u00e6det er lavet af h\u00f8r, der er v\u00e6vet i sildebensm\u00f8nster; men er p\u00e5 grund af brandskader er det repareret med lapper af et t\u00f8j, der indeholder bomuld. P\u00e5 billedet er der gengivet en mand, som tydeligvis har lidt korsd\u00f8den. Personen er blevet lagt med ryggen p\u00e5 kl\u00e6det, der derefter er lagt henover ansigtet og forsiden af kroppen. Kl\u00e6det fremviser tydelige nagles\u00e5r ved den korsf\u00e6stedes f\u00f8dder og h\u00e6nder. Mange krucifixer fremstiller en Jesus, hvor naglerne g\u00e5r igennem h\u00e5ndfladen. Det ville rent faktisk ikke kunne lade sig g\u00f8re, da naglerne efter denne metode ikke ville kunne holde persones v\u00e6gt. Manden p\u00e5 ligkl\u00e6det har naglehullerne ved h\u00e5ndledet i stedet for gennem h\u00e5ndfladen, har tydeligvis et s\u00e5r i siden, som efter Jesu spyds\u00e5r, er blevet tornekronet, har hudafskrabninger p\u00e5 skulderen efter en tung byrde, har h\u00e6velser i ansigtet efter slag, og uhyggeligt mange m\u00e6rker p\u00e5 ryggen efter brutale piskeslag. Benene p\u00e5 den korsf\u00e6stede er heller ikke br\u00e6kket, som man ellers gjorde det ved korsf\u00e6stelser. Dette s\u00e6rkende stemmer overerens med Jesu d\u00f8d p\u00e5 korset i.h.t. Det Ny Testamente.<\/p>\n\n\n\n<p>Dav\u00e6rende Pave Benedikt bes\u00f8gte ligkl\u00e6det efter messen om s\u00f8ndagen. Vatikanets holdning til \u00e6gtheden af Ligkl\u00e6det er, som altid n\u00e5r det drejer sig om relikvier og mirakler, yderst forsigtig og tilbageholdene. Paven gav dog udtryk for, at Ligkl\u00e6det i Torino under alle omst\u00e6ndigheder er et meget vigtigt ikon i blod, der tydeligg\u00f8r den blodige og smertefulde lidelse og d\u00f8d, som Jesus gennemgik for os.<\/p>\n\n\n\n<p>Videnskabsm\u00e6ndene, der har unders\u00f8gt Ligkl\u00e6det, er temmeligt uenige om dets \u00e6gthed. Kulstof 14 metoden taler imod \u00e6gtheden og daterer kl\u00e6det til en gang i 1200 tallet; men pr\u00f8verne er taget hvor kl\u00e6det er repareret. Andre metoder muligg\u00f8r, at kl\u00e6det kan v\u00e6re mellem 1000 og 3000 \u00e5r gammelt. Kl\u00e6det indeholder pollen fra planter, der kun findes p\u00e5 egnen omkring Jerusalem. Blodet p\u00e5 kl\u00e6det er menneskeblod. Billedet er ikke malet p\u00e5 kl\u00e6det, men menes fremkommet ved en slags uforklarlig str\u00e5ling. Billedet er n\u00e6rmest fotografisk dannet mange \u00e5rhundreder f\u00f8r fotografiet blev opfundet. Det har alts\u00e5 endnu ikke kunnet endeligt fastsl\u00e5s, om Ligkl\u00e6det er \u00e6gte eller ej. Jeg h\u00e6lder til den overbevisning, at det, som med s\u00e5 mange andre trossp\u00f8rgsm\u00e5l for den sags skyld, ikke er meningen, at det det nogensinde vil, eller skal, kunne bevises om det er \u00e6gte eller ej. For mig er kl\u00e6det dog et \u00e6gte vidnesbyrd fra og om Jesu opstandelse, og jeg er overbevist om, at det rent faktisk er Jesu Ligkl\u00e6de. Hvad andre tror og mener, er naturligvis op til dem.<\/p>\n\n\n\n<p>B\u00f8n foran Det Hellige Ligkl\u00e6de:<\/p>\n\n\n\n<p>&#8220;Herre Jesus, mens jeg i stille b\u00f8n betragter Det Hellige Ligkl\u00e6de fyldes mit hjerte med gl\u00e6de, fordi jeg i dette mystiske hellige kl\u00e6de ser alle tegnene p\u00e5 den frygtelige smerte, som Du gennemgik ved Din lidelse, s\u00e5dan som det er beskrevet i Evangeliet.<br>Din lidelses drama er tydeliggjort ved det blod, som jeg ser p\u00e5 Din krop, for\u00e5rsaget af tornekronen og piskeslagene, naglerne i Dine h\u00e6nder og f\u00f8dder, og hjertet som soldaterne gennemborede med en lanse.<br>N\u00e5r jeg tilbeder Dig, den lidende og ofrede Jesus, sammen med Jomfru Maria, Din og vores moder, forst\u00e5r jeg med st\u00f8rre klarhed, at Du har taget alle menneskers smerte og kors p\u00e5 Dig.<br>Alle mine smerter &#8211; Passio hominis (menneskets smerte) &#8211; sammen med Din smerte &#8211; Passio Christi (Kristi smerte) &#8211; indeholder en forl\u00f8sningens v\u00e6rdi og gave. Derfor f\u00f8ler jeg mig hjulpet, tr\u00f8stet og tilgivet af Dig.<br>Jeg ved, at der ikke findes nogen tr\u00f8st uden omvendelse, derfor lover jeg Dig, at begynde et nyt liv, hvorved jeg fjerner mig fra synden, mens jeg med Din hj\u00e6lp tillidsfuldt b\u00e6rer mit kors. S\u00e5ledes vil jeg opleve, at jeg bliver helbredt ved Dine s\u00e5r. Amen.&#8221;<\/p>\n\n\n\n<p>Selvom Ligkl\u00e6det kun var udstillet i ugerne mellem P\u00e5ske og Pinse, ansl\u00e5r man fra myndighedernes side, at der har v\u00e6ret over 2 millioner bes\u00f8gende.<\/p>\n\n\n\n<p>Vil du vide mere om Ligkl\u00e6det i Torino, b\u00f8r du l\u00e6se bogen af Niels Svensson: &#8220;Det Sande Ansigt&#8221;. Den er udgivet p\u00e5 Gyldendals forlag.<\/p>\n\n\n\n<figure class=\"wp-block-image size-full\"><img loading=\"lazy\" decoding=\"async\" width=\"1024\" height=\"768\" src=\"https:\/\/st.jacob.peberholm.dk\/wp-content\/uploads\/2022\/01\/sindone.jpg\" alt=\"\" class=\"wp-image-37\" srcset=\"https:\/\/st.jacob.peberholm.dk\/wp-content\/uploads\/2022\/01\/sindone.jpg 1024w, https:\/\/st.jacob.peberholm.dk\/wp-content\/uploads\/2022\/01\/sindone-300x225.jpg 300w, https:\/\/st.jacob.peberholm.dk\/wp-content\/uploads\/2022\/01\/sindone-768x576.jpg 768w\" sizes=\"auto, (max-width: 1024px) 100vw, 1024px\" \/><\/figure>\n","protected":false},"excerpt":{"rendered":"<p>Da jeg h\u00f8rte, at Ligkl\u00e6det ville blive udstillet i Johannes D\u00f8berens Kirke i Torino fra den 10. april til 23. maj 2010, m\u00e5tte jeg simpelt hen bare derned. Ligkl\u00e6det udstilles f\u00f8rst n\u00e6ste gang i \u00e5r 2025. Jeg fandt ud af, at den katolske menighed i Hellerup arrangerede en tur derned. Desv\u00e6rre viste det sig hurtigt, &hellip;<\/p>\n","protected":false},"author":1,"featured_media":0,"parent":0,"menu_order":0,"comment_status":"closed","ping_status":"closed","template":"","meta":{"footnotes":""},"class_list":["post-35","page","type-page","status-publish","hentry"],"_links":{"self":[{"href":"https:\/\/st.jacob.peberholm.dk\/index.php?rest_route=\/wp\/v2\/pages\/35","targetHints":{"allow":["GET"]}}],"collection":[{"href":"https:\/\/st.jacob.peberholm.dk\/index.php?rest_route=\/wp\/v2\/pages"}],"about":[{"href":"https:\/\/st.jacob.peberholm.dk\/index.php?rest_route=\/wp\/v2\/types\/page"}],"author":[{"embeddable":true,"href":"https:\/\/st.jacob.peberholm.dk\/index.php?rest_route=\/wp\/v2\/users\/1"}],"replies":[{"embeddable":true,"href":"https:\/\/st.jacob.peberholm.dk\/index.php?rest_route=%2Fwp%2Fv2%2Fcomments&post=35"}],"version-history":[{"count":2,"href":"https:\/\/st.jacob.peberholm.dk\/index.php?rest_route=\/wp\/v2\/pages\/35\/revisions"}],"predecessor-version":[{"id":39,"href":"https:\/\/st.jacob.peberholm.dk\/index.php?rest_route=\/wp\/v2\/pages\/35\/revisions\/39"}],"wp:attachment":[{"href":"https:\/\/st.jacob.peberholm.dk\/index.php?rest_route=%2Fwp%2Fv2%2Fmedia&parent=35"}],"curies":[{"name":"wp","href":"https:\/\/api.w.org\/{rel}","templated":true}]}}