{"id":41,"date":"2022-02-01T13:13:50","date_gmt":"2022-02-01T12:13:50","guid":{"rendered":"https:\/\/st.jacob.peberholm.dk\/?page_id=41"},"modified":"2023-03-07T20:05:46","modified_gmt":"2023-03-07T19:05:46","slug":"rosenkransen","status":"publish","type":"page","link":"https:\/\/st.jacob.peberholm.dk\/?page_id=41","title":{"rendered":"Rosenkransen"},"content":{"rendered":"\n<p>Rosenkransen bruges som en hj\u00e6lp til b\u00f8n. Samtidig med at vi beder, lader vi Rosenkransens perler glide mellem vores fingre, imens vi overvejer de vigtige begivenheder i Jesu og hermed ogs\u00e5 Marias liv, de s\u00e5kaldte mysterier.<\/p>\n\n\n\n<p><br>Ved Rosenkransens begyndelse er der et lille kors. Her siger vi trosbekendelsen. Herefter kommer der en stor perle. Her beder vi Fader Vor. Den efterf\u00f8lges af tre sm\u00e5 perler, der st\u00e5r for tro, h\u00e5b og k\u00e6rlighed. Ved disse sm\u00e5 perler beder vi Hil dig Maria.<\/p>\n\n\n\n<p><br>Efter den sidste perle siges lovprisningen af Treenigheden. Herefter kan der v\u00e6re en lille medallion.<\/p>\n\n\n\n<p>Efter de tre sm\u00e5 perler kommer der ialt fem gange en stor perle efterfulgt af ti sm\u00e5 perler. Ved de store perler bedes Fader Vor. Ved de sm\u00e5 perler bedes Hil Dig Maria. Dette er de s\u00e5kaldte fem led. Imens vi beder et af disse fem led, overvejer vi et af de n\u00e6vnte mysterier. Hvert led afslutter vi med lovprisningen af Treenigheden. B\u00f8nnerne og lovprisningen finder du l\u00e6ngere nede p\u00e5 denne side.<br><br>Man kan n\u00f8jes med at bede et enkelt led, et mysterium, eller tage turen rundt flere gange og bede flere mysterier. Men husk, det g\u00e6lder ikke om at bede s\u00e5 mange led som muligt, men om at bede det s\u00e5 koncentreret og helhjertet som muligt. Det drejer sig om kvalitet, og ikke om hvor meget man kan pr\u00e6stere. Jomfru Maria opfordrer os til at bede Rosenkransen hver dag, ja faktisk at bede hele tiden. Man kan jo sagtens inde i sig selv bede, mens man vasker op, sidder i toget, venter p\u00e5 bussen, eller hvad man nu lige foretager sig af ting, der ikke kr\u00e6ver eens fulde opm\u00e6rksomhed. Har man ikke en Rosenkrans med sig, har man jo altid ti fingre, som man kan t\u00e6lle p\u00e5. Dog er det lettere med en rosenkrans at holde regnskab med, hvor langt man er n\u00e5et.<\/p>\n\n\n\n<p><br>Der er fire s\u00e5kaldte mysterier, vi overvejer mens vi beder Rosenkrans. De fire mysterier er: gl\u00e6dens mysterier, lysets mysterier, smertens mysterier og herlighedens mysterier. Lysets mysterier er tilf\u00f8jet af Pave Johannes Paul II i 2002, og har endnu ikke helt vundet indpas hos alle.<br><\/p>\n\n\n\n<p><br><strong>Ved gl\u00e6dens mysterier overvejer vi:<\/strong><br><\/p>\n\n\n\n<p>\u00c6rkengelen Gabriels komme til Jomfru Maria med det glade budskab om Frelserens menneskevordelse.<br><br>Jomfru Marias bes\u00f8g hos Elisabeth.<br><br>Jesu f\u00f8dsel i stalden i Bethlehem.<br><br>Jesu fremstilling i templet i Jerusalem.<br><br>Maria og Josef genfinder den 12-\u00e5rige Jesus i templet.<br><\/p>\n\n\n\n<p><br><strong>Ved lysets mysterier overvejer vi:<\/strong><\/p>\n\n\n\n<p><br>Jesu d\u00e5b i Jordanfloden.<br><br>Jesus g\u00f8r sit f\u00f8rste under ved brylluppet i Kana.<br><br>Jesu forkyndelse af Guds rige og hans kald til omvendelse.<br><br>Jesu foklarelse p\u00e5 bjerget.<br><br>Jesu indstiftelse af Eukaristien (nadveren).<br><\/p>\n\n\n\n<p><br><strong>Ved smertens mysterier overvejer vi:<\/strong><\/p>\n\n\n\n<p><br>Jesu d\u00f8dsangst i Getsemane have.<br><br>Jesus bliver pisket.<br><br>Jesu tornekroning.<br><br>Jesu korsvej.<br><br>Jesu korsf\u00e6stelse og d\u00f8d.<br><br><br><strong>Ved herlighedens mysterier overvejer vi:<\/strong><\/p>\n\n\n\n<p><br>Jesu opstandelse fra de d\u00f8de.<br><br>Jesu himmelfart.<br><br>Hellig\u00e5ndens komme pinsedag.<br><br>Jomfru Marias legemlige optagelse i Himlen.<br><br>Jomfru Marias kroning i Himlen.<br><br><\/p>\n\n\n\n<p><strong>Herrens b\u00f8n \/ Fader Vor<\/strong><\/p>\n\n\n\n<p>Fader vor, du som er i himlene,<\/p>\n\n\n\n<p>Helliget vorde dit navn,<\/p>\n\n\n\n<p>komme dit rige.<\/p>\n\n\n\n<p>Ske din vilje som i himlen, s\u00e5ledes ogs\u00e5 p\u00e5 jorden.<\/p>\n\n\n\n<p>Giv os i dag vort daglige br\u00f8d<\/p>\n\n\n\n<p>og forlad os vor skyld,<\/p>\n\n\n\n<p>som ogs\u00e5 vi forlader vore skyldnere,<\/p>\n\n\n\n<p>og led os ikke i fristelse,<\/p>\n\n\n\n<p>men fri os fra det onde. Amen.<\/p>\n\n\n\n<p><br><strong>Englens Hilsen\/Hil dig Maria (Ave Maria):<\/strong><\/p>\n\n\n\n<p>Hil dig Maria, fuld af n\u00e5de!<\/p>\n\n\n\n<p>Herren er med dig!<\/p>\n\n\n\n<p>Velsignet er du iblandt kvinder<\/p>\n\n\n\n<p>og velsignet er dit livs frugt, Jesus.<\/p>\n\n\n\n<p>Hellige Maria, Guds Moder!<\/p>\n\n\n\n<p>Bed for os syndere,<\/p>\n\n\n\n<p>nu og i vor d\u00f8dstime. Amen.<br><\/p>\n\n\n\n<p><br><strong>Lovprisning af Treenigheden:<\/strong><br><br>\u00c6re v\u00e6re Faderen og S\u00f8nnen og Hellig\u00e5nden, som det var i begyndelsen, s\u00e5 nu og altid og i al evighed. Amen.<br><\/p>\n\n\n\n<p>Hermed nogle links til sm\u00e5 videosekvenser med Rosekransen p\u00e5 engelsk, som jeg har fundet p\u00e5 internettet.<br><br>Da det er links til andre hjemmesider, kan jeg naturligvis ikke garantere, at de virker, eller hvor l\u00e6nge de virker:<\/p>\n\n\n\n<p><br><a href=\"http:\/\/www.youtube.com\/watch?v=QS0xsCH4CtA&amp;feature=related\">Holy Rosary Joyful Mysteries Part 1<\/a> Gl\u00e6dens mysterier<br><br><a href=\"http:\/\/www.youtube.com\/watch?v=zb5s0p9q_8s&amp;feature=related\">Holy Rosary Joyful Mysteries Part 2<\/a> Gl\u00e6dens mysterier<br><br><a href=\"http:\/\/www.youtube.com\/watch?v=vZemfs5rbC0&amp;feature=related\">Holy Rosary Joyful Mysteries Part 3<\/a> Gl\u00e6dens mysterier<br><br><\/p>\n\n\n\n<p><a href=\"http:\/\/www.youtube.com\/watch?v=sNYrsVo2MKg&amp;feature=related\">Holy Rosary Lumenious Mysteries Part 1<\/a> Lysets mysterier<br><br><a href=\"http:\/\/www.youtube.com\/watch?v=y7D6tA_0Wk4&amp;feature=related\">Holy Rosary Lumenious Mysteries Part 2<\/a> Lysets mysterier<br><br><a href=\"http:\/\/www.youtube.com\/watch?v=mKZRJLJa3Eo&amp;feature=related\">Holy Rosary Lumenious Mysteries Part 3<\/a> Lysets mysterier<br><br><\/p>\n\n\n\n<p><a href=\"http:\/\/www.youtube.com\/watch?v=DTL4iWGILyc&amp;feature=related\">Holy Rosary Sorrowful Mysteries Part 1<\/a> Smertens mysterier<br><br><a href=\"http:\/\/www.youtube.com\/watch?v=iIwbJn29U24&amp;feature=related\">Holy Rosary Sorrowful Mysteries Part 2<\/a> Smertens mysterier<br><br><a href=\"http:\/\/www.youtube.com\/watch?v=Fjeld9c4p_w&amp;feature=related\">Holy Rosary Sorrowful Mysteries Part 3<\/a> Smertens mysterier<br><br><\/p>\n\n\n\n<p><br><a href=\"http:\/\/www.youtube.com\/watch?v=D8vSUkXS2Sk&amp;feature=related\">Holy Rosary Glorious Mysteries Part 1<\/a> Herlighedens mysterier<br><br><a href=\"http:\/\/www.youtube.com\/watch?v=xFpFvPya2_Q&amp;feature=related\">Holy Rosary Glorious Mysteries Part 2<\/a> Herlighedens mysterier<br><br><\/p>\n\n\n\n<p>Nedenfor er ogs\u00e5 et link om at bede rosenkransen, p\u00e5 dansk, og et med en rosenkrans instruktion p\u00e5 tysk.<br><br><img decoding=\"async\" src=\"billeder\/whiteball.gif\"> <a href=\"http:\/\/medjugorjecenter.dk\/index.php?option=com_content&amp;view=article&amp;id=21&amp;Itemid=23\">Rosenkransen.<\/a> Rosenkransen og andre b\u00f8nner<br><br><img decoding=\"async\" src=\"billeder\/whiteball.gif\"> <a href=\"http:\/\/www.programmservice.de\/Legion_Mariens\/lmrsan.html\">Anleitung zum Rosenkranzgebet.<\/a><\/p>\n","protected":false},"excerpt":{"rendered":"<p>Rosenkransen bruges som en hj\u00e6lp til b\u00f8n. Samtidig med at vi beder, lader vi Rosenkransens perler glide mellem vores fingre, imens vi overvejer de vigtige begivenheder i Jesu og hermed ogs\u00e5 Marias liv, de s\u00e5kaldte mysterier. Ved Rosenkransens begyndelse er der et lille kors. Her siger vi trosbekendelsen. Herefter kommer der en stor perle. Her &hellip;<\/p>\n","protected":false},"author":1,"featured_media":0,"parent":0,"menu_order":0,"comment_status":"closed","ping_status":"closed","template":"","meta":{"footnotes":""},"class_list":["post-41","page","type-page","status-publish","hentry"],"_links":{"self":[{"href":"https:\/\/st.jacob.peberholm.dk\/index.php?rest_route=\/wp\/v2\/pages\/41","targetHints":{"allow":["GET"]}}],"collection":[{"href":"https:\/\/st.jacob.peberholm.dk\/index.php?rest_route=\/wp\/v2\/pages"}],"about":[{"href":"https:\/\/st.jacob.peberholm.dk\/index.php?rest_route=\/wp\/v2\/types\/page"}],"author":[{"embeddable":true,"href":"https:\/\/st.jacob.peberholm.dk\/index.php?rest_route=\/wp\/v2\/users\/1"}],"replies":[{"embeddable":true,"href":"https:\/\/st.jacob.peberholm.dk\/index.php?rest_route=%2Fwp%2Fv2%2Fcomments&post=41"}],"version-history":[{"count":2,"href":"https:\/\/st.jacob.peberholm.dk\/index.php?rest_route=\/wp\/v2\/pages\/41\/revisions"}],"predecessor-version":[{"id":188,"href":"https:\/\/st.jacob.peberholm.dk\/index.php?rest_route=\/wp\/v2\/pages\/41\/revisions\/188"}],"wp:attachment":[{"href":"https:\/\/st.jacob.peberholm.dk\/index.php?rest_route=%2Fwp%2Fv2%2Fmedia&parent=41"}],"curies":[{"name":"wp","href":"https:\/\/api.w.org\/{rel}","templated":true}]}}