{"id":48,"date":"2022-02-04T14:13:38","date_gmt":"2022-02-04T13:13:38","guid":{"rendered":"https:\/\/st.jacob.peberholm.dk\/?page_id=48"},"modified":"2023-03-07T19:39:03","modified_gmt":"2023-03-07T18:39:03","slug":"budskaber-2020-2022","status":"publish","type":"page","link":"https:\/\/st.jacob.peberholm.dk\/?page_id=48","title":{"rendered":"Budskaber Medjugorje, 2021"},"content":{"rendered":"\n<p>De nyeste budskaber ligger \u00f8verst.<\/p>\n\n\n\n<p><\/p>\n\n\n\n<p><strong>Julebudskab til Marija d. 25. december 2021:<\/strong><\/p>\n\n\n\n<p>&#8220;K\u00e6re b\u00f8rn! I dag bringer jeg jer min S\u00f8n, Jesus, s\u00e5 han kan give jer Sin fred. Sm\u00e5 b\u00f8rn, uden fred har I hverken fremtid eller velsignelse. Vend derfor tilbage til b\u00f8nnen, for frugten af b\u00f8n er gl\u00e6de og tro, uden hvilken I ikke kan leve. B\u00e6r denne dags velsignelse, som vi giver jer, videre til jeres familie og berig med den alle som I m\u00f8der, s\u00e5 at de kan f\u00f8le den n\u00e5de, som I modtager. Tak, fordi I har svaret p\u00e5 mit kald!&#8221;\u009d<\/p>\n\n\n\n<p><strong>Budskab til Marija d. 25. november 2021:<\/strong><\/p>\n\n\n\n<p>&#8220;K\u00e6re b\u00f8rn! Jeg er med jer i denne barmhjertighedens tid, og jeg opfordrer jer alle til at blive b\u00e6rere af fred og k\u00e6rlighed i denne verden, hvor Gud gennem mig kalder jer, mine b\u00f8rn, til at v\u00e6re b\u00f8n og k\u00e6rlighed og udtryk for Himlen her p\u00e5 jorden.M\u00e5tte jeres hjerte fyldes med gl\u00e6de og tro p\u00e5 Gud, s\u00e5 I, mine k\u00e6re b\u00f8rn, kan have fuld tillid til Hans hellige vilje. Jeg er hos jer, fordi den H\u00f8jeste, sender mig til jer for at anspore jer til h\u00e5b, s\u00e5 I kan blive fredsstiftere i denne urolige verden. Tak,fordi I har svaret p\u00e5 mit kald!&#8221;<\/p>\n\n\n\n<p><strong>Budskab til Marija d. 25. oktober 2021:<\/strong><\/p>\n\n\n\n<p>K\u00e6re b\u00f8rn! Vend tilbage til b\u00f8nnen, for den, der beder, er ikke bange for fremtiden. Den, der beder, er \u00e5ben over for livet og respekterer andres liv. Den, der beder, mine k\u00e6re b\u00f8rn, f\u00f8ler Guds b\u00f8rns frihed og tjener med et glad hjerte til gavn for sin broder, mennesket. For Gud er k\u00e6rlighed og frihed. Derfor, mine k\u00e6re b\u00f8rn, hvis de l\u00e6gger jer i l\u00e6nker og \u00f8nsker at udnytte jer, s\u00e5 er dette ikke fra Gud, for Gud er k\u00e6rlighed og giver sin fred til alle skabninger. Det er derfor, Han sendte mig for at hj\u00e6lpe jer med at vokse p\u00e5 hellighedens vej. Tak, fordi I har svaret p\u00e5 mit kald!<\/p>\n\n\n\n<p><strong>Budskab til Marija d. 25. september 2021:<\/strong><\/p>\n\n\n\n<p>&#8220;K\u00e6re b\u00f8rn! Bed, vidn og gl\u00e6d jer med mig, for den H\u00f8jeste sender mig fortsat for at lede jer p\u00e5 hellighedens vej. V\u00e6r klar over, mine b\u00f8rn, at livet er kort, og at evigheden venter p\u00e5 jer, hvor I sammen med alle helgen kan forherlige Gud med jeres v\u00e6sen. I skal ikke bekymre jer om de jordiske ting, mine b\u00f8rn, men l\u00e6nges efter Himlen. Himlen vil v\u00e6re jeres m\u00e5l, og gl\u00e6den vil herske i jeres hjerte. Jeg er med jer og velsigner jer alle med min moderlige velsignelse. Tak, fordi I har svaret p\u00e5 mit kald!&#8221;<\/p>\n\n\n\n<p><strong>Budskab til Marija d. 25. august 2021:<\/strong><\/p>\n\n\n\n<p>&#8220;K\u00e6re b\u00f8rn! Med gl\u00e6de opfordrer jeg jer alle, mine k\u00e6re b\u00f8rn, som f\u00f8lger min opfordring, v\u00e6r gl\u00e6de og fred! Med jeres liv skal I vidne om Himlen, som jeg bringer jer. Det er tid, mine k\u00e6re b\u00f8rn, til at I bliver min k\u00e6rligheds gensk\u00e6r for alle dem, der ikke elsker og hvis hjerter er erobret af had. Glem ikke: Jeg er med jer og g\u00e5r i forb\u00f8n for jer hos min S\u00f8n Jesus, s\u00e5 at Han giver jer sin fred. Tak, fordi I har svaret p\u00e5 mit kald!&#8221;<\/p>\n\n\n\n<p><strong>Budskab til Marija d. 25. juli 2021:<\/strong><\/p>\n\n\n\n<p>&#8220;K\u00e6re b\u00f8rn! Jeg opfordrer jer til at v\u00e6re b\u00f8n for alle dem, der ikke beder. Mine k\u00e6re b\u00f8rn, vidn med jeres liv om gl\u00e6den over at v\u00e6re mine, og Gud vil h\u00f8re jeres b\u00f8nner og give jer fred i denne verden uden fred, hvor hovmod og selviskhed hersker. Mine b\u00f8rn, v\u00e6r gavmilde og k\u00e6rlighed af min k\u00e6rlighed, s\u00e5 at hedningerne fornemmer, at I er mine og omvende sig til mit ubesmittede hjerte. Tak, fordi I har svaret p\u00e5 mit kald!&#8221;<\/p>\n\n\n\n<p><strong>Budskab til Marija d. 25. juni 2021:<\/strong><\/p>\n\n\n\n<p>&#8220;Mine k\u00e6re b\u00f8rn. Mit hjerte gl\u00e6des, fordi jeg gennem alle \u00e5rene har set jeres k\u00e6rlighed og \u00e5benhed for mine opfordringer. I dag opfordrer jeg jer: Bed med mig for fred og frihed, for Satan er st\u00e6rk og \u00f8nsker at lede s\u00e5 mange som muligt v\u00e6k fra mit moderhjerte med sine l\u00f8gne. Beslut jer derfor for Gud, s\u00e5 det kan g\u00e5 jer godt p\u00e5 den jord, som Gud har givet jer. Tak, fordi I har svaret p\u00e5 mit kald!&#8221;<\/p>\n\n\n\n<p><strong>Budskab til Marija d. 25. maj 2021:<\/strong><\/p>\n\n\n\n<p>&#8220;K\u00e6re b\u00f8rn! Jeg ser p\u00e5 jer og opfordrer jer: Vend tilbage til Gud, for Han er k\u00e6rlighed og har sendt mig til jer af k\u00e6rlighed for at f\u00f8re jer ad omvendelsens vej. Forlad synden og det onde, beslut jer for hellighed, og gl\u00e6den vil herske og I vil v\u00e6re mine udstrakte h\u00e6nder i denne fortabte verden. Jeg \u00f8nsker at I skal v\u00e6re b\u00f8n og h\u00e5b for dem der ikke har l\u00e6rt k\u00e6rlighedens Gud at kende. Tak, fordi I har svaret p\u00e5 mit kald!&#8221;<\/p>\n\n\n\n<p><strong>Budskab til Marija d. 25. april 2021:<\/strong><\/p>\n\n\n\n<p>&#8220;K\u00e6re b\u00f8rn! I dag opfordrer jeg jer til at vidne om jeres tro i for\u00e5rets farver. Lad det v\u00e6re en h\u00e5bets og modets tro. Mine k\u00e6re b\u00f8rn, jeres tro skal ikke svigte under nogen omst\u00e6ndigheder, heller ikke i denne pr\u00f8velsernes tid. G\u00e5 modigt med Kristus, den opstandne mod Himmelen, der er jeres m\u00e5l. Jeg ledsager jer p\u00e5 denne hellighedens vej og l\u00e6gger jer alle i mit uplettede hjerte. Tak, fordi I har svaret p\u00e5 mit kald!&#8221;<\/p>\n\n\n\n<p><strong>Budskab til Marija d. 25. marts 2021:<\/strong><\/p>\n\n\n\n<p>&#8220;K\u00e6re b\u00f8rn! I dag er jeg atter hos jer for at sige til jer at den, der beder, ikke frygter for fremtiden og mister ikke h\u00e5bet. I er udvalgte til at viderebringe gl\u00e6de og fred, fordi I er mine. Jeg er kommet til jer under navnet: &#8220;Fredens Dronning&#8221;, fordi dj\u00e6velen \u00f8nsker ufred og krig. Han vil fylde jeres hjerte med angst for fremtiden; men fremtiden tilh\u00f8rer Gud! V\u00e6r derfor ydmyge og bed, og l\u00e6g alt i den Allerh\u00f8jestes h\u00e6nder, Han har jo skabt jer. Tak, fordi I har svaret p\u00e5 mit kald!&#8221;<\/p>\n\n\n\n<p><strong>Budskab til Mirjana d. 18. marts 2021:<\/strong><\/p>\n\n\n\n<p>&#8220;K\u00e6re b\u00f8rn. Som en mor kalder jeg jer til at vende tilbage til Evangeliets gl\u00e6de og sandhed, at vende tilbage til min S\u00f8ns k\u00e6rlighed, for Han venter p\u00e5 jer med \u00e5bne arme; s\u00e5 at I g\u00f8r alt her i livet med min S\u00f8n, med k\u00e6rlighed, og at det m\u00e5 v\u00e6re jer til velsignelse; s\u00e5 jeres spiritualitet m\u00e5 v\u00e6re en indre spiritualitet, og ikke bare en ydre. Kun s\u00e5ledes vil I v\u00e6re ydmyge, gener\u00f8se, fyldt med k\u00e6rlighed og gl\u00e6de, og s\u00e5ledes vil mit moderlige hjerte gl\u00e6des sammen med jer. Tak!&#8221;<\/p>\n\n\n\n<p><strong>Budskab til Marija d. 25. februar 2021:<\/strong><\/p>\n\n\n\n<p>&#8220;K\u00e6re b\u00f8rn! Gud har tilladt, at jeg ogs\u00e5 I dag er hos jer for at opfordre jer til b\u00f8n og faste. I skal leve denne n\u00e5dens tid og v\u00e6re vidner om h\u00e5bet. Jeg gentager for jer, k\u00e6re b\u00f8rn, at b\u00f8n og faste ogs\u00e5 kan stoppe krige. Mine k\u00e6re b\u00f8rn, tro, og lev i troen og med troen i denne n\u00e5dens tid, og mit ubesmittede Hjerte vil ikke lade nogen af jer tilbage i ufreden, hvis I tager tilflugt til mig. Jeg g\u00e5r i forb\u00f8n for jer hos den Allerh\u00f8jeste, og jeg beder for fred i jeres hjerte og h\u00e5b for fremtiden. Tak, fordi I har svaret p\u00e5 mit kald!&#8221;<\/p>\n\n\n\n<p><strong>Budskab til Marija d. 25. januar 2021:<\/strong><\/p>\n\n\n\n<p>&#8220;K\u00e6re b\u00f8rn! I denne tid kalder jeg jer til b\u00f8n, til faste og til at give afkald, s\u00e5 at I kan bliver styrket i troen. Dette er en tid for at v\u00e5gne og give liv; ligesom det er i naturen, der giver sig selv, skal ogs\u00e5 I, mine k\u00e6re b\u00f8rn, t\u00e6nke p\u00e5 hvor meget I har modtaget. V\u00e6r glade b\u00e6rere af fred og k\u00e6rlighed, s\u00e5 at det kan g\u00e5 jer godt p\u00e5 jorden. Str\u00e6b efter Himlen. I Himlen findes der hverken sorg eller had. Derfor, mine k\u00e6re b\u00f8rn, skal I p\u00e5 ny beslutte jer for omvendelse, og m\u00e5tte helligheden tage styringen i jeres liv. Tak, fordi I har svaret p\u00e5 mit kald!&#8221;<\/p>\n","protected":false},"excerpt":{"rendered":"<p>De nyeste budskaber ligger \u00f8verst. Julebudskab til Marija d. 25. december 2021: &#8220;K\u00e6re b\u00f8rn! I dag bringer jeg jer min S\u00f8n, Jesus, s\u00e5 han kan give jer Sin fred. Sm\u00e5 b\u00f8rn, uden fred har I hverken fremtid eller velsignelse. Vend derfor tilbage til b\u00f8nnen, for frugten af b\u00f8n er gl\u00e6de og tro, uden hvilken I &hellip;<\/p>\n","protected":false},"author":1,"featured_media":0,"parent":0,"menu_order":0,"comment_status":"closed","ping_status":"closed","template":"","meta":{"footnotes":""},"class_list":["post-48","page","type-page","status-publish","hentry"],"_links":{"self":[{"href":"https:\/\/st.jacob.peberholm.dk\/index.php?rest_route=\/wp\/v2\/pages\/48","targetHints":{"allow":["GET"]}}],"collection":[{"href":"https:\/\/st.jacob.peberholm.dk\/index.php?rest_route=\/wp\/v2\/pages"}],"about":[{"href":"https:\/\/st.jacob.peberholm.dk\/index.php?rest_route=\/wp\/v2\/types\/page"}],"author":[{"embeddable":true,"href":"https:\/\/st.jacob.peberholm.dk\/index.php?rest_route=\/wp\/v2\/users\/1"}],"replies":[{"embeddable":true,"href":"https:\/\/st.jacob.peberholm.dk\/index.php?rest_route=%2Fwp%2Fv2%2Fcomments&post=48"}],"version-history":[{"count":3,"href":"https:\/\/st.jacob.peberholm.dk\/index.php?rest_route=\/wp\/v2\/pages\/48\/revisions"}],"predecessor-version":[{"id":176,"href":"https:\/\/st.jacob.peberholm.dk\/index.php?rest_route=\/wp\/v2\/pages\/48\/revisions\/176"}],"wp:attachment":[{"href":"https:\/\/st.jacob.peberholm.dk\/index.php?rest_route=%2Fwp%2Fv2%2Fmedia&parent=48"}],"curies":[{"name":"wp","href":"https:\/\/api.w.org\/{rel}","templated":true}]}}