{"id":52,"date":"2022-02-04T14:19:12","date_gmt":"2022-02-04T13:19:12","guid":{"rendered":"https:\/\/st.jacob.peberholm.dk\/?page_id=52"},"modified":"2023-03-07T19:41:34","modified_gmt":"2023-03-07T18:41:34","slug":"budskaber-2020","status":"publish","type":"page","link":"https:\/\/st.jacob.peberholm.dk\/?page_id=52","title":{"rendered":"Budskaber Medjugorje, 2020"},"content":{"rendered":"\n<p><\/p>\n\n\n\n<p><strong>Julebudskab til Marija d. 25. december 2020:<\/strong><\/p>\n\n\n\n<p>&#8220;K\u00e6re b\u00f8rn! Jeg bringer jer den lille Jesus, der bringer jer fred. Han, der er jeres tilv\u00e6relses fortid, nutid og fremtid. Mine k\u00e6re b\u00f8rn, tillad ikke at jeres tro slukkes, ej heller h\u00e5bet om en bedre fremtid, for I er udvalgte til ved enhver lejlighed at v\u00e6re vidner om h\u00e5bet. Derfor er jeg her med Jesus. for at Han kan velsigne jer med sin fred. Tak, fordi I har svaret p\u00e5 mit kald!&#8221;<\/p>\n\n\n\n<p><strong>Budskab til Marija d. 25. november 2020:<\/strong><\/p>\n\n\n\n<p>&#8220;K\u00e6re b\u00f8rn! Dette er k\u00e6rlighedens, varmens, b\u00f8nnens og gl\u00e6dens tid. Mine k\u00e6re b\u00f8rn, bed om at den lille Jesus m\u00e5 blive f\u00f8dt i jeres hjerte. \u00e5bn jeres hjerte for Jesus, der gives til enhver af jer. Gud har sendt mig for at v\u00e6re gl\u00e6de og h\u00e5b i denne tid; og jeg siger til jer: Uden den lille Jesus vil I hverken have \u00f8mhed eller den himmelske f\u00f8lelse, der skjuler sig i den Nyf\u00f8dte. Derfor, k\u00e6re b\u00f8rn, arbejd p\u00e5 jer selv. Ved at l\u00e6se den hellige Skrift vil I opdage Jesu f\u00f8dsel og gl\u00e6den, ligesom i de f\u00f8rste dage som Medjugorje gav til menneskeheden. Historien vil blive sandhed, s\u00e5dan som det ogs\u00e5 i dag gentager sig i jer og omkring jer. Arbejd og opbyg freden gennem skriftem\u00e5let. Forson jer med Gud, k\u00e6re b\u00f8rn, og I vil se undere omkring jer. Tak, fordi I har svaret p\u00e5 mit kald!&#8221;<\/p>\n\n\n\n<p><strong>Budskab til Marija d. 25. oktober 2020:<\/strong><\/p>\n\n\n\n<p>&#8220;K\u00e6re b\u00f8rn! I denne tid kalder jeg jer til at vende tilbage til Gud og til b\u00f8nnen. Anr\u00e5b alle helgenerne om hj\u00e6lp, s\u00e5 de kan v\u00e6re forbilleder og hj\u00e6lp for jer. Satan er st\u00e6rk, og k\u00e6mper for at rive s\u00e5 mange hjerte som muligt til sig. Han \u00f8nsker krig og had. Det er derfor, at jeg har v\u00e6ret s\u00e5 l\u00e6nge hos jer, for at lede jer p\u00e5 vejen til frelsen, til Ham, der er vejen, sandheden og livet. K\u00e6re b\u00f8rn, vend tilbage til k\u00e6rligheden til Gud, og Han vil v\u00e6re jeres styrke og tilflugt. TTak, fordi I har svaret p\u00e5 mit kald!&#8221;<\/p>\n\n\n\n<p><strong>Budskab til Marija d. 25. september 2020:<\/strong><\/p>\n\n\n\n<p>&#8220;K\u00e6re b\u00f8rn. Jeg har v\u00e6ret s\u00e5 l\u00e6nge hos jer, fordi Gud er stor i k\u00e6rlighed og i mit n\u00e6rv\u00e6r. Jeg opfordrer jeg, k\u00e6re b\u00f8rn: Vend tilbage til Gud og til b\u00f8nnen. M\u00e5tte k\u00e6rligheden v\u00e6re jeres livs m\u00e5lestok og glem ikke, mine k\u00e6re b\u00f8rn, at b\u00f8n og faste kan udvirke mirakler i jer og omkring jer. M\u00e5tte I g\u00f8re alt hvad I g\u00f8r, til Guds \u00e6re, for s\u00e5 vil Himlen fylde jeres hjerte med gl\u00e6de, og I vil f\u00f8le at Gud elsker jer og sender mig for at frelse jer og Jorden, I lever p\u00e5. Tak, fordi I har svaret p\u00e5 mit kald!&#8221;<\/p>\n\n\n\n<p><strong>Budskab til Marija d. 25. august 2020:<\/strong><\/p>\n\n\n\n<p>&#8220;K\u00e6re b\u00f8rn! Dette er en n\u00e5dens tid. Jeg er med jer og opfordrer jer, mine k\u00e6re b\u00f8rn, til p\u00e5 ny at vende tilbage til Gud og til b\u00f8nnen, indtil b\u00f8nnen bliver en gl\u00e6de for jer. Mine k\u00e6re b\u00f8rn, I har ingen fremtid og ingen fred f\u00f8r jeres liv begynder med jeres personlige omvendelse og forandring til det gode. Det onde vil ende, og freden vil herske i jeres hjerte og i verden. Derfor, mine k\u00e6re b\u00f8rn, bed, bed, bed. Jeg er med jer og g\u00e5r i forb\u00f8n for enhver af jer hos min S\u00f8n Jesus. Tak, fordi I har svaret p\u00e5 mit kald!&#8221;<\/p>\n\n\n\n<p><strong>Budskab til Marija d. 25. juli 2020:<\/strong><\/p>\n\n\n\n<p>&#8220;K\u00e6re b\u00f8rn. I denne urolige tid, hvor Satan h\u00f8ster sj\u00e6le, for at drage dem til sig, opfordrer jeg jer til udholdende b\u00f8n, s\u00e5 at I i b\u00f8n kan opdage Gud, der er k\u00e6rlighed og h\u00e5b. Mine k\u00e6re b\u00f8rn, tag korset i jeres h\u00e6nder. M\u00e5tte det v\u00e6re jer en opmuntring, s\u00e5 at k\u00e6rligheden altid m\u00e5 sejre, is\u00e6r nu, hvor korset og troen forkastes. I skal v\u00e6re gensk\u00e6r og med jeres liv bevidne at troen og h\u00e5bet stadig lever og at en ny verden med fred er mulig. Jeg er med jer og g\u00e5r i forb\u00f8n for jer hos min S\u00f8n, Jesus. Tak, fordi I har svaret p\u00e5 mit kald!&#8221;<\/p>\n\n\n\n<p><strong>Budskab til Marija d. 25. juni 2020:<\/strong><\/p>\n\n\n\n<p>&#8220;K\u00e6re b\u00f8rn, jeg h\u00f8rer jeres anr\u00e5belser og b\u00f8nner, og jeg g\u00e5r i forb\u00f8n for jer hos min S\u00f8n Jesus, der er vejen, sandheden og livet. Mine k\u00e6re b\u00f8rn, vend tilbage til b\u00f8nnen og \u00e5bn jeres hjerter i denne n\u00e5dens tid og g\u00e5 ad omvendelsens vej. Jeres liv er forg\u00e6ngeligt, og uden Gud er det meningsl\u00f8st. Derfor er jeg hos jer, for at f\u00f8re jer til livets hellighed, s\u00e5 at enhver af jer kan opdage gl\u00e6den ved livet. Jeg elsker jer alle, mine k\u00e6re b\u00f8rn, og velsigner jer med min moderlige velsignelse. Tak, fordi I har svaret p\u00e5 mit kald!&#8221;<\/p>\n\n\n\n<p><strong>Budskab til Marija d. 25. maj 2020:<\/strong><\/p>\n\n\n\n<p>&#8220;K\u00e6re b\u00f8rn! Bed sammen med mig om et nyt liv for jer alle. I jeres hjerte ved I, k\u00e6re b\u00f8rn, hvad I skal \u00e6ndre: Vend om til Gud og Hans bud, s\u00e5 at Hellig\u00e5nden kan \u00e6ndre jeres liv og jordens skikkelse, der har brug for fornyelse i Hellig\u00e5nden. Mine k\u00e6re b\u00f8rn, v\u00e6r b\u00f8n for alle dem, der ikke beder, v\u00e6r gl\u00e6de for alle dem, der ikke kan se nogen udvej, v\u00e6r b\u00e6rere af lys i m\u00f8rket i denne urolige tid. Bed og sp\u00f8rg om hj\u00e6lp og beskyttelse fra helgenerne, s\u00e5 at ogs\u00e5 I kan l\u00e6nges efter himlen og den himmelske virkelighed. Jeg er med jer, og jeg beskytter jer og velsigner jer alle med min moderlige velsignelse. Tak, fordi I har svaret p\u00e5 mit kald!&#8221;<\/p>\n\n\n\n<p><strong>Budskab til Marija d. 25. april 2020:<\/strong><\/p>\n\n\n\n<p>&#8220;K\u00e6re b\u00f8rn! M\u00e5tte denne tid v\u00e6re jer en anledning til personlig omvendelse. Mine k\u00e6re b\u00f8rn, Bed i afsondrethed Hellig\u00e5nden om at styrke jer i troen p\u00e5 og tilliden til Gud, s\u00e5 at I kan blive v\u00e6rdige vidner om den k\u00e6rlighed som Gud giver jer gennem mit n\u00e6rv\u00e6r. Mine k\u00e6re b\u00f8rn, tillad ikke fristelserne at forh\u00e6rde jeres hjerte og g\u00f8re jeres b\u00f8n til en \u00f8rken. V\u00e6r gensk\u00e6r af Guds k\u00e6rlighed og vidn om den opstandne Jesus gennem jeres liv. Jeg er med jer og elsker jer alle med min moderlige k\u00e6rlighed. Tak, fordi I har svaret p\u00e5 mit kald!&#8221;<\/p>\n\n\n\n<p><strong>Budskab til Marija d. 25. marts 2020:<\/strong><\/p>\n\n\n\n<p>&#8220;K\u00e6re b\u00f8rn! Jeg har v\u00e6ret hos jer i s\u00e5 mange \u00e5r for at f\u00f8re jer ad vejen til hellighed. Vend tilbage til min S\u00f8n, vend tilbage til b\u00f8n og faste! Mine k\u00e6re b\u00f8rn, tillad at Gud taler til jeres hjerte, for Satan hersker og vil \u00f8del\u00e6gge jeres liv og den jord, I tr\u00e6der p\u00e5. V\u00e6r modige og beslut jer for hellighed! I vil se omvendelsen i jeres hjerter og familier, b\u00f8nner vil blive h\u00f8rt, Gud vil h\u00f8re jeres klage og sk\u00e6nke jer fred. Jeg er med jer, og jeg velsigner jer alle med min moderlige velsignelse. Tak, fordi I har svaret p\u00e5 mit kald!&#8221;<\/p>\n\n\n\n<p><strong>Budskab til Mirjana d. 18. marts 2020:<\/strong><\/p>\n\n\n\n<p>&#8220;K\u00e6re b\u00f8rn! Min S\u00f8n har altid set ud over tiderne. Jeg, Hans moder, ser gennem Ham ind I tiden. Jeg ser smukke og triste ting. Men jeg ser, at der stadig findes k\u00e6rlighed og at I skal virke for at erkende den. Mine b\u00f8rn, I kan ikke v\u00e6re lykkelige, hvis I ikke elsker hinanden, hvis I ikke har k\u00e6rlighed i hver en situation og hvert \u00f8jeblik I jeres liv. Jeg, som jeres Moder, kommer til jer med k\u00e6rlighed. For at hj\u00e6lpe jer at kende den sande k\u00e6rlighed, at kende min S\u00f8n. Derfor opfordrer jeg jer til at str\u00e6be efter k\u00e6rlighed, tro og h\u00e5b, igen og igen. Den eneste kilde I kan drikke af er tilliden til Gud, min S\u00f8n. Mine b\u00f8rn, i tider med uroligheder og afsavn, s\u00f8g kun min S\u00f8ns ansigt. Lev kun hans ord og v\u00e6r ikke bange. Bed og elsk med \u00e6rlige f\u00f8lelser, gode gerninger, og hj\u00e6lp med at forandre verden og med at mit hjerte m\u00e5 vinde. Min S\u00f8n og jeg beder jer om at elske hinanden, for uden k\u00e6rlighed er der ingen frelse. Tak, mine b\u00f8rn!&#8221;<\/p>\n\n\n\n<p><em>Efter dette budskab sagde Jomfru Maria til Mirjana, at hun ikke l\u00e6ngere vil vise sig for hende den 2. i hver m\u00e5ned, men fremover kun den 18. marts.<\/em><\/p>\n\n\n\n<p><strong>Budskab til Mirjana d. 2. marts 2020:<\/strong><\/p>\n\n\n\n<p>&#8220;K\u00e6re b\u00f8rn, jeres rene og \u00e6gte k\u00e6rlighed varmer mit moderhjerte. Jeres tro og tillid til den Himmelske Fader er duftende roser som I bringer mig &#8211; de smukkeste buketter af roser som best\u00e5r af jeres b\u00f8nner, barmhjertigsgerninger og af k\u00e6rlighed. Min k\u00e6rligheds apostle, I som oprigtigt og med et rent hjerte str\u00e6ber efter at f\u00f8lge min S\u00f8n, I som oprigtigt elsker Ham, hj\u00e6lp med; v\u00e6r I et eksempel for dem som endnu ikke har l\u00e6rt min S\u00f8ns k\u00e6rlighed at kende; men mine k\u00e6re b\u00f8rn, ikke kun i ord men ogs\u00e5 i gerninger og oprigtige f\u00f8lelser gennem hvilke I \u00e6rer den Himmelske Fader. Min k\u00e6rligheds apostle, det er tid til at v\u00e6re p\u00e5 vagt, og jer beder jeg om at ud\u00f8ve k\u00e6rlighed, s\u00e5 at I ikke d\u00f8mmer nogen, for den Himmelske Fader vil d\u00f8mme alle. Jeg beder jer om k\u00e6rlighed, s\u00e5 at I videregiver sandheden; for sandheden er gammel, den er ikke noget nyt, den er evig, den er sandhed. Den vidner om Guds evighed. Videregiv min S\u00f8ns lys og forts\u00e6t med at oplyse m\u00f8rket som mere og mere \u00f8nsker at opsluge jer. Frygt ikke! Ved min S\u00f8ns n\u00e5de og k\u00e6rlighed er jeg hos jer. Tak!&#8221;<\/p>\n\n\n\n<p><strong>Budskab til Marija d. 25. februar 2020:<\/strong><\/p>\n\n\n\n<p>&#8220;K\u00e6re b\u00f8rn! I denne n\u00e5dens tid \u00f8nsker jeg at se jeres ansigter forvandlede i b\u00f8n. I er s\u00e5 overv\u00e6ldede af jordiske bekymringer og I kan ikke fornemme, at for\u00e5ret st\u00e5r for d\u00f8ren. Mine k\u00e6re b\u00f8rn, I er kaldede til bod og b\u00f8n. Ligesom naturen i det stille k\u00e6mper for det nye liv, opfordres ogs\u00e5 I til at \u00e5bne jer for Gud i b\u00f8n, i Ham vil I finde fred og for\u00e5rssolens varme i jeres hjerte. Tak, fordi I har svaret p\u00e5 mit kald!&#8221;<\/p>\n\n\n\n<p><strong>Budskab til Mirjana d. 2. februar 2020:<\/strong><\/p>\n\n\n\n<p>&#8220;K\u00e6re b\u00f8rn. Ved Guds beslutning og k\u00e6rlighed, er jeg valgt til at v\u00e6re Guds moder og jeres moder. Men ogs\u00e5 ved min vilje og uendelige k\u00e6rlighed til Den Himmelske Fader og min fulde tillid til ham, blev min krop Gud-menneskets kalk. Jeg var i sandhedens, k\u00e6rlighed og frelsens tjeneste, ligesom jeg nu er blandt jer for at kalde jer, mine b\u00f8rn, min k\u00e6rligheds apostle, til at v\u00e6re budbringere af sandheden; for at kalde jer til at sprede Hans ord, ordene om frelse, gennem jeres vilje og k\u00e6rlighed til min S\u00f8n, s\u00e5 at I med jeres gerninger m\u00e5 vise, alle de der endnu ikke har l\u00e6rt min S\u00f8n at kende, Hans k\u00e6rlighed. I vil finde styrke i Eukaristien, hvor min S\u00f8n n\u00e6rer jer med Sit Legeme og styrker jer med Sit Blod. Mine b\u00f8rn, fold jeres h\u00e6nder og betragt Korset i stilhed. P\u00e5 denne m\u00e5de tiltr\u00e6kker I troen, s\u00e5 I kan videregive den; I tiltr\u00e6kker sandheden s\u00e5 I kan skelne; I tiltr\u00e6kker k\u00e6rligheden, s\u00e5 I ved hvordan man virkelig ud\u00f8ver k\u00e6rlighed. Mine b\u00f8rn, fold jeres h\u00e6nder og betragt Korset. Kun gennem Korset opn\u00e5r I frelse. Tak!&#8221;<\/p>\n\n\n\n<p><strong>Budskab til Marija d. 25. januar 2020:<\/strong><\/p>\n\n\n\n<p>&#8220;K\u00e6re b\u00f8rn! I dag opfordrer jeg jer til at bede endnu mere og endnu l\u00e6ngere indtil I f\u00f8ler tilgivelsens hellighed i jeres hjerte. Der skal v\u00e6re hellighed i familierne, fordi, mine k\u00e6re b\u00f8rn, der findes ikke nogen fremtid for denne verden uden hellighed og k\u00e6rlighed. Og fordi I i hellighed og gl\u00e6de skal hengive jer til Gud, jeres Skaber, der elsker jer med endel\u00f8s k\u00e6rlighed. Derfor sender Han mig til jer. Tak, fordi I har svaret p\u00e5 mit kald!&#8221;<\/p>\n\n\n\n<p><strong>Budskab til Mirjana d. 2. januar 2020:<\/strong><\/p>\n\n\n\n<p>&#8220;K\u00e6re b\u00f8rn! Jeg ved, at jeg er n\u00e6rv\u00e6rende i jeres liv og i jeres hjerter. Jeg m\u00e6rker jeres k\u00e6rlighed. Jeg h\u00f8rer jeres b\u00f8nner og leder dem hen til min S\u00f8n. Men, mine b\u00f8rn, med en moders k\u00e6rlighed, \u00f8nsker jeg at v\u00e6re der i alle mine b\u00f8rns liv. Jeg \u00f8nsker at samle alle mine b\u00f8rn omkring mig, under min moderlige kappe, Det er derfor at jeg inviterer jer og kalder jer, min k\u00e6rlighed apostle, til at hj\u00e6lpe mig. Mine b\u00f8rn, min S\u00f8n udtalte ordene fra &#8220;Fadervor&#8221;, vor Fader som er overalt og i vores hjerter, fordi Han \u00f8nsker at l\u00e6re jer at bede med b\u00e5de ord og f\u00f8lelser. Han \u00f8nsker, at I hele tiden bliver bedre til at udleve k\u00e6rligheden fyldt at n\u00e5de, gennem b\u00f8n og gr\u00e6nsel\u00f8se ofre for andre. Mine b\u00f8rn, giv min S\u00f8n n\u00e6stek\u00e6rlighed, tr\u00f8stende ord, medf\u00f8lelse og retf\u00e6rdige gerninger overfor jeres n\u00e6ste. Alt hvad I giver andre, min k\u00e6rligheds apostle, tager min S\u00f8n imod som en gave. Jeg er ogs\u00e5 med jer, for min S\u00f8n \u00f8nsker med min k\u00e6rlighed, som med en lysstr\u00e5le, at v\u00e6kke jeres sj\u00e6l til live, for at jeg kan hj\u00e6lpe jer i jeres s\u00f8gen efter fred og evig lykke. Derfor, mine b\u00f8rn, elsk hinanden, v\u00e6r forenet gennem min S\u00f8n, v\u00e6r Guds b\u00f8rn, som sammen, med et fuldt, \u00e5bent og rent hjerte, udtaler &#8220;Fadervor&#8221;. Og frygt ikke! Tak!&#8221;<\/p>\n","protected":false},"excerpt":{"rendered":"<p>Julebudskab til Marija d. 25. december 2020: &#8220;K\u00e6re b\u00f8rn! Jeg bringer jer den lille Jesus, der bringer jer fred. Han, der er jeres tilv\u00e6relses fortid, nutid og fremtid. Mine k\u00e6re b\u00f8rn, tillad ikke at jeres tro slukkes, ej heller h\u00e5bet om en bedre fremtid, for I er udvalgte til ved enhver lejlighed at v\u00e6re vidner &hellip;<\/p>\n","protected":false},"author":1,"featured_media":0,"parent":0,"menu_order":0,"comment_status":"closed","ping_status":"closed","template":"","meta":{"footnotes":""},"class_list":["post-52","page","type-page","status-publish","hentry"],"_links":{"self":[{"href":"https:\/\/st.jacob.peberholm.dk\/index.php?rest_route=\/wp\/v2\/pages\/52","targetHints":{"allow":["GET"]}}],"collection":[{"href":"https:\/\/st.jacob.peberholm.dk\/index.php?rest_route=\/wp\/v2\/pages"}],"about":[{"href":"https:\/\/st.jacob.peberholm.dk\/index.php?rest_route=\/wp\/v2\/types\/page"}],"author":[{"embeddable":true,"href":"https:\/\/st.jacob.peberholm.dk\/index.php?rest_route=\/wp\/v2\/users\/1"}],"replies":[{"embeddable":true,"href":"https:\/\/st.jacob.peberholm.dk\/index.php?rest_route=%2Fwp%2Fv2%2Fcomments&post=52"}],"version-history":[{"count":3,"href":"https:\/\/st.jacob.peberholm.dk\/index.php?rest_route=\/wp\/v2\/pages\/52\/revisions"}],"predecessor-version":[{"id":178,"href":"https:\/\/st.jacob.peberholm.dk\/index.php?rest_route=\/wp\/v2\/pages\/52\/revisions\/178"}],"wp:attachment":[{"href":"https:\/\/st.jacob.peberholm.dk\/index.php?rest_route=%2Fwp%2Fv2%2Fmedia&parent=52"}],"curies":[{"name":"wp","href":"https:\/\/api.w.org\/{rel}","templated":true}]}}