{"id":62,"date":"2022-02-04T14:26:11","date_gmt":"2022-02-04T13:26:11","guid":{"rendered":"https:\/\/st.jacob.peberholm.dk\/?page_id=62"},"modified":"2023-03-07T19:48:23","modified_gmt":"2023-03-07T18:48:23","slug":"budskaber-2015","status":"publish","type":"page","link":"https:\/\/st.jacob.peberholm.dk\/?page_id=62","title":{"rendered":"Budskaber Medjugorje, 2015"},"content":{"rendered":"\n<p><strong>Julebudskab til Marija d. 25. december 2015:<\/strong><\/p>\n\n\n\n<p>&#8220;K\u00e6re b\u00f8rn! Ogs\u00e5 i dag b\u00e6rer jeg min S\u00f8n, Jesus, frem for jer, og fra denne omfavnelse giver jeg jer Hans fred og en l\u00e6ngsel efter Himlen. Jeg beder med jer om fred, og jeg kalder jer til at v\u00e6re fred. Jeg velsigner jer alle med min moderlige fredsvelsignelse. Tak, fordi I har svaret p\u00e5 mit kald!&#8221; <\/p>\n\n\n\n<p><strong>Budskab til Mirjana d. 2 december 2015:<\/strong><\/p>\n\n\n\n<p>&#8220;K\u00e6re b\u00f8rn! Jeg er altid med jer fordi min S\u00f8n overgav jer til mig. Og I, mine b\u00f8rn, I beh\u00f8ver mig, I s\u00f8ger mig, I kommer til mig og I bringer gl\u00e6de til mit moderlige hjerte. Jeg har, og vil altid have, k\u00e6rlighed til jer, for jer som lider og ofrer jeres smerter og lidelser til min S\u00f8n og til mig. Min k\u00e6rlighed s\u00f8ger alle mine b\u00f8rns k\u00e6rlighed og mine b\u00f8rn s\u00f8ger min k\u00e6rlighed. Gennem k\u00e6rlighed, s\u00f8ger Jesus enhed mellem himlen og jord; mellem den Himmelske Fader og jer; mine b\u00f8rn &#8211; Hans kirke. Derfor, er det n\u00f8dvendigt at I beder meget, at bede for og elske den kirke I tilh\u00f8rer. Kirken lider i det nuv\u00e6rende \u00f8jeblik, og beh\u00f8ver apostle som ved at elske enheden, gennem vidnesbyrdet og gennem ofre, viser vejen til Gud. Kirken beh\u00f8ver apostle, som ved at leve Eukaristien med hjertet udf\u00f8rer et stort arbejde; den beh\u00f8ver jer, mine k\u00e6rlighedens apostle. Mine b\u00f8rn, fra begyndelsen af var kirken forfulgt og forr\u00e5dt, men dag efter dag voksede den. Den er uforg\u00e6ngelig, fordi min S\u00f8n gav den et hjerte &#8211; Eukaristien, og lyset af Hans opstandelse skinner og vil forts\u00e6tte med at skinne p\u00e5 den. Derfor, v\u00e6r ikke bange. Bed for jeres hyrder at de m\u00e5 f\u00e5 styrken og k\u00e6rligheden til at v\u00e6re frelsens brobyggere. Tak!&#8221; <\/p>\n\n\n\n<p><strong>Budskab til Marija d. 25. november 2015:<\/strong><\/p>\n\n\n\n<p>&#8220;K\u00e6re b\u00f8rn! I dag kalder jeg jer alle: bed for mine intensioner. Freden er i fare, derfor, sm\u00e5 b\u00f8rn, bed og v\u00e6r b\u00e6rere af freden og h\u00e5bet i denne hvilel\u00f8se verden hvor satan angriber og frister p\u00e5 enhver t\u00e6nkelig m\u00e5de. Sm\u00e5 b\u00f8rn, st\u00e5 fast i b\u00f8nnen og v\u00e6r modige i troen. Jeg er med jer og beder for jer alle foran min S\u00f8n Jesus. Tak fordi I har svaret p\u00e5 mit kald!&#8221; <\/p>\n\n\n\n<p><strong>Budskab til Mirjana d. 2. november 2015:<\/strong><\/p>\n\n\n\n<p>&#8220;K\u00e6re b\u00f8rn! P\u00e5 ny \u00f8nsker Jeg at tale til jer om k\u00e6rlighed. Jeg har samlet jer omkring mig i min S\u00f8ns navn, som det er Hans vilje. Jeg \u00f8nsker at I har en st\u00e6rk tro, som flyder fra k\u00e6rligheden. Fordi, dem af mine b\u00f8rn som forst\u00e5r min S\u00f8ns k\u00e6rlighed og f\u00f8lger den, lever i k\u00e6rlighed og h\u00e5b. De er kommet til at kende Guds k\u00e6rlighed. Derfor, mine b\u00f8rn, bed, bed for at I bliver i stand til at elske alle mere og g\u00f8re k\u00e6rlighedens gerninger. Fordi, tro alene uden k\u00e6rlighed og k\u00e6rlighedens gerninger er ikke hvad Jeg beder jer om: mine b\u00f8rn, det er en troens illusion. Min S\u00f8n s\u00f8ger tro og gerninger, k\u00e6rlighed og godhed. Jeg beder, og jeg beder jer om ogs\u00e5 at bede, og leve k\u00e6rligheden; fordi Jeg \u00f8nsker at min S\u00f8n, n\u00e5r Han ser p\u00e5 alle mine b\u00f8rns hjerter, kan se k\u00e6rlighed og godhed i dem og ikke had og ligegyldighed. Mine b\u00f8rn, mine k\u00e6rlighedens apostle, mist ikke h\u00e5bet, mist ikke styrken. I kan g\u00f8re det. Jeg opmuntrer jer og velsigner jer. Fordi alt hvad der er af denne verden, som mange af mine b\u00f8rn, uheldigvis, s\u00e6tter p\u00e5 f\u00f8rstepladsen, vil forsvinde; og kun k\u00e6rlighed og k\u00e6rlighedens gerninger vil forblive og \u00e5bner d\u00f8ren til det Himmelske Rige. Jeg venter p\u00e5 jer ved denne d\u00f8r. Ved denne d\u00f8r, \u00f8nsker Jeg at byde alle mine b\u00f8rn velkomne og omfavne dem. Tak&#8221;.<\/p>\n\n\n\n<p><strong>Budskab til Marija d. 25. oktober 2015:<\/strong><\/p>\n\n\n\n<p>&#8220;K\u00e6re b\u00f8rn! Ogs\u00e5 i dag, beder jeg for jer alle, s\u00e6rligt for alle dem der er blevet h\u00e5rdhjertede overfor min kalden. I lever i n\u00e5dens dage og er ikke bevidst om den gave Gud giver jer gennem mit n\u00e6rv\u00e6r. Sm\u00e5 b\u00f8rn, beslut jer ogs\u00e5 i dag for hellighed og brug denne tids helgener som jeres eksempel og I vil se at hellighed er en virkelighed for jer alle. Gl\u00e6d jer i k\u00e6rlighed, sm\u00e5 b\u00f8rn, at i Guds \u00f8jne er I uigentagelige og uerstattelige, fordi I er Guds gl\u00e6de i denne verden. Bring vidnesbyrd om fred, b\u00f8n og k\u00e6rlighed. Tak fordi I har svaret p\u00e5 mit kald!&#8221;<\/p>\n\n\n\n<p><strong>Budskab til Mirjana d. 2. oktober 2015:<\/strong><\/p>\n\n\n\n<p>&#8220;K\u00e6re b\u00f8rn! Jeg er iblandt jer for at opmuntre jer, for at fylde jer med min k\u00e6rlighed og for p\u00e5ny at kalde jer til at v\u00e6re vidnesbyrd om min S\u00f8ns k\u00e6rlighed. Mange af mine b\u00f8rn har ikke noget h\u00e5b, de har ingen fred, de har ingen k\u00e6rlighed. De s\u00f8ger min S\u00f8n, men ved ikke hvordan og hvor de skal finde Ham. Min S\u00f8ns arme er vidt \u00e5bne imod dem, og I skal hj\u00e6lpe dem ind i Hans favn. Mine b\u00f8rn, det er derfor I skal bede om k\u00e6rlighed. I skal bede rigtig, rigtig meget s\u00e5 I har endnu mere k\u00e6rlighed, fordi k\u00e6rlighed besejrer d\u00f8den og lader livet sejre. Mine k\u00e6rlighedens apostle, mine b\u00f8rn, med et \u00e6rligt og enkelt hjerte foren jer i b\u00f8n uanset hvor langt I er fra hinanden. St\u00f8t hinanden i \u00e5ndelig v\u00e6kst som Jeg st\u00f8tter jer. Jeg ser p\u00e5 jer alle og er med jer, n\u00e5rsomhelst I t\u00e6nker p\u00e5 Mig. Bed ogs\u00e5 for jeres hyrder, for dem som har forladt alt for min S\u00f8ns og for jeres skyld. Elsk dem og bed for dem. Den Himmelske Fader lytter til jeres b\u00f8nner. Tak!&#8221;<\/p>\n\n\n\n<p><strong>Budskab til Marija d. 25. september 2015:<\/strong><\/p>\n\n\n\n<p>&#8220;K\u00e6re b\u00f8rn! Ogs\u00e5 i dag beder jeg Hellig\u00e5nden om at fylde jeres hjerter med en st\u00e6rk tro. B\u00f8n og tro vil fylde jeres hjerter med k\u00e6rlighed og gl\u00e6de og I vil v\u00e6re et tegn for dem som er langt borte fra Gud. Sm\u00e5 b\u00f8rn, st\u00f8t hinanden i at bede med hjertet, s\u00e5 b\u00f8n m\u00e5 fylde jeres liv; og hver dag, I, sm\u00e5 b\u00f8rn, vil v\u00e6re, ovenover alt, vidnesbyrd om at tjene Gud i tilbedelse og jeres n\u00e6ste i n\u00f8d. Jeg er med jer og beder for jer alle. Tak fordi I har svaret p\u00e5 mit kald&#8221;.<\/p>\n\n\n\n<p><strong>Budskab til Mirjana d. 2. september 2015:<\/strong><\/p>\n\n\n\n<p>&#8220;K\u00e6re b\u00f8rn! Mine k\u00e6re k\u00e6rlighedens apostle, mine b\u00e6rere af sandheden, igen kalder jeg jer og samler jer omkring mig s\u00e5 I kan hj\u00e6lpe mig, at hj\u00e6lpe alle de af mine b\u00f8rn der l\u00e6nges efter k\u00e6rlighed og sandhed &#8211; som t\u00f8rster efter min S\u00f8n. Jeg er en n\u00e5de fra den himmelske Fader, sendt for at hj\u00e6lpe jer til at leve min S\u00f8ns ord. Elsk hinanden. Jeg levede jeres jordiske liv. Jeg ved at det ikke altid er nemt, men hvis I vil elske hinanden, vil I bede med hjertet. I vil n\u00e5 \u00e5ndelige h\u00f8jder og vejen til Himlen vil v\u00e6re \u00e5ben for jer. Jeg, jeres moder, venter p\u00e5 jer der, fordi der er jeg. V\u00e6r trofast mod min S\u00f8n og l\u00e6r andre trofasthed. Jeg er med jer. Jeg vil hj\u00e6lpe jer. Jeg vil l\u00e6re jer troen s\u00e5 I m\u00e5 vide hvordan I skal formidle troen til andre p\u00e5 den rigtige m\u00e5de. Jeg vil l\u00e6re jer sandheden at I m\u00e5 vide hvordan I skal skelne. Jeg vil l\u00e6re jer k\u00e6rlighed s\u00e5 I m\u00e5 l\u00e6re hvad virkelig k\u00e6rlighed er. Mine b\u00f8rn, min S\u00f8n vil g\u00f8re det muligt for Ham at tale gennem jeres ord og jeres gerninger. Tak!&#8221;<\/p>\n\n\n\n<p><strong>Budskab til Marija d. 25. august 2015:<\/strong><\/p>\n\n\n\n<p>&#8220;K\u00e6re b\u00f8rn! Ogs\u00e5 i dag kalder jeg jer til at v\u00e6re b\u00f8n. M\u00e5 b\u00f8n for jer blive en vinge til et m\u00f8de med Gud. Verden er i et pr\u00f8velsens \u00f8jeblik, fordi den har glemt og forladt Gud. Derfor I sm\u00e5 b\u00f8rn, v\u00e6r dem der s\u00f8ger Gud og elsker Gud overalt. Jeg er med jer og jeg leder jer til min S\u00f8n, men I m\u00e5 sige &#8220;ja&#8221; i Guds b\u00f8rns frihed. Jeg beder for jer og jeg elsker jer, sm\u00e5 b\u00f8rn, med en uendelig k\u00e6rlighed. Tak fordi I har svaret p\u00e5 mit kald!&#8221;<\/p>\n\n\n\n<p><strong>Budskab til Mirjana d. 2. august 2015:<\/strong><\/p>\n\n\n\n<p>&#8220;K\u00e6re b\u00f8rn! Jeg, som en moder der elsker sine b\u00f8rn, ser hvor sv\u00e6r en tid det er for jer at leve i. Jeg ser jeres lidelser, men I skal vide at I ikke er alene. Min S\u00f8n er med jer. Han er overalt. Han er usynlig, men I kan se Ham hvis I lever Ham. Han er lyset som oplyser jeres sj\u00e6le og giver jer fred. Han er Kirken som I beh\u00f8ver at elske og altid skal bede og k\u00e6mpe for &#8211; men ikke kun med ord, men med k\u00e6rlighedens gerninger. Mine b\u00f8rn, lad alle vide at Han m\u00e5 elskes, fordi sandheden er i min S\u00f8n f\u00f8dt af Gud &#8211; Guds S\u00f8n. Spild ikke for meget af jeres tid frivilligt; da I s\u00e5 distancerer jer fra sandheden. Med et enkelt hjerte accepter Hans ord og lev det. Hvis I lever Hans ord, vil I bede. Hvis I lever Hans ord, vil I elske med en barmhjertig k\u00e6rlighed; I vil elske hinanden. Jo mere I elsker, jo l\u00e6ngere vil I v\u00e6re fra d\u00f8den. For dem som lever min S\u00f8ns ord og som elsker, d\u00f8den vil v\u00e6re livet. Tak. Bed at I m\u00e5 kunne se min S\u00f8n i jeres hyrder. Bed at I m\u00e5 kunne omfavne Ham i dem. Tak!&#8221;<\/p>\n\n\n\n<p><strong>Budskab til Marija d. 25. juli 2015:<\/strong><\/p>\n\n\n\n<p>&#8220;K\u00e6re b\u00f8rn! Med gl\u00e6de er jeg med jer ogs\u00e5 i dag og jeg kalder jer alle, sm\u00e5 b\u00f8rn, bed, bed, bed s\u00e5 I m\u00e5 forst\u00e5 den k\u00e6rlighed jeg har for jer. Min k\u00e6rlighed er st\u00e6rkere end ondskaben, sm\u00e5 b\u00f8rn, derfor drag t\u00e6ttere til Gud s\u00e5 I f\u00f8ler min k\u00e6rlighed i Gud. Uden Gud, sm\u00e5 b\u00f8rn, har I ingen fremtid, I har intet h\u00e5b om frelse; derfor forlad ondskaben og v\u00e6lg det gode. Jeg er med jer, og med jer, beder jeg foran Gud for alle jeres behov. Tak fordi I har svaret p\u00e5 mit kald!&#8221;<\/p>\n\n\n\n<p><strong>Budskab til Mirjana d. 2. juli 2015:<\/strong><\/p>\n\n\n\n<p>&#8220;K\u00e6re b\u00f8rn! Jeg kalder jer til at sprede troen p\u00e5 min S\u00f8n &#8211; jeres tro. I, mine b\u00f8rn, oplyst af Hellig\u00e5nden, mine apostle, giv den videre til andre &#8211; til dem som ikke tror, som ikke ved, som ikke \u00f8nsker at vide &#8211; men for at kunne g\u00f8re det m\u00e5 I bede meget om k\u00e6rlighedens gave, fordi k\u00e6rlighed er tegnet p\u00e5 sand tro &#8211; og I vil v\u00e6re mine k\u00e6rlighedens apostle. Elsk altid, p\u00e5ny, forny jeres smerte og gl\u00e6de ved Eukaristien, gennem hvilket Han har vist jer hvad det betyder at elske uden forbehold; det fornyer jeres gl\u00e6de over at Han har efterladt jer Hans legeme og blod s\u00e5 I kan modtage Ham selv som jeres f\u00f8de &#8211; og p\u00e5 den m\u00e5de blive \u00c3\u00a9t med jer. N\u00e5r jeg ser p\u00e5 jer med \u00f8mhed f\u00f8ler jeg en um\u00e5delig k\u00e6rlighed som styrker mig i mit \u00f8nske om at bringe jer til en st\u00e6rk tro. En st\u00e6rk tro giver jer gl\u00e6de og lykke p\u00e5 jorden og til sidst m\u00f8det med min S\u00f8n. Det er Hans \u00f8nske. Derfor, lev Ham, lev k\u00e6rligheden, lev lyset som altid oplyser jer i Eukaristien. Jeg b\u00f8nfalder jer, at bede meget for jeres hyrder, at bede s\u00e5 I f\u00e5r endnu mere k\u00e6rlighed til dem fordi min S\u00f8n gav dem til jer for at de skulle give jer Hans legeme som f\u00f8de og l\u00e6re jer k\u00e6rlighed. Derfor, skal I ogs\u00e5 elske dem. Men, mine b\u00f8rn, husk, k\u00e6rlighed betyder at udholde og give, og aldrig, nogensinde at d\u00f8mme. Tak!&#8221;<\/p>\n\n\n\n<p><strong>Budskab til Marija d. 25. juni 2015:<\/strong><\/p>\n\n\n\n<p>&#8220;K\u00e6re b\u00f8rn; ogs\u00e5 I dag \u00f8nsker jeg at kalde jer til b\u00f8n for mine hyrder i kirken. Bed, k\u00e6re b\u00f8rn, at de m\u00e5 acceptere mig, at de m\u00e5 acceptere mine budskaber, og at de lever mine budskaber &#8211; at de bliver b\u00e6rere af mine budskaber i denne tr\u00e6tte verden. K\u00e6re b\u00f8rn, m\u00e5 de, styrket af Hellig\u00e5nden, st\u00e6rke i troen, blive b\u00e6rere af Det Nye Testamente og evangeliseringen i familien. Bed, k\u00e6re b\u00f8rn, for mine hyrder, og v\u00e6r udholdende i b\u00f8nnen. Tak, ogs\u00e5 i dag, for at have svaret p\u00e5 mit kald!&#8221;<\/p>\n\n\n\n<p><strong>Budskab til Mirjana d. 2. juni 2015:<\/strong><\/p>\n\n\n\n<p>&#8220;K\u00e6re b\u00f8rn. Jeg \u00f8nsker at arbejde gennem jer, mine b\u00f8rn, mine apostle, s\u00e5ledes at Jeg til sidst m\u00e5 kunne samle alle mine b\u00f8rn der, hvor alt er forberedt for jeres lykke. Jeg beder for jer, at I, gennem jeres arbejde omvender andre, fordi tiden er kommet for sandhedens gerninger, for min S\u00f8n. Min k\u00e6rlighed vil arbejde i jer, Jeg vil g\u00f8r brug af jer. Hav tillid til mig, fordi alt hvad Jeg \u00f8nsker, \u00f8nsker Jeg for jeres gode, det evige gode, som skabtes af den Himmelske Fader. I, mine b\u00f8rn, mine apostle, lever et jordisk liv i forening med de af mine b\u00f8rn, som ikke har l\u00e6rt min S\u00f8ns k\u00e6rlighed at kende, som ikke kalder mig &#8220;moder,&#8221; men v\u00e6r ikke bange for at vidne om sandheden. Hvis I ikke er bange og vidner modigt, vil sandheden vinde mirakul\u00f8st, men husk, styrken er i k\u00e6rligheden. Mine b\u00f8rn, k\u00e6rlighed er omvendelse, tilgivelse, b\u00f8n, ofre og barmhjertighed. Hvis I ved hvordan I skal elske, vil I gennem jeres arbejde omvende andre, I vil g\u00f8re det muligt for min S\u00f8ns lys at tr\u00e6nge ind i sj\u00e6lene. Tak!&#8221;<\/p>\n\n\n\n<p>Bed for jeres hyrder. De tilh\u00f8rer min S\u00f8n. Han har kaldet dem. Bed at de altid m\u00e5 have styrken og modet til at skinne med min S\u00f8ns lys<\/p>\n\n\n\n<p><strong>Budskab til Marija d. 25. maj 2015:<\/strong><\/p>\n\n\n\n<p>&#8220;K\u00e6re b\u00f8rn! Ogs\u00e5 i dag er jeg med jer og med gl\u00e6de kalder jeg p\u00e5 jer alle: bed og tro p\u00e5 b\u00f8nnens kraft. \u00e5ben jeres hjerter, sm\u00e5 b\u00f8rn, s\u00e5 Gud m\u00e5 fylde jer med Hans k\u00e6rlighed og I vil blive en gl\u00e6de for andre. Jeres vidnesbyrd vil blive st\u00e6rkt og alt hvad I g\u00f8r vil v\u00e6re sammenv\u00e6vet med Guds godhed. Jeg er med jer og jeg beder for jer og jeres omvendelse indtil I s\u00e6tter Gud p\u00e5 f\u00f8rstepladsen. Tak fordi I har svaret p\u00e5 mit kald!&#8221;<\/p>\n\n\n\n<p><strong>Budskab til Mirjana d. 2. maj 2015:<\/strong><\/p>\n\n\n\n<p>&#8220;K\u00e6re b\u00f8rn, \u00e5ben jeres hjerter og pr\u00f8v at m\u00e6rke hvor meget jeg elsker jer og hvor meget jeg \u00f8nsker for jer at I elsker min S\u00f8n. Jeg \u00f8nsker for jer at I l\u00e6rer Ham endnu mere at kende, for det er umuligt at kende Ham uden at elske Ham &#8211; fordi Han er k\u00e6rlighed. Jeg, mine b\u00f8rn, kender jer. Jeg kender jeres smerter og lidelser fordi jeg har selv gennemlevet dem. Jeg ler med jer i jeres gl\u00e6der og jeg gr\u00e6der med jer i jeres smerter. Jeg vil aldrig forlade jer. Jeg vil altid tale til jer med moderlig \u00f8mhed. Og jeg, som en moder, beh\u00f8ver jeres \u00e5bne hjerter til at sprede min S\u00f8ns k\u00e6rlighed med visdom og enkelhed. Jeg beh\u00f8ver jeres \u00e5benhed og jeres f\u00f8lsomhed overfor det gode og barmhjertige. Jeg beh\u00f8ver jer til at v\u00e6re forenet med min S\u00f8n, fordi jeg \u00f8nsker for jer at I skal v\u00e6re lykkelige og hj\u00e6lpe mig med at bringe lykke til alle mine b\u00f8rn. Mine apostle, jeg beh\u00f8ver jer til at vise enhver sandheden om Gud, s\u00e5 at mit hjerte, som led og i dag lider s\u00e5 megen smerte, kan vinde i k\u00e6rlighed. Bed for jeres hyrders hellighed, at de i min S\u00f8ns navn udvirker mirakler, fordi hellighed udvirker mirakler. Tak!&#8221;<\/p>\n\n\n\n<p><strong>Budskab til Marija d. 25. april 2015:<\/strong><\/p>\n\n\n\n<p>&#8220;K\u00e6re b\u00f8rn! Jeg er med jer ogs\u00e5 i dag for at lede jer til frelsen. Jeres sj\u00e6le er urolige fordi jeres \u00e5nd er svag og tr\u00e6t af verdslige g\u00f8rem\u00e5l. I, sm\u00e5 b\u00f8rn, bed til Hellig\u00e5nden at Han m\u00e5 forvandle jer og fylde jer med Hans styrke af tro og h\u00e5b, s\u00e5 at I m\u00e5 v\u00e6re faste i denne kamp mod ondskaben. Jeg er med jer og beder for jer alle foran min S\u00f8n Jesus. Tak fordi I har svaret p\u00e5 mit kald!&#8221;<\/p>\n\n\n\n<p><strong>Budskab til Mirjana d. 2. april 2015:<\/strong><\/p>\n\n\n\n<p>&#8220;K\u00e6re b\u00f8rn. Jeg har udvalgt jer, mine apostle, fordi enhver af jer b\u00e6rer noget smukt inden i jer. I kan hj\u00e6lpe mig ved at have den k\u00e6rlighed, for hvilken min S\u00f8n d\u00f8de og derefter Opstod, at den k\u00e6rlighed vinder p\u00e5 ny. Derfor kalder jeg jer, mine apostle, at I fors\u00f8ger at se noget godt i enhver af Guds skabninger, i alle mine b\u00f8rn, og at I pr\u00f8ver at forst\u00e5 dem. Mine b\u00f8rn, I er alle br\u00f8dre og s\u00f8stre gennem den samme Hellig\u00e5nd. I, fyldt med k\u00e6rlighed til min S\u00f8n, kan tale om hvad I ved til alle dem som endnu ikke kender den k\u00e6rlighed. I har l\u00e6rt min S\u00f8ns k\u00e6rlighed at kende, I har fattet Hans opstandelse og med gl\u00e6de retter I jeres blik imod Ham. Mit moderlige \u00f8nske er for alle mine b\u00f8rn at vore forenet i k\u00e6rlighed til Jesus. Jeg kalder jer derfor, mine apostle, til at leve Eukaristien med gl\u00e6de, for I Eukaristien giver min S\u00f8n sig selv til jer p\u00e5 ny og med Hans eksempel vises k\u00e6rlighed og offer til ens n\u00e6ste. Tak!&#8221;<\/p>\n\n\n\n<p><strong>Budskab til Marija d. 25. marts 2015:<\/strong><\/p>\n\n\n\n<p>&#8220;Mine k\u00e6re b\u00f8rn! Igen i dag tillader den allerh\u00f8jeste mig at v\u00e6re sammen med jer og lede jer p\u00e5 vej mod omvendelsen. Mange hjerter har lukket sig for n\u00e5den og er blevet d\u00f8ve for mine opfordringer. I , mine k\u00e6re b\u00f8rn, skal bede og k\u00e6mpe mod fristelserne og alle de onde planer, som dj\u00e6velen tilbyder jer gennem modernismen. V\u00e6r st\u00e6rke i b\u00f8nnen og bed med korset i h\u00e6nderne, om at det onde ikke m\u00e5 benytte jer og sejre i jer. Jeg er hos jer og beder for jer. Tak, fordi I har svaret p\u00e5 mit kald!&#8221;<\/p>\n\n\n\n<p><strong>Budskab til Mirjana d. 18. marts 2015:<\/strong><\/p>\n\n\n\n<p>&#8220;K\u00e6re b\u00f8rn! Af hele mit hjerte beder jeg jer, b\u00f8nfalder jeg jer, b\u00f8rn: rens jeres hjerter fra synd og opl\u00f8ft dem til Gud og til evigt liv. Jeg b\u00f8nfalder jer: v\u00e6r p\u00e5 vagt og \u00e5bne for sandheden. Tillad ikke, at alt det, der er jordisk, afholder jer fra den sande erkendelse af tilfredsheden i f\u00e6llesskabet med min S\u00f8n. Jeg leder jer ad vejen til den sande visdom, for kun med sand visdom vil I l\u00e6re den sande fred og det sande gode at kende. Spild ikke tiden p\u00e5 at bede om tegn fra den Himmelske Fader, for han har allerede givet jer det st\u00f8rste tegn af alle, nemlig min S\u00f8n. Derfor, mine b\u00f8rn, bed, s\u00e5 at Hellig\u00e5nden kan f\u00f8re jer til sandheden, kan l\u00e6re jer at erfare den, og at gennem kendskabet til sandheden at I m\u00e5 v\u00e6re eet med den Himmelske Fader og min S\u00f8n. Det er den erkendelse som giver lykke her p\u00e5 jorden og \u00e5bner d\u00f8ren til evigt liv og uendelig k\u00e6rlighed. Tak!&#8221;<\/p>\n\n\n\n<p><strong>Budskab til Mirjana d. 2. marts 2015:<\/strong><\/p>\n\n\n\n<p>&#8220;K\u00e6re b\u00f8rn. I er min styrke. I, mine apostle, som med jeres k\u00e6rlighed, ydmyghed og b\u00f8nnens stilhed g\u00f8r det muligt at l\u00e6re min S\u00f8n at kende. I lever i mig. I b\u00e6rer mig i hjertet. I ved, at I har en moder, som elsker jer og som er kommet for at bringe k\u00e6rlighed. Jeg ser jer gennem den Himmelske Fader &#8211; jeres tanker, jeres smerte, jeres lidelser &#8211; og jeg giver dem til min S\u00f8n. V\u00e6r ikke bange, og mist ikke h\u00e5bet, for min S\u00f8n lytter til sin mor. Siden Han blev f\u00f8dt elsker Han og l\u00e6nges efter, at alle min b\u00f8rn skal l\u00e6re den k\u00e6rlighed at kende. Jeg \u00f8nsker, at alle, som har forladt Ham p\u00e5 grund af deres smerte og misforst\u00e5elser, m\u00e5 vende tilbage til Ham, og at alle, der aldrig har kendt Ham, m\u00e5 l\u00e6re Ham at kende. Det er derfor, I er her, mine apostle, og jeg er hos jer som jeres mor. Bed for udholdenhed i troen, for k\u00e6rlighed og barmhjertighed kommer af fast tro. Gennem k\u00e6rlighed og barmhjertighed vil I hj\u00e6lpe alle de, som ikke er opm\u00e6rksomme p\u00e5, at de v\u00e6lger m\u00f8rket i stedet for lyset. Bed for jeres hyrder, for de er styrken i Kirken, som min S\u00f8n efterlod jer. Gennem min S\u00f8n er de hyrder for sj\u00e6lene. Tak!<\/p>\n\n\n\n<p><strong>Budskab til Marija d. 25. februar 2015:<\/strong><\/p>\n\n\n\n<p>&#8220;Mine k\u00e6re b\u00f8rn! I denne n\u00e5dens tid opfordrer jeg jer alle til at bede mere og tale mindre. S\u00f8g Guds vilje i b\u00f8nnen og lev efter Hans bud, s\u00e5dan som Gud opfordrer jer til. Jeg er med jer og beder for jer. Tak, fordi I har svaret p\u00e5 mit kald!&#8221;<\/p>\n\n\n\n<p><strong>Budskab til Mirjana d. 2. februar 2015:<\/strong><\/p>\n\n\n\n<p>&#8220;K\u00e6re b\u00f8rn! Jeg er her, jeg er blandt jer. Jeg kigger p\u00e5 jer, og smiler til jer, og jeg elsker jer p\u00e5 den m\u00e5de kun en mor kan. Gennem Hellig\u00e5nden som kommer til jer gennem min renhed, ser jeg jeres hjerter og jeg fremb\u00e6rer dem for min S\u00f8n. Allerede for lang tid siden, har jeg bedt jer om at v\u00e6re mine apostle, at bede for dem som endnu ikke har l\u00e6rt Guds k\u00e6rlighed at kende. Jeg beder jer om b\u00f8n\u00c2&nbsp;sagt i k\u00e6rlighed, b\u00f8n der f\u00f8rer gerninger og ofre med sig. Spild ikke tiden p\u00e5 at sp\u00f8rge, om I er v\u00e6rdige til at v\u00e6re mine apostle. Den Himmelske Fader vil d\u00f8mme enhver; og I, elsk Ham og lyt til Ham. Jeg ved at alt dette forvirrer jer, selv min tilstedev\u00e6relse blandt jer, men accepter det med gl\u00e6de og b\u00f8n, s\u00e5 I m\u00e5 forst\u00e5, at I er v\u00e6rdig til at arbejde for Himlen. Min k\u00e6rlighed er over jer. Bed om, at min k\u00e6rlighed m\u00e5 sejre i alle hjerter, for det er k\u00e6rligheden, der tilgiver, giver og aldrig stopper. Tak!&#8221;<\/p>\n\n\n\n<p><strong>Budskab til Marija d. 25. januar 2015:<\/strong><\/p>\n\n\n\n<p>&#8220;Mine k\u00e6re b\u00f8rn! Ogs\u00e5 i dag opfordrer jeg jer: Lev jeres kald i b\u00f8n. Nu, som aldrig f\u00f8r, \u00f8nsker Satan at kv\u00e6le mennesket og dets sj\u00e6l med sin smittende vind af had og ufred. I mange hjerter er der ingen gl\u00e6de, fordi der hverken findes Gud eller b\u00f8n. Hadet og krigen vokser fra dag til dag. Mine k\u00e6re b\u00f8rn, jeg opfordrer jer p\u00e5 ny til med begejstring at vandre i hellighed og k\u00e6rlighed, for derfor er jeg kommet til jer. Lad os sammen v\u00e6re k\u00e6rlighed og tilgivelse for alle dem der kun kender til og elsker med menneskelige k\u00e6rlighed og ikke Guds uendelige k\u00e6rlighed, som Gud kalder jer til. Mine k\u00e6re b\u00f8rn, m\u00e5tte h\u00e5bet om en bedre morgendag altid leve i jeres hjerte. Tak, fordi I har svaret p\u00e5 mit kald!&#8221;<\/p>\n\n\n\n<p><strong>Budskab til Mirjana d. 2. januar 2015:<\/strong><\/p>\n\n\n\n<p>&#8220;K\u00e6re b\u00f8rn! Jeg er her blandt jer som en moder, der \u00f8nsker at hj\u00e6lpe jer med at l\u00e6re sandheden at kende. Mens jeg, som jer, levede p\u00e5 jorden, kendte jeg sandheden, og alene herigennem, et stykke af Himlen p\u00e5 jorden. Det er derfor jeg \u00f8nsker det samme for jer, mine b\u00f8rn. Den Himmelske Fader \u00f8nsker rene hjerter fulde af kendskab til sandheden. Han \u00f8nsker, at I elsker alle som I m\u00f8der p\u00e5 jeres vej, for jeg elsker min S\u00f8n I jer alle. Dette er begyndelsen til at l\u00e6re sandheden at kende. Mange falske sandheder tilbydes jer. I vil overvinde dem alle med et hjerte renset af faste, b\u00f8n, bod og Evangeliet. Det er den eneste sandhed, den sandhed min S\u00f8n efterlod jer. I beh\u00f8ver ikke at lede l\u00e6nge efter den. Hvad I bedes om, som jeg altid har gjort, er, at elske og at give. Mine b\u00f8rn, hvis I elsker, vil jeres hjerte blive min S\u00f8ns og min bolig, og min S\u00f8ns ord vil v\u00e6re det ledende lys i jeres liv. Mine b\u00f8rn, jeg vil g\u00f8re brug af jer, k\u00e6rlighedens apostle, til at hj\u00e6lpe alle mine b\u00f8rn med at l\u00e6re sandheden at kende. Mine b\u00f8rn, jeg har altid bedt for min S\u00f8ns Kirke, og s\u00e5ledes beder jeg jer om at g\u00f8re det samme. Bed for at jeres hyrder m\u00e5 komme til at lyse op med min S\u00f8ns k\u00e6rlighed.Tak!&#8221;<\/p>\n","protected":false},"excerpt":{"rendered":"<p>Julebudskab til Marija d. 25. december 2015: &#8220;K\u00e6re b\u00f8rn! Ogs\u00e5 i dag b\u00e6rer jeg min S\u00f8n, Jesus, frem for jer, og fra denne omfavnelse giver jeg jer Hans fred og en l\u00e6ngsel efter Himlen. Jeg beder med jer om fred, og jeg kalder jer til at v\u00e6re fred. Jeg velsigner jer alle med min moderlige &hellip;<\/p>\n","protected":false},"author":1,"featured_media":0,"parent":0,"menu_order":0,"comment_status":"closed","ping_status":"closed","template":"","meta":{"footnotes":""},"class_list":["post-62","page","type-page","status-publish","hentry"],"_links":{"self":[{"href":"https:\/\/st.jacob.peberholm.dk\/index.php?rest_route=\/wp\/v2\/pages\/62","targetHints":{"allow":["GET"]}}],"collection":[{"href":"https:\/\/st.jacob.peberholm.dk\/index.php?rest_route=\/wp\/v2\/pages"}],"about":[{"href":"https:\/\/st.jacob.peberholm.dk\/index.php?rest_route=\/wp\/v2\/types\/page"}],"author":[{"embeddable":true,"href":"https:\/\/st.jacob.peberholm.dk\/index.php?rest_route=\/wp\/v2\/users\/1"}],"replies":[{"embeddable":true,"href":"https:\/\/st.jacob.peberholm.dk\/index.php?rest_route=%2Fwp%2Fv2%2Fcomments&post=62"}],"version-history":[{"count":3,"href":"https:\/\/st.jacob.peberholm.dk\/index.php?rest_route=\/wp\/v2\/pages\/62\/revisions"}],"predecessor-version":[{"id":182,"href":"https:\/\/st.jacob.peberholm.dk\/index.php?rest_route=\/wp\/v2\/pages\/62\/revisions\/182"}],"wp:attachment":[{"href":"https:\/\/st.jacob.peberholm.dk\/index.php?rest_route=%2Fwp%2Fv2%2Fmedia&parent=62"}],"curies":[{"name":"wp","href":"https:\/\/api.w.org\/{rel}","templated":true}]}}